{"id":6896,"date":"2025-06-05T05:33:05","date_gmt":"2025-06-05T05:33:05","guid":{"rendered":"https:\/\/vsbtu.possodo.ch\/page-daccueil\/"},"modified":"2026-01-14T22:31:07","modified_gmt":"2026-01-14T22:31:07","slug":"page-daccueil","status":"publish","type":"page","link":"https:\/\/vsbtu.possodo.ch\/fr\/","title":{"rendered":"Page d\u2019accueil"},"content":{"rendered":"\t\t<div data-elementor-type=\"wp-page\" data-elementor-id=\"6896\" class=\"elementor elementor-6896 elementor-826\">\n\t\t\t\t<div class=\"elementor-element elementor-element-248da93 e-con-full e-flex e-con e-parent\" data-id=\"248da93\" data-element_type=\"container\">\n\t\t\t\t<div class=\"elementor-element elementor-element-116513a elementor-widget elementor-widget-th_hero_slider_10\" data-id=\"116513a\" data-element_type=\"widget\" data-widget_type=\"th_hero_slider_10.default\">\n\t\t\t\t<div class=\"elementor-widget-container\">\n\t\t\t\t\t\r\n\r\r\n        <div class=\"th-hero-wrapper hero-10 bg-smoke2\" id=\"hero\">\r\r\n            <div class=\"swiper th-slider hero-slider10\" id=\"heroSlide10\" data-slider-options='{\"effect\":\"fade\",\"loop\":false,\"autoHeight\":true}'>\r\r\n                <div class=\"swiper-wrapper\">\r\r\n\r\r\n                \r\n                    <div class=\"swiper-slide\">\r\r\n                        <div class=\"th-hero-bg\" \r\r\n                             data-bg-src=\"https:\/\/vsbtu.possodo.ch\/wp-content\/uploads\/2025\/09\/1234.jpg\" \r\r\n                             data-mask-src=\"https:\/\/vsbtu.possodo.ch\/wp-content\/uploads\/2025\/06\/hero_10_bg_mask-20250625-070227.png\">\r\r\n                            \r\n                                <img decoding=\"async\" src=\"https:\/\/vsbtu.possodo.ch\/wp-content\/uploads\/2025\/06\/hero_bg_overlay10_1.png\" alt=\"Overlay\">\r\r\n                            \r\n                        <\/div>\r\r\n                        <div class=\"container\">\r\r\n                            <div class=\"hero-inner\">\r\r\n                                <div class=\"row justify-content-center\">\r\r\n                                    <div class=\"col-xl-10\">\r\r\n                                        <div class=\"hero-style10 text-center\">\r\r\n                                            <span class=\"hero-sub-title text-theme\" data-ani=\"slideinup\" data-ani-delay=\"0.3s\">\r\r\n                                                \r\n                                            <\/span>\r\r\n                                            <h1 class=\"hero-title text-white\">\r\r\n                                                <span class=\"title1\" data-ani=\"slideinup\" data-ani-delay=\"0.4s\">\r\r\n                                                    Un travail de qualit\u00e9 pour nos chemins de fer\r\n                                                <\/span>\r\r\n                                            <\/h1>\r\r\n                                            \r\n                                        <\/div>\r\r\n                                    <\/div>\r\r\n                                <\/div>\r\r\n                            <\/div>\r\r\n                        <\/div>\r\r\n                    <\/div>\r\r\n                \r\n                    <div class=\"swiper-slide\">\r\r\n                        <div class=\"th-hero-bg\" \r\r\n                             data-bg-src=\"https:\/\/vsbtu.possodo.ch\/wp-content\/uploads\/2025\/09\/12345.jpg\" \r\r\n                             data-mask-src=\"https:\/\/vsbtu.possodo.ch\/wp-content\/uploads\/2025\/06\/hero_10_bg_mask-20250625-070227.png\">\r\r\n                            \r\n                                <img decoding=\"async\" src=\"https:\/\/vsbtu.possodo.ch\/wp-content\/uploads\/2025\/06\/hero_bg_overlay10_1.png\" alt=\"Overlay\">\r\r\n                            \r\n                        <\/div>\r\r\n                        <div class=\"container\">\r\r\n                            <div class=\"hero-inner\">\r\r\n                                <div class=\"row justify-content-center\">\r\r\n                                    <div class=\"col-xl-10\">\r\r\n                                        <div class=\"hero-style10 text-center\">\r\r\n                                            <span class=\"hero-sub-title text-theme\" data-ani=\"slideinup\" data-ani-delay=\"0.3s\">\r\r\n                                                \r\n                                            <\/span>\r\r\n                                            <h1 class=\"hero-title text-white\">\r\r\n                                                <span class=\"title1\" data-ani=\"slideinup\" data-ani-delay=\"0.4s\">\r\r\n                                                    Jour et nuit pour la construction des voies ferr\u00e9es\r\n                                                <\/span>\r\r\n                                            <\/h1>\r\r\n                                            \r\n                                        <\/div>\r\r\n                                    <\/div>\r\r\n                                <\/div>\r\r\n                            <\/div>\r\r\n                        <\/div>\r\r\n                    <\/div>\r\r\n                \r\n\r\r\n                <\/div>\r\r\n            <\/div>\r\r\n            <div class=\"hero-bottom-wrap\">\r\r\n                <div class=\"about-tag\">\r\r\n                    <div class=\"about-experience-tag\">\r\r\n                        <span class=\"circle-title-anime\"><\/span>\r\r\n                    <\/div>\r\r\n                    <div class=\"about-tag-thumb scroll-down\">\r\r\n                        <a href=\"#\" class=\"hero-scroll-wrap\"><\/a>\r\r\n                    <\/div>\r\r\n                <\/div>\r\r\n            <\/div>\r\r\n        <\/div>\r\r\n\r\r\n    \t\t\t\t<\/div>\n\t\t\t\t<\/div>\n\t\t\t\t<\/div>\n\t\t<div class=\"elementor-element elementor-element-73c345f e-flex e-con-boxed e-con e-parent\" data-id=\"73c345f\" data-element_type=\"container\" data-settings=\"{&quot;background_background&quot;:&quot;classic&quot;}\">\n\t\t\t\t\t<div class=\"e-con-inner\">\n\t\t\t\t<div class=\"elementor-element elementor-element-5c08540 elementor-widget elementor-widget-realarcounterup\" data-id=\"5c08540\" data-element_type=\"widget\" data-widget_type=\"realarcounterup.default\">\n\t\t\t\t<div class=\"elementor-widget-container\">\n\t\t\t\t\t<div class=\"counter-card-wrap space\"><div class=\"counter-card\"><div class=\"media-body\"><h2 class=\"box-number\"><span class=\"counter-number num\">600<\/span>+<\/h2><p class=\"box-text desc\">Des millions de revenus annuels<\/p><\/div><\/div><div class=\"counter-card\"><div class=\"media-body\"><h2 class=\"box-number\"><span class=\"counter-number num\">5000<\/span>+<\/h2><p class=\"box-text desc\">Employ\u00e9s<\/p><\/div><\/div><div class=\"counter-card\"><div class=\"media-body\"><h2 class=\"box-number\"><span class=\"counter-number num\">300<\/span>+<\/h2><p class=\"box-text desc\">Projets par an<\/p><\/div><\/div><div class=\"counter-card\"><div class=\"media-body\"><h2 class=\"box-number\"><span class=\"counter-number num\">25<\/span><\/h2><p class=\"box-text desc\">Membres<\/p><\/div><\/div><\/div>\t\t\t\t<\/div>\n\t\t\t\t<\/div>\n\t\t\t\t\t<\/div>\n\t\t\t\t<\/div>\n\t\t<div class=\"elementor-element elementor-element-87c9652 e-con-full e-flex e-con e-parent\" data-id=\"87c9652\" data-element_type=\"container\" id=\"about-sec\" data-settings=\"{&quot;background_background&quot;:&quot;classic&quot;}\">\n\t\t<div class=\"elementor-element elementor-element-937dd2b e-flex e-con-boxed e-con e-child\" data-id=\"937dd2b\" data-element_type=\"container\">\n\t\t\t\t\t<div class=\"e-con-inner\">\n\t\t<div class=\"elementor-element elementor-element-73a314c e-con-full e-flex e-con e-child\" data-id=\"73a314c\" data-element_type=\"container\">\n\t\t\t\t<div class=\"elementor-element elementor-element-edc5e81 elementor-widget elementor-widget-realarimage\" data-id=\"edc5e81\" data-element_type=\"widget\" data-widget_type=\"realarimage.default\">\n\t\t\t\t<div class=\"elementor-widget-container\">\n\t\t\t\t\t<div class=\"img-box10\"><div class=\"img1\"><img decoding=\"async\" src=\"https:\/\/vsbtu.possodo.ch\/wp-content\/uploads\/2025\/09\/home-1.png\" alt=\"home 1\"  \/><\/div><div class=\"img2\"><img decoding=\"async\" src=\"https:\/\/vsbtu.possodo.ch\/wp-content\/uploads\/2025\/09\/home-3-e1759181753793.png\" alt=\"home 3 e1759181753793\"  \/><\/div><div class=\"img3\"><img decoding=\"async\" src=\"https:\/\/vsbtu.possodo.ch\/wp-content\/uploads\/2025\/09\/home-2-e1759181770593.png\" alt=\"home 2 e1759181770593\"  \/><\/div><div class=\"about-tag\"><\/div><\/div>\t\t\t\t<\/div>\n\t\t\t\t<\/div>\n\t\t\t\t<\/div>\n\t\t<div class=\"elementor-element elementor-element-edc3cee e-con-full e-flex e-con e-child\" data-id=\"edc3cee\" data-element_type=\"container\">\n\t\t\t\t<div class=\"elementor-element elementor-element-bfa90d7 elementor-widget__width-initial elementor-widget elementor-widget-realarsectiontitle\" data-id=\"bfa90d7\" data-element_type=\"widget\" data-widget_type=\"realarsectiontitle.default\">\n\t\t\t\t<div class=\"elementor-widget-container\">\n\t\t\t\t\t\t\t<div class=\"title-area text-left  mb-32\">\r\n\t\t\t<span class=\"sub-title3 common-title sub-title\">\u00c0 propos de nous<\/span><h4 class=\"sec-title \">Entreprises suisses responsables<\/h4><p class=\"sec-text\">Nos entreprises membres sont bas\u00e9es en Suisse, solidement implant\u00e9es dans leur secteur et contribuent \u00e0 la cr\u00e9ation d'emplois qualifi\u00e9s dans le pays.\n\nLa VSBTU s'engage \u00e0\u00a0:<\/p>\t\t<\/div>\r\n\r\n\t\t\t\t\t<\/div>\n\t\t\t\t<\/div>\n\t\t<div class=\"elementor-element elementor-element-7d53330 e-con-full e-flex e-con e-child\" data-id=\"7d53330\" data-element_type=\"container\">\n\t\t\t\t<div class=\"elementor-element elementor-element-8d8e9d3 elementor-list-item-link-full_width elementor-widget elementor-widget-icon-list\" data-id=\"8d8e9d3\" data-element_type=\"widget\" data-widget_type=\"icon-list.default\">\n\t\t\t\t\t\t\t<ul class=\"elementor-icon-list-items\">\n\t\t\t\t\t\t\t<li class=\"elementor-icon-list-item\">\n\t\t\t\t\t\t\t\t\t\t<span class=\"elementor-icon-list-text\">\u2022 Concertation au sein de la branche ferroviaire suisse<\/span>\n\t\t\t\t\t\t\t\t\t<\/li>\n\t\t\t\t\t\t\t\t<li class=\"elementor-icon-list-item\">\n\t\t\t\t\t\t\t\t\t\t<span class=\"elementor-icon-list-text\">\u2022 Participation active et prospective \u00e0 l\u2019\u00e9volution de la branche<\/span>\n\t\t\t\t\t\t\t\t\t<\/li>\n\t\t\t\t\t\t\t\t<li class=\"elementor-icon-list-item\">\n\t\t\t\t\t\t\t\t\t\t<span class=\"elementor-icon-list-text\">\u2022 La s\u00e9curit\u00e9 comme priorit\u00e9 absolue<\/span>\n\t\t\t\t\t\t\t\t\t<\/li>\n\t\t\t\t\t\t\t\t<li class=\"elementor-icon-list-item\">\n\t\t\t\t\t\t\t\t\t\t<span class=\"elementor-icon-list-text\">\u2022 Qualit\u00e9 et normes<\/span>\n\t\t\t\t\t\t\t\t\t<\/li>\n\t\t\t\t\t\t\t\t<li class=\"elementor-icon-list-item\">\n\t\t\t\t\t\t\t\t\t\t<span class=\"elementor-icon-list-text\">\u2022 Concurrence de qualit\u00e9 \u00e9quitable et durable<\/span>\n\t\t\t\t\t\t\t\t\t<\/li>\n\t\t\t\t\t\t<\/ul>\n\t\t\t\t\t\t<\/div>\n\t\t\t\t<\/div>\n\t\t\t\t<div class=\"elementor-element elementor-element-61bf8a1 elementor-widget elementor-widget-realarbutton\" data-id=\"61bf8a1\" data-element_type=\"widget\" data-widget_type=\"realarbutton.default\">\n\t\t\t\t<div class=\"elementor-widget-container\">\n\t\t\t\t\t<div class=\"btn-wrapper\"><a class=\"th-btn th_btn th-btn-icon \" href=\"\/ueber-uns\/\">En savoir plus<\/a><\/div>\t\t\t\t<\/div>\n\t\t\t\t<\/div>\n\t\t\t\t<\/div>\n\t\t\t\t\t<\/div>\n\t\t\t\t<\/div>\n\t\t\t\t<\/div>\n\t\t<div class=\"elementor-element elementor-element-f843280 e-con-full e-flex e-con e-parent\" data-id=\"f843280\" data-element_type=\"container\" data-settings=\"{&quot;background_background&quot;:&quot;classic&quot;}\">\n\t\t\t\t<\/div>\n\t\t\t\t<\/div>\n\t\t","protected":false},"excerpt":{"rendered":"<p>Un travail de qualit\u00e9 pour nos chemins de fer Jour et nuit pour la construction des voies ferr\u00e9es 600+ Des millions de revenus annuels 5000+ Employ\u00e9s 300+ Projets par an 25 Membres \u00c0 propos de nous Entreprises suisses responsables Nos entreprises membres sont bas\u00e9es en Suisse, solidement implant\u00e9es dans leur secteur et contribuent \u00e0 la&#8230;<\/p>\n","protected":false},"author":1,"featured_media":0,"parent":0,"menu_order":0,"comment_status":"closed","ping_status":"closed","template":"template-builder.php","meta":{"footnotes":""},"class_list":["post-6896","page","type-page","status-publish","hentry"],"_links":{"self":[{"href":"https:\/\/vsbtu.possodo.ch\/fr\/wp-json\/wp\/v2\/pages\/6896","targetHints":{"allow":["GET"]}}],"collection":[{"href":"https:\/\/vsbtu.possodo.ch\/fr\/wp-json\/wp\/v2\/pages"}],"about":[{"href":"https:\/\/vsbtu.possodo.ch\/fr\/wp-json\/wp\/v2\/types\/page"}],"author":[{"embeddable":true,"href":"https:\/\/vsbtu.possodo.ch\/fr\/wp-json\/wp\/v2\/users\/1"}],"replies":[{"embeddable":true,"href":"https:\/\/vsbtu.possodo.ch\/fr\/wp-json\/wp\/v2\/comments?post=6896"}],"version-history":[{"count":6,"href":"https:\/\/vsbtu.possodo.ch\/fr\/wp-json\/wp\/v2\/pages\/6896\/revisions"}],"predecessor-version":[{"id":6907,"href":"https:\/\/vsbtu.possodo.ch\/fr\/wp-json\/wp\/v2\/pages\/6896\/revisions\/6907"}],"wp:attachment":[{"href":"https:\/\/vsbtu.possodo.ch\/fr\/wp-json\/wp\/v2\/media?parent=6896"}],"curies":[{"name":"wp","href":"https:\/\/api.w.org\/{rel}","templated":true}]}}