{"id":6909,"date":"2025-12-02T22:14:28","date_gmt":"2025-12-02T22:14:28","guid":{"rendered":"https:\/\/vsbtu.possodo.ch\/telechargements\/"},"modified":"2026-01-15T09:26:56","modified_gmt":"2026-01-15T09:26:56","slug":"telechargements","status":"publish","type":"page","link":"https:\/\/vsbtu.possodo.ch\/fr\/telechargements\/","title":{"rendered":"T\u00e9l\u00e9chargements"},"content":{"rendered":"\t\t<div data-elementor-type=\"wp-page\" data-elementor-id=\"6909\" class=\"elementor elementor-6909 elementor-6186\">\n\t\t\t\t<div class=\"elementor-element elementor-element-668e59c e-con-full e-flex e-con e-parent\" data-id=\"668e59c\" data-element_type=\"container\" data-settings=\"{&quot;background_background&quot;:&quot;classic&quot;}\">\n\t\t<div class=\"elementor-element elementor-element-c439785 e-flex e-con-boxed e-con e-child\" data-id=\"c439785\" data-element_type=\"container\" data-settings=\"{&quot;background_background&quot;:&quot;classic&quot;}\">\n\t\t\t\t\t<div class=\"e-con-inner\">\n\t\t<div class=\"elementor-element elementor-element-19872b7 e-con-full e-flex e-con e-child\" data-id=\"19872b7\" data-element_type=\"container\">\n\t\t\t\t<div class=\"elementor-element elementor-element-5a63810 elementor-widget elementor-widget-realarsectiontitle\" data-id=\"5a63810\" data-element_type=\"widget\" data-widget_type=\"realarsectiontitle.default\">\n\t\t\t\t<div class=\"elementor-widget-container\">\n\t\t\t\t\t\t\t<div class=\"title-area text-left \">\r\n\t\t\t<h2 class=\"sec-title \">T\u00e9l\u00e9chargements<\/h2><p class=\"sec-text\">Vous trouverez ici des documents t\u00e9l\u00e9chargeables.<\/p>\t\t<\/div>\r\n\r\n\t\t\t\t\t<\/div>\n\t\t\t\t<\/div>\n\t\t<div class=\"elementor-element elementor-element-a31c543 e-con-full e-flex e-con e-child\" data-id=\"a31c543\" data-element_type=\"container\">\n\t\t<div class=\"elementor-element elementor-element-c6c78ef e-grid e-con-full e-con e-child\" data-id=\"c6c78ef\" data-element_type=\"container\">\n\t\t\t\t<div class=\"elementor-element elementor-element-35c2002 elementor-widget elementor-widget-image\" data-id=\"35c2002\" data-element_type=\"widget\" data-widget_type=\"image.default\">\n\t\t\t\t\t\t\t\t\t\t\t\t<figure class=\"wp-caption\">\n\t\t\t\t\t\t\t\t\t\t\t<a href=\"https:\/\/vsbtu.possodo.ch\/wp-content\/uploads\/2025\/12\/VSBTU_Statuten.pdf\" target=\"_blank\">\n\t\t\t\t\t\t\t<img fetchpriority=\"high\" decoding=\"async\" width=\"300\" height=\"260\" src=\"https:\/\/vsbtu.possodo.ch\/wp-content\/uploads\/2025\/12\/2080_R0lVIE5JQyA0MjMtMjc-Converted-300x260.webp\" class=\"attachment-medium size-medium wp-image-6908\" alt=\"\" srcset=\"https:\/\/vsbtu.possodo.ch\/wp-content\/uploads\/2025\/12\/2080_R0lVIE5JQyA0MjMtMjc-Converted-300x260.webp 300w, https:\/\/vsbtu.possodo.ch\/wp-content\/uploads\/2025\/12\/2080_R0lVIE5JQyA0MjMtMjc-Converted-1024x886.webp 1024w, https:\/\/vsbtu.possodo.ch\/wp-content\/uploads\/2025\/12\/2080_R0lVIE5JQyA0MjMtMjc-Converted-768x665.webp 768w, https:\/\/vsbtu.possodo.ch\/wp-content\/uploads\/2025\/12\/2080_R0lVIE5JQyA0MjMtMjc-Converted.webp 1314w\" sizes=\"(max-width: 300px) 100vw, 300px\" \/>\t\t\t\t\t\t\t\t<\/a>\n\t\t\t\t\t\t\t\t\t\t\t<figcaption class=\"widget-image-caption wp-caption-text\">Statuts de la VSBTU<\/figcaption>\n\t\t\t\t\t\t\t\t\t\t<\/figure>\n\t\t\t\t\t\t\t\t\t<\/div>\n\t\t\t\t<div class=\"elementor-element elementor-element-2a749b8 elementor-widget elementor-widget-image\" data-id=\"2a749b8\" data-element_type=\"widget\" data-widget_type=\"image.default\">\n\t\t\t\t\t\t\t\t\t\t\t\t<figure class=\"wp-caption\">\n\t\t\t\t\t\t\t\t\t\t\t<a href=\"https:\/\/vsbtu.possodo.ch\/wp-content\/uploads\/2025\/12\/Fragebogen-VSBTU-Beitrittsgesuch.pdf\" target=\"_blank\">\n\t\t\t\t\t\t\t<img fetchpriority=\"high\" decoding=\"async\" width=\"300\" height=\"260\" src=\"https:\/\/vsbtu.possodo.ch\/wp-content\/uploads\/2025\/12\/2080_R0lVIE5JQyA0MjMtMjc-Converted-300x260.webp\" class=\"attachment-medium size-medium wp-image-6908\" alt=\"\" srcset=\"https:\/\/vsbtu.possodo.ch\/wp-content\/uploads\/2025\/12\/2080_R0lVIE5JQyA0MjMtMjc-Converted-300x260.webp 300w, https:\/\/vsbtu.possodo.ch\/wp-content\/uploads\/2025\/12\/2080_R0lVIE5JQyA0MjMtMjc-Converted-1024x886.webp 1024w, https:\/\/vsbtu.possodo.ch\/wp-content\/uploads\/2025\/12\/2080_R0lVIE5JQyA0MjMtMjc-Converted-768x665.webp 768w, https:\/\/vsbtu.possodo.ch\/wp-content\/uploads\/2025\/12\/2080_R0lVIE5JQyA0MjMtMjc-Converted.webp 1314w\" sizes=\"(max-width: 300px) 100vw, 300px\" \/>\t\t\t\t\t\t\t\t<\/a>\n\t\t\t\t\t\t\t\t\t\t\t<figcaption class=\"widget-image-caption wp-caption-text\">Demande d\u2019adh\u00e9sion \u00e0 la VSBTU<\/figcaption>\n\t\t\t\t\t\t\t\t\t\t<\/figure>\n\t\t\t\t\t\t\t\t\t<\/div>\n\t\t\t\t<div class=\"elementor-element elementor-element-9a7fe0c elementor-widget elementor-widget-image\" data-id=\"9a7fe0c\" data-element_type=\"widget\" data-widget_type=\"image.default\">\n\t\t\t\t\t\t\t\t\t\t\t\t<figure class=\"wp-caption\">\n\t\t\t\t\t\t\t\t\t\t\t<a href=\"https:\/\/vsbtu.possodo.ch\/wp-content\/uploads\/2025\/12\/VSBTU-Merkblatt-Fahrzeug-Maschinen-Kombinationen-FzMK_De.pdf\" target=\"_blank\">\n\t\t\t\t\t\t\t<img fetchpriority=\"high\" decoding=\"async\" width=\"300\" height=\"260\" src=\"https:\/\/vsbtu.possodo.ch\/wp-content\/uploads\/2025\/12\/2080_R0lVIE5JQyA0MjMtMjc-Converted-300x260.webp\" class=\"attachment-medium size-medium wp-image-6908\" alt=\"\" srcset=\"https:\/\/vsbtu.possodo.ch\/wp-content\/uploads\/2025\/12\/2080_R0lVIE5JQyA0MjMtMjc-Converted-300x260.webp 300w, https:\/\/vsbtu.possodo.ch\/wp-content\/uploads\/2025\/12\/2080_R0lVIE5JQyA0MjMtMjc-Converted-1024x886.webp 1024w, https:\/\/vsbtu.possodo.ch\/wp-content\/uploads\/2025\/12\/2080_R0lVIE5JQyA0MjMtMjc-Converted-768x665.webp 768w, https:\/\/vsbtu.possodo.ch\/wp-content\/uploads\/2025\/12\/2080_R0lVIE5JQyA0MjMtMjc-Converted.webp 1314w\" sizes=\"(max-width: 300px) 100vw, 300px\" \/>\t\t\t\t\t\t\t\t<\/a>\n\t\t\t\t\t\t\t\t\t\t\t<figcaption class=\"widget-image-caption wp-caption-text\">Aide-m\u00e9moire VSBTU - Combinaisons v\u00e9hicule-machine - FzMK_DE<\/figcaption>\n\t\t\t\t\t\t\t\t\t\t<\/figure>\n\t\t\t\t\t\t\t\t\t<\/div>\n\t\t\t\t<div class=\"elementor-element elementor-element-81aff3a elementor-widget elementor-widget-image\" data-id=\"81aff3a\" data-element_type=\"widget\" data-widget_type=\"image.default\">\n\t\t\t\t\t\t\t\t\t\t\t\t<figure class=\"wp-caption\">\n\t\t\t\t\t\t\t\t\t\t\t<a href=\"https:\/\/vsbtu.possodo.ch\/wp-content\/uploads\/2026\/01\/VSBTU-Fiche-dinformation-combinaisons-vehicule-machine-FzMK_FR.pdf\" target=\"_blank\">\n\t\t\t\t\t\t\t<img fetchpriority=\"high\" decoding=\"async\" width=\"300\" height=\"260\" src=\"https:\/\/vsbtu.possodo.ch\/wp-content\/uploads\/2025\/12\/2080_R0lVIE5JQyA0MjMtMjc-Converted-300x260.webp\" class=\"attachment-medium size-medium wp-image-6908\" alt=\"\" srcset=\"https:\/\/vsbtu.possodo.ch\/wp-content\/uploads\/2025\/12\/2080_R0lVIE5JQyA0MjMtMjc-Converted-300x260.webp 300w, https:\/\/vsbtu.possodo.ch\/wp-content\/uploads\/2025\/12\/2080_R0lVIE5JQyA0MjMtMjc-Converted-1024x886.webp 1024w, https:\/\/vsbtu.possodo.ch\/wp-content\/uploads\/2025\/12\/2080_R0lVIE5JQyA0MjMtMjc-Converted-768x665.webp 768w, https:\/\/vsbtu.possodo.ch\/wp-content\/uploads\/2025\/12\/2080_R0lVIE5JQyA0MjMtMjc-Converted.webp 1314w\" sizes=\"(max-width: 300px) 100vw, 300px\" \/>\t\t\t\t\t\t\t\t<\/a>\n\t\t\t\t\t\t\t\t\t\t\t<figcaption class=\"widget-image-caption wp-caption-text\">VSBTU Fiche d'information combinaisons vehicule-machine FzMK_FR<\/figcaption>\n\t\t\t\t\t\t\t\t\t\t<\/figure>\n\t\t\t\t\t\t\t\t\t<\/div>\n\t\t\t\t<\/div>\n\t\t\t\t<\/div>\n\t\t\t\t<\/div>\n\t\t\t\t\t<\/div>\n\t\t\t\t<\/div>\n\t\t\t\t<\/div>\n\t\t\t\t<\/div>\n\t\t","protected":false},"excerpt":{"rendered":"<p>T\u00e9l\u00e9chargements Vous trouverez ici des documents t\u00e9l\u00e9chargeables. Statuts de la VSBTU Demande d\u2019adh\u00e9sion \u00e0 la VSBTU Aide-m\u00e9moire VSBTU &#8211; Combinaisons v\u00e9hicule-machine &#8211; FzMK_DE VSBTU Fiche d&#8217;information combinaisons vehicule-machine FzMK_FR<\/p>\n","protected":false},"author":1,"featured_media":0,"parent":0,"menu_order":0,"comment_status":"closed","ping_status":"closed","template":"template-builder.php","meta":{"footnotes":""},"class_list":["post-6909","page","type-page","status-publish","hentry"],"_links":{"self":[{"href":"https:\/\/vsbtu.possodo.ch\/fr\/wp-json\/wp\/v2\/pages\/6909","targetHints":{"allow":["GET"]}}],"collection":[{"href":"https:\/\/vsbtu.possodo.ch\/fr\/wp-json\/wp\/v2\/pages"}],"about":[{"href":"https:\/\/vsbtu.possodo.ch\/fr\/wp-json\/wp\/v2\/types\/page"}],"author":[{"embeddable":true,"href":"https:\/\/vsbtu.possodo.ch\/fr\/wp-json\/wp\/v2\/users\/1"}],"replies":[{"embeddable":true,"href":"https:\/\/vsbtu.possodo.ch\/fr\/wp-json\/wp\/v2\/comments?post=6909"}],"version-history":[{"count":4,"href":"https:\/\/vsbtu.possodo.ch\/fr\/wp-json\/wp\/v2\/pages\/6909\/revisions"}],"predecessor-version":[{"id":7209,"href":"https:\/\/vsbtu.possodo.ch\/fr\/wp-json\/wp\/v2\/pages\/6909\/revisions\/7209"}],"wp:attachment":[{"href":"https:\/\/vsbtu.possodo.ch\/fr\/wp-json\/wp\/v2\/media?parent=6909"}],"curies":[{"name":"wp","href":"https:\/\/api.w.org\/{rel}","templated":true}]}}