{"id":6914,"date":"2025-06-24T09:16:38","date_gmt":"2025-06-24T09:16:38","guid":{"rendered":"https:\/\/vsbtu.possodo.ch\/contact\/"},"modified":"2026-01-15T09:25:59","modified_gmt":"2026-01-15T09:25:59","slug":"contact","status":"publish","type":"page","link":"https:\/\/vsbtu.possodo.ch\/fr\/contact\/","title":{"rendered":"Contact"},"content":{"rendered":"\t\t<div data-elementor-type=\"wp-page\" data-elementor-id=\"6914\" class=\"elementor elementor-6914 elementor-2450\">\n\t\t\t\t<div class=\"elementor-element elementor-element-997e4b3 e-con-full e-flex e-con e-parent\" data-id=\"997e4b3\" data-element_type=\"container\" data-settings=\"{&quot;background_background&quot;:&quot;classic&quot;}\">\n\t\t<div class=\"elementor-element elementor-element-f383780 e-flex e-con-boxed e-con e-child\" data-id=\"f383780\" data-element_type=\"container\">\n\t\t\t\t\t<div class=\"e-con-inner\">\n\t\t\t\t<div class=\"elementor-element elementor-element-0ee35cc elementor-widget elementor-widget-realarsectiontitle\" data-id=\"0ee35cc\" data-element_type=\"widget\" data-widget_type=\"realarsectiontitle.default\">\n\t\t\t\t<div class=\"elementor-widget-container\">\n\t\t\t\t\t\t\t<div class=\"title-area text-center \">\r\n\t\t\t<h2 class=\"sec-title \">Coordonn\u00e9es<\/h2>\t\t<\/div>\r\n\r\n\t\t\t\t\t<\/div>\n\t\t\t\t<\/div>\n\t\t\t\t<div class=\"elementor-element elementor-element-71a5384 elementor-widget elementor-widget-realarcontactinfo_custom\" data-id=\"71a5384\" data-element_type=\"widget\" data-widget_type=\"realarcontactinfo_custom.default\">\n\t\t\t\t<div class=\"elementor-widget-container\">\n\t\t\t\t\t<div class=\"row gy-4 justify-content-center\"><div class=\"col-12 col-lg-6\"><div class=\"about-contact-grid\"><div class=\"about-contact-icon\"><i class=\"fal fa-location-dot\"><\/i><\/div><div class=\"about-contact-details\"><h6 class=\"about-contact-details-title title\">Adresse<\/h6><div class=\"info\"><p class=\"about-contact-details-text\">Vereinigung Schweizerischer Bahntechnik-Unternehmen<\/p><p class=\"about-contact-details-text\">Postfach<\/p><p class=\"about-contact-details-text\">CH-5400 Baden<\/p><\/div><\/div><\/div><\/div><div class=\"col-12 col-lg-6\"><div class=\"about-contact-grid\"><div class=\"about-contact-icon\"><i class=\"fal fa-user\"><\/i><\/div><div class=\"about-contact-details\"><h6 class=\"about-contact-details-title title\">Personne de contact<\/h6><div class=\"info\"><p>Dejan Lukic (D\u00e9l\u00e9guer VSBTU)<br \/>c\/o Possodo GmbH<br \/>Chalenstrasse 35<br \/>8123 Ebmatingen<br \/><a style=\"font-weight: bold !important\" href=\"mailto:dlukic@possodo.ch\">dlukic@possodo.ch<\/a><br \/><a style=\"font-weight: bold !important\" href=\"https:\/\/www.possodo.ch\">www.possodo.ch<\/a><br \/><a style=\"font-weight: bold !important\" href=\"tel:0041787888224\">+41 78 788 82 24<\/a><\/p><\/div><\/div><\/div><\/div><\/div>\t\t\t\t<\/div>\n\t\t\t\t<\/div>\n\t\t\t\t\t<\/div>\n\t\t\t\t<\/div>\n\t\t\t\t<\/div>\n\t\t<div class=\"elementor-element elementor-element-d2e144f e-flex e-con-boxed e-con e-parent\" data-id=\"d2e144f\" data-element_type=\"container\">\n\t\t\t\t\t<div class=\"e-con-inner\">\n\t\t\t\t<div class=\"elementor-element elementor-element-02e887c elementor-widget elementor-widget-realarcontactform_custom\" data-id=\"02e887c\" data-element_type=\"widget\" data-widget_type=\"realarcontactform_custom.default\">\n\t\t\t\t<div class=\"elementor-widget-container\">\n\t\t\t\t\t<div class=\"appointment-wrap2 bg\" style=\"border: 1px solid var(--th-border-color2); border-radius: 16px; padding: 24px 24px 18px;\"><h2 class=\"form-title text-white\">Contactez-nous<\/h2>\n<div class=\"wpcf7 no-js\" id=\"wpcf7-f7100-o1\" lang=\"fr-FR\" dir=\"ltr\" data-wpcf7-id=\"7100\">\n<div class=\"screen-reader-response\"><p role=\"status\" aria-live=\"polite\" aria-atomic=\"true\"><\/p> <ul><\/ul><\/div>\n<form action=\"\/fr\/wp-json\/wp\/v2\/pages\/6914#wpcf7-f7100-o1\" method=\"post\" class=\"wpcf7-form init\" aria-label=\"Formulaire de contact\" novalidate=\"novalidate\" data-status=\"init\">\n<fieldset class=\"hidden-fields-container\"><input type=\"hidden\" name=\"_wpcf7\" value=\"7100\" \/><input type=\"hidden\" name=\"_wpcf7_version\" value=\"6.1.4\" \/><input type=\"hidden\" name=\"_wpcf7_locale\" value=\"fr_FR\" \/><input type=\"hidden\" name=\"_wpcf7_unit_tag\" value=\"wpcf7-f7100-o1\" \/><input type=\"hidden\" name=\"_wpcf7_container_post\" value=\"0\" \/><input type=\"hidden\" name=\"_wpcf7_posted_data_hash\" value=\"\" \/>\n<\/fieldset>\n<div class=\"appointment-form\">\n    <div class=\"row\">\n        <div class=\"form-group style-border2 style-radius col-12\">\n  <span class=\"wpcf7-form-control-wrap\" data-name=\"text-999\"><input size=\"40\" maxlength=\"400\" class=\"wpcf7-form-control wpcf7-text wpcf7-validates-as-required form-control\" id=\"text-999\" aria-required=\"true\" aria-invalid=\"false\" placeholder=\"Nom*\" value=\"\" type=\"text\" name=\"text-999\" \/><\/span><i class=\"fal fa-user\"><\/i>\n        <\/div>\n        <div class=\"form-group style-border2 style-radius col-12\">\n  <span class=\"wpcf7-form-control-wrap\" data-name=\"email-717\"><input size=\"40\" maxlength=\"400\" class=\"wpcf7-form-control wpcf7-email wpcf7-validates-as-required wpcf7-text wpcf7-validates-as-email form-control\" id=\"email-717\" aria-required=\"true\" aria-invalid=\"false\" placeholder=\"Adresse e-mail*\" value=\"\" type=\"email\" name=\"email-717\" \/><\/span><i class=\"fal fa-envelope\"><\/i>\n        <\/div>\n        <div class=\"col-12 form-group style-border2 style-radius\">\n            <i class=\"far fa-comments\"><\/i>\n            <span class=\"wpcf7-form-control-wrap\" data-name=\"textarea-873\"><textarea cols=\"40\" rows=\"10\" maxlength=\"2000\" class=\"wpcf7-form-control wpcf7-textarea form-control\" id=\"textarea-873\" aria-invalid=\"false\" placeholder=\"Message\" name=\"textarea-873\"><\/textarea><\/span>\n        <\/div>\n        <div class=\"col-12 form-btn mt-4\">\n            <button class=\"th-btn\">Envoyer<\/button>\n        <\/div>\n    <\/div>\n    <p class=\"form-messages mb-0 mt-3\"><\/p>\n<\/div><div class=\"wpcf7-response-output\" aria-hidden=\"true\"><\/div>\n<\/form>\n<\/div>\n<\/div>\t\t\t\t<\/div>\n\t\t\t\t<\/div>\n\t\t\t\t\t<\/div>\n\t\t\t\t<\/div>\n\t\t\t\t<\/div>\n\t\t","protected":false},"excerpt":{"rendered":"<p>Coordonn\u00e9es Adresse Vereinigung Schweizerischer Bahntechnik-Unternehmen Postfach CH-5400 Baden Personne de contact Dejan Lukic (D\u00e9l\u00e9guer VSBTU)c\/o Possodo GmbHChalenstrasse 358123 Ebmatingendlukic@possodo.chwww.possodo.ch+41 78 788 82 24 Contactez-nous Senden<\/p>\n","protected":false},"author":1,"featured_media":0,"parent":0,"menu_order":0,"comment_status":"closed","ping_status":"closed","template":"template-builder.php","meta":{"footnotes":""},"class_list":["post-6914","page","type-page","status-publish","hentry"],"_links":{"self":[{"href":"https:\/\/vsbtu.possodo.ch\/fr\/wp-json\/wp\/v2\/pages\/6914","targetHints":{"allow":["GET"]}}],"collection":[{"href":"https:\/\/vsbtu.possodo.ch\/fr\/wp-json\/wp\/v2\/pages"}],"about":[{"href":"https:\/\/vsbtu.possodo.ch\/fr\/wp-json\/wp\/v2\/types\/page"}],"author":[{"embeddable":true,"href":"https:\/\/vsbtu.possodo.ch\/fr\/wp-json\/wp\/v2\/users\/1"}],"replies":[{"embeddable":true,"href":"https:\/\/vsbtu.possodo.ch\/fr\/wp-json\/wp\/v2\/comments?post=6914"}],"version-history":[{"count":7,"href":"https:\/\/vsbtu.possodo.ch\/fr\/wp-json\/wp\/v2\/pages\/6914\/revisions"}],"predecessor-version":[{"id":7206,"href":"https:\/\/vsbtu.possodo.ch\/fr\/wp-json\/wp\/v2\/pages\/6914\/revisions\/7206"}],"wp:attachment":[{"href":"https:\/\/vsbtu.possodo.ch\/fr\/wp-json\/wp\/v2\/media?parent=6914"}],"curies":[{"name":"wp","href":"https:\/\/api.w.org\/{rel}","templated":true}]}}