{"id":6969,"date":"2025-12-01T09:39:06","date_gmt":"2025-12-01T09:39:06","guid":{"rendered":"https:\/\/vsbtu.possodo.ch\/membres\/baurail-ag\/"},"modified":"2026-01-15T09:06:59","modified_gmt":"2026-01-15T09:06:59","slug":"baurail-ag","status":"publish","type":"page","link":"https:\/\/vsbtu.possodo.ch\/fr\/membres\/baurail-ag\/","title":{"rendered":"BauRail AG"},"content":{"rendered":"\t\t<div data-elementor-type=\"wp-page\" data-elementor-id=\"6969\" class=\"elementor elementor-6969 elementor-5244\">\n\t\t\t\t<div class=\"elementor-element elementor-element-59e31af e-flex e-con-boxed e-con e-parent\" data-id=\"59e31af\" data-element_type=\"container\">\n\t\t\t\t\t<div class=\"e-con-inner\">\n\t\t<div class=\"elementor-element elementor-element-7b634cf e-con-full e-flex e-con e-child\" data-id=\"7b634cf\" data-element_type=\"container\">\n\t\t\t\t<div class=\"elementor-element elementor-element-0ad2a18 elementor-widget elementor-widget-image\" data-id=\"0ad2a18\" data-element_type=\"widget\" data-widget_type=\"image.default\">\n\t\t\t\t\t\t\t\t\t\t\t\t\t\t\t\t<a href=\"https:\/\/www.baurail.ch\/\" target=\"_blank\">\n\t\t\t\t\t\t\t<img decoding=\"async\" src=\"https:\/\/vsbtu.possodo.ch\/wp-content\/uploads\/2025\/12\/BauRail-Logo2-2-scaled.jpg\" title=\"\" alt=\"\" loading=\"lazy\" \/>\t\t\t\t\t\t\t\t<\/a>\n\t\t\t\t\t\t\t\t\t\t\t\t\t\t\t<\/div>\n\t\t\t\t<\/div>\n\t\t<div class=\"elementor-element elementor-element-a17b891 e-con-full e-flex e-con e-child\" data-id=\"a17b891\" data-element_type=\"container\">\n\t\t\t\t<div class=\"elementor-element elementor-element-8715f1e elementor-widget elementor-widget-builda_team_member_info_custom\" data-id=\"8715f1e\" data-element_type=\"widget\" data-widget_type=\"builda_team_member_info_custom.default\">\n\t\t\t\t<div class=\"elementor-widget-container\">\n\t\t\t\t\t        <div class=\"about-page-box\">\n            <h2 class=\"mt-n3 fw-semibold mb-1\">BauRail AG<\/h2>\n            <p class=\"box-text\">  <\/p>\n        <\/div>\n\n                    <p class=\"mt-30 mb-30\">\n\n\n\n\n\n\n\n\n\n<\/p>\n        \n                    <ul class=\"team-about-list\">\n                                    <li>\n                        <strong>T\u00e9l\u00e9phone : <\/strong>\n                                                    <a href=\"tel:+41418546060\" target=\"_blank\">\n                                +41 52 723 36 36                            <\/a>\n                                            <\/li>\n                                    <li>\n                        <strong>e-mail : <\/strong>\n                                                    <a href=\"mailto:info@baurail.ch\" target=\"_blank\">\n                                info@baurail.ch                            <\/a>\n                                            <\/li>\n                                    <li>\n                        <strong>Site web : <\/strong>\n                                                    <a href=\"https:\/\/www.baurail.ch\/\" target=\"_blank\">\n                                www.baurail.ch                            <\/a>\n                                            <\/li>\n                            <\/ul>\n        \n        \t\t\t\t<\/div>\n\t\t\t\t<\/div>\n\t\t\t\t<\/div>\n\t\t\t\t\t<\/div>\n\t\t\t\t<\/div>\n\t\t<div class=\"elementor-element elementor-element-413ab48 e-flex e-con-boxed e-con e-parent\" data-id=\"413ab48\" data-element_type=\"container\">\n\t\t\t\t\t<div class=\"e-con-inner\">\n\t\t<div class=\"elementor-element elementor-element-3f8cfe6 e-con-full e-flex e-con e-child\" data-id=\"3f8cfe6\" data-element_type=\"container\">\n\t\t\t\t<div class=\"elementor-element elementor-element-7185c12 elementor-widget elementor-widget-text-editor\" data-id=\"7185c12\" data-element_type=\"widget\" data-widget_type=\"text-editor.default\">\n\t\t\t\t\t\t\t\t\t<h3 class=\"title h4 fw-semibold mt-n1 mb-20\"> <\/h3><p> <\/p>\t\t\t\t\t\t\t\t<\/div>\n\t\t\t\t<\/div>\n\t\t<div class=\"elementor-element elementor-element-bd0e98a e-con-full e-flex e-con e-child\" data-id=\"bd0e98a\" data-element_type=\"container\">\n\t\t\t\t<div class=\"elementor-element elementor-element-5d423b9 elementor-widget elementor-widget-text-editor\" data-id=\"5d423b9\" data-element_type=\"widget\" data-widget_type=\"text-editor.default\">\n\t\t\t\t\t\t\t\t\t<h4>Construction de voies<\/h4><article class=\"text-token-text-primary w-full focus:outline-none [--shadow-height:45px] has-data-writing-block:pointer-events-none has-data-writing-block:-mt-(--shadow-height) has-data-writing-block:pt-(--shadow-height) [&amp;:has([data-writing-block])&gt;*]:pointer-events-auto [content-visibility:auto] supports-[content-visibility:auto]:[contain-intrinsic-size:auto_100lvh] scroll-mt-[calc(var(--header-height)+min(200px,max(70px,20svh)))]\" dir=\"auto\" tabindex=\"-1\" data-turn-id=\"8234842e-2750-4765-a0a6-60d92735fcb4\" data-testid=\"conversation-turn-2\" data-scroll-anchor=\"true\" data-turn=\"assistant\"><div class=\"text-base my-auto mx-auto pb-10 [--thread-content-margin:--spacing(4)] thread-sm:[--thread-content-margin:--spacing(6)] thread-lg:[--thread-content-margin:--spacing(16)] px-(--thread-content-margin)\"><div class=\"[--thread-content-max-width:40rem] thread-lg:[--thread-content-max-width:48rem] mx-auto max-w-(--thread-content-max-width) flex-1 group\/turn-messages focus-visible:outline-hidden relative flex w-full min-w-0 flex-col agent-turn\" tabindex=\"-1\"><div class=\"flex max-w-full flex-col grow\"><div class=\"min-h-8 text-message relative flex w-full flex-col items-end gap-2 text-start break-words whitespace-normal [.text-message+&amp;]:mt-1\" dir=\"auto\" data-message-author-role=\"assistant\" data-message-id=\"09103885-0fa8-4505-80fb-5a50a095cde9\" data-message-model-slug=\"gpt-5-1\"><div class=\"flex w-full flex-col gap-1 empty:hidden first:pt-[1px]\"><div class=\"markdown prose dark:prose-invert w-full break-words light markdown-new-styling\"><article class=\"text-token-text-primary w-full focus:outline-none [--shadow-height:45px] has-data-writing-block:pointer-events-none has-data-writing-block:-mt-(--shadow-height) has-data-writing-block:pt-(--shadow-height) [&amp;:has([data-writing-block])&gt;*]:pointer-events-auto [content-visibility:auto] supports-[content-visibility:auto]:[contain-intrinsic-size:auto_100lvh] scroll-mt-[calc(var(--header-height)+min(200px,max(70px,20svh)))]\" dir=\"auto\" tabindex=\"-1\" data-turn-id=\"8234842e-2750-4765-a0a6-60d92735fcb4\" data-testid=\"conversation-turn-2\" data-scroll-anchor=\"true\" data-turn=\"assistant\"><div class=\"text-base my-auto mx-auto pb-10 [--thread-content-margin:--spacing(4)] thread-sm:[--thread-content-margin:--spacing(6)] thread-lg:[--thread-content-margin:--spacing(16)] px-(--thread-content-margin)\"><div class=\"[--thread-content-max-width:40rem] thread-lg:[--thread-content-max-width:48rem] mx-auto max-w-(--thread-content-max-width) flex-1 group\/turn-messages focus-visible:outline-hidden relative flex w-full min-w-0 flex-col agent-turn\" tabindex=\"-1\"><div class=\"flex max-w-full flex-col grow\"><div class=\"min-h-8 text-message relative flex w-full flex-col items-end gap-2 text-start break-words whitespace-normal [.text-message+&amp;]:mt-1\" dir=\"auto\" data-message-author-role=\"assistant\" data-message-id=\"09103885-0fa8-4505-80fb-5a50a095cde9\" data-message-model-slug=\"gpt-5-1\"><div class=\"flex w-full flex-col gap-1 empty:hidden first:pt-[1px]\"><div class=\"markdown prose dark:prose-invert w-full break-words light markdown-new-styling\"><ul><li style=\"text-align: left;\" data-start=\"148\" data-end=\"1238\">Utilisation de tous les v\u00e9hicules sur rails et des v\u00e9hicules bi-mode exclusivement sous la responsabilit\u00e9 d\u2019une entreprise ferroviaire (EVU) officiellement agr\u00e9\u00e9e.<\/li><li style=\"text-align: left;\" data-start=\"148\" data-end=\"1238\">Enregistrement de tous les v\u00e9hicules utilis\u00e9s dans le certificat de s\u00e9curit\u00e9 devant \u00eatre approuv\u00e9 par l\u2019OFT et le gestionnaire d\u2019infrastructure.<\/li><li style=\"text-align: left;\" data-start=\"148\" data-end=\"1238\">Prise en charge de la responsabilit\u00e9 envers le gestionnaire d\u2019infrastructure et l\u2019OFT, y compris l\u2019assurance responsabilit\u00e9 civile avec une couverture de 100 millions de francs.<\/li><li style=\"text-align: left;\" data-start=\"148\" data-end=\"1238\">Garantie d\u2019une utilisation conforme des v\u00e9hicules selon les prescriptions techniques de circulation en vigueur.<\/li><li style=\"text-align: left;\" data-start=\"148\" data-end=\"1238\">Utilisation de personnel qualifi\u00e9 conform\u00e9ment aux exigences l\u00e9gales.<\/li><li style=\"text-align: left;\" data-start=\"148\" data-end=\"1238\">Garantie de la s\u00e9curit\u00e9 d\u2019exploitation de tous les v\u00e9hicules enregistr\u00e9s.<\/li><li style=\"text-align: left;\" data-start=\"148\" data-end=\"1238\">Exploitation sur la base d\u2019un syst\u00e8me de gestion de la s\u00e9curit\u00e9 certifi\u00e9.<\/li><li style=\"text-align: left;\" data-start=\"148\" data-end=\"1238\">Pas de propres chantiers et aucune influence sur les d\u00e9roulements de chantier des clients.<\/li><li style=\"text-align: left;\" data-start=\"148\" data-end=\"1238\">Garantie de la conformit\u00e9 l\u00e9gale des chantiers sur mandat des entreprises de construction.<\/li><li style=\"text-align: left;\" data-start=\"148\" data-end=\"1238\">Catalogue de prestations transparent dans le respect du principe d\u2019\u00e9galit\u00e9 de traitement.<\/li><li style=\"text-align: left;\" data-start=\"148\" data-end=\"1238\">Prise en compte des besoins individuels concernant le nombre de v\u00e9hicules et la dur\u00e9e des interventions.<\/li><\/ul><\/div><\/div><\/div><\/div><\/div><\/div><\/article><\/div><\/div><\/div><\/div><\/div><\/div><\/article>\t\t\t\t\t\t\t\t<\/div>\n\t\t\t\t<\/div>\n\t\t\t\t\t<\/div>\n\t\t\t\t<\/div>\n\t\t\t\t<\/div>\n\t\t","protected":false},"excerpt":{"rendered":"<p>BauRail AG T\u00e9l\u00e9phone : +41 52 723 36 36 e-mail : info@baurail.ch Site web : www.baurail.ch Construction de voies Utilisation de tous les v\u00e9hicules sur rails et des v\u00e9hicules bi-mode exclusivement sous la responsabilit\u00e9 d\u2019une entreprise ferroviaire (EVU) officiellement agr\u00e9\u00e9e. Enregistrement de tous les v\u00e9hicules utilis\u00e9s dans le certificat de s\u00e9curit\u00e9 devant \u00eatre approuv\u00e9 par&#8230;<\/p>\n","protected":false},"author":2,"featured_media":6968,"parent":6940,"menu_order":1,"comment_status":"closed","ping_status":"closed","template":"template-builder.php","meta":{"footnotes":""},"class_list":["post-6969","page","type-page","status-publish","has-post-thumbnail","hentry"],"_links":{"self":[{"href":"https:\/\/vsbtu.possodo.ch\/fr\/wp-json\/wp\/v2\/pages\/6969","targetHints":{"allow":["GET"]}}],"collection":[{"href":"https:\/\/vsbtu.possodo.ch\/fr\/wp-json\/wp\/v2\/pages"}],"about":[{"href":"https:\/\/vsbtu.possodo.ch\/fr\/wp-json\/wp\/v2\/types\/page"}],"author":[{"embeddable":true,"href":"https:\/\/vsbtu.possodo.ch\/fr\/wp-json\/wp\/v2\/users\/2"}],"replies":[{"embeddable":true,"href":"https:\/\/vsbtu.possodo.ch\/fr\/wp-json\/wp\/v2\/comments?post=6969"}],"version-history":[{"count":4,"href":"https:\/\/vsbtu.possodo.ch\/fr\/wp-json\/wp\/v2\/pages\/6969\/revisions"}],"predecessor-version":[{"id":7128,"href":"https:\/\/vsbtu.possodo.ch\/fr\/wp-json\/wp\/v2\/pages\/6969\/revisions\/7128"}],"up":[{"embeddable":true,"href":"https:\/\/vsbtu.possodo.ch\/fr\/wp-json\/wp\/v2\/pages\/6940"}],"wp:featuredmedia":[{"embeddable":true,"href":"https:\/\/vsbtu.possodo.ch\/fr\/wp-json\/wp\/v2\/media\/6968"}],"wp:attachment":[{"href":"https:\/\/vsbtu.possodo.ch\/fr\/wp-json\/wp\/v2\/media?parent=6969"}],"curies":[{"name":"wp","href":"https:\/\/api.w.org\/{rel}","templated":true}]}}