{"id":6973,"date":"2025-12-01T10:03:40","date_gmt":"2025-12-01T10:03:40","guid":{"rendered":"https:\/\/vsbtu.possodo.ch\/membres\/bkw-rail-ag\/"},"modified":"2026-01-15T09:07:52","modified_gmt":"2026-01-15T09:07:52","slug":"bkw-rail-ag","status":"publish","type":"page","link":"https:\/\/vsbtu.possodo.ch\/fr\/membres\/bkw-rail-ag\/","title":{"rendered":"BKW Rail AG"},"content":{"rendered":"\t\t<div data-elementor-type=\"wp-page\" data-elementor-id=\"6973\" class=\"elementor elementor-6973 elementor-5246\">\n\t\t\t\t<div class=\"elementor-element elementor-element-59e31af e-flex e-con-boxed e-con e-parent\" data-id=\"59e31af\" data-element_type=\"container\">\n\t\t\t\t\t<div class=\"e-con-inner\">\n\t\t<div class=\"elementor-element elementor-element-7b634cf e-con-full e-flex e-con e-child\" data-id=\"7b634cf\" data-element_type=\"container\">\n\t\t\t\t<div class=\"elementor-element elementor-element-681fa7c elementor-widget elementor-widget-image\" data-id=\"681fa7c\" data-element_type=\"widget\" data-widget_type=\"image.default\">\n\t\t\t\t\t\t\t\t\t\t\t\t\t\t\t\t<a href=\"https:\/\/www.bkw-rail.ch\/de\" target=\"_blank\">\n\t\t\t\t\t\t\t<img decoding=\"async\" src=\"https:\/\/vsbtu.possodo.ch\/wp-content\/uploads\/2025\/12\/BKW-Logo3-2.jpg\" title=\"\" alt=\"\" loading=\"lazy\" \/>\t\t\t\t\t\t\t\t<\/a>\n\t\t\t\t\t\t\t\t\t\t\t\t\t\t\t<\/div>\n\t\t\t\t<\/div>\n\t\t<div class=\"elementor-element elementor-element-a17b891 e-con-full e-flex e-con e-child\" data-id=\"a17b891\" data-element_type=\"container\">\n\t\t\t\t<div class=\"elementor-element elementor-element-8715f1e elementor-widget elementor-widget-builda_team_member_info_custom\" data-id=\"8715f1e\" data-element_type=\"widget\" data-widget_type=\"builda_team_member_info_custom.default\">\n\t\t\t\t<div class=\"elementor-widget-container\">\n\t\t\t\t\t        <div class=\"about-page-box\">\n            <h2 class=\"mt-n3 fw-semibold mb-1\">BKW Rail AG<\/h2>\n            <p class=\"box-text\"><\/p>\n        <\/div>\n\n                    <p class=\"mt-30 mb-30\">Technologie ferroviaire \u00e0 360\u00b0 : de la vision \u00e0 la r\u00e9alisation.\n\n\n<\/p>\n        \n                    <ul class=\"team-about-list\">\n                                    <li>\n                        <strong>T\u00e9l\u00e9phone : <\/strong>\n                                                    <a href=\"tel:+41418546060\" target=\"_blank\">\n                                +41 41 829 00 00                            <\/a>\n                                            <\/li>\n                                    <li>\n                        <strong>e-mail : <\/strong>\n                                                    <a href=\"mailto:info-rail@bkw.ch\" target=\"_blank\">\n                                info-rail@bkw.ch                            <\/a>\n                                            <\/li>\n                                    <li>\n                        <strong>Site web : <\/strong>\n                                                    <a href=\"https:\/\/www.bkw-rail.ch\/de\" target=\"_blank\">\n                                www.bkw-rail.ch                            <\/a>\n                                            <\/li>\n                            <\/ul>\n        \n        \t\t\t\t<\/div>\n\t\t\t\t<\/div>\n\t\t\t\t<\/div>\n\t\t\t\t\t<\/div>\n\t\t\t\t<\/div>\n\t\t<div class=\"elementor-element elementor-element-413ab48 e-flex e-con-boxed e-con e-parent\" data-id=\"413ab48\" data-element_type=\"container\">\n\t\t\t\t\t<div class=\"e-con-inner\">\n\t\t<div class=\"elementor-element elementor-element-3f8cfe6 e-con-full e-flex e-con e-child\" data-id=\"3f8cfe6\" data-element_type=\"container\">\n\t\t\t\t<\/div>\n\t\t<div class=\"elementor-element elementor-element-bd0e98a e-con-full e-flex e-con e-child\" data-id=\"bd0e98a\" data-element_type=\"container\">\n\t\t\t\t<div class=\"elementor-element elementor-element-5d423b9 elementor-widget elementor-widget-text-editor\" data-id=\"5d423b9\" data-element_type=\"widget\" data-widget_type=\"text-editor.default\">\n\t\t\t\t\t\t\t\t\t<h4>Aper\u00e7u des prestations<\/h4>\n<p>Nous proposons un portefeuille complet \u00e0 360 degr\u00e9s pour la technique ferroviaire \u00e9lectrique et couvrons l\u2019ensemble du cycle de vie des installations d\u2019infrastructure. De la premi\u00e8re id\u00e9e \u00e0 la planification et \u00e0 la r\u00e9alisation, en passant par l\u2019exploitation, le service, le d\u00e9montage et l\u2019\u00e9limination, nous accompagnons les entreprises ferroviaires et de transport avec une ing\u00e9nierie fond\u00e9e, une technologie moderne et une ex\u00e9cution fiable. Nos domaines sp\u00e9cialis\u00e9s \u2013 radio, courant de traction ferroviaire, courant de traction urbain, installations techniques et multiprojets \u2013 en tant que fournisseur complet de la technique ferroviaire \u00e9lectrique.<\/p>\n<p><b>Offre globale &#8211; portefeuille de prestations \u00e0 360 degr\u00e9s<\/b><\/p>\n<ul>\n<li>Planification<\/li>\n<li>R\u00e9alisation et montage<\/li>\n<li>Mise en service et remise<\/li>\n<li>Entretien, maintenance et d\u00e9pannage<\/li>\n<li>D\u00e9montage, mise hors service et \u00e9limination<\/li>\n<\/ul>\n<div>\n<div><span style=\"font-weight: 700;\">RADIO &#8211; Syst\u00e8mes de communication et de rayonnement<\/span><\/div><ul><li>Syst\u00e8mes radio sur mesure pour les chemins de fer, les tunnels et les infrastructures complexes<\/li><li>Syst\u00e8me de montage de c\u00e2bles rayonnants ELKA &#8211; Livraison et installation<\/li><li>C\u00e2bles rayonnants et composants HF &#8211; Montage et assurance qualit\u00e9<\/li><li>Installations radio pour tunnels &#8211; Installation et mise en service<\/li><li>Ing\u00e9nierie, direction de projet et r\u00e9alisation conforme aux normes<\/li><\/ul><ul>\n<\/ul>\n<div><b>COURANT DE TRACTION FERROVIAIRE &#8211; Alimentation \u00e9lectrique dans le transport ferroviaire<\/b><\/div>\n<ul>\n<li>Lignes de contact, lignes de terre et de retour de rails &#8211; Planification et r\u00e9alisation<\/li>\n<li>Conseil sp\u00e9cialis\u00e9, concepts et \u00e9tudes de faisabilit\u00e9<\/li>\n<li>Planification de toutes les phases SIA (31-33; 51-53)<\/li>\n<li>Livraison de mat\u00e9riel de composants contr\u00f4l\u00e9s<\/li>\n<li>Ex\u00e9cution, tests et mise en service<\/li>\n<li>Entretien, maintenance et r\u00e9visions<\/li>\n<li>Expertises et expertises techniques<\/li>\n<li>D\u00e9montage et \u00e9limination conforme<\/li>\n<\/ul>\n<div>\n<div><span style=\"font-weight: 700;\">COURANT DE TRACTION URBAIN &#8211; Solutions pour tramways, trolleybus et transport urbain<\/span><\/div>\n<ul>\n<li>Lignes de contact, poste d\u2019aiguillage, commandes et signalisation<\/li>\n<li>Conseil, \u00e9tudes et analyses de faisabilit\u00e9<\/li>\n<li>Planification de toutes les phases SIA &#8211; incl. Planification 3D (ga-wire)<\/li>\n<li>Approvisionnement en mat\u00e9riel ind\u00e9pendant des fournisseurs<\/li>\n<li>Montage, installation et mise en service<\/li>\n<li>Entretien, inspection et r\u00e9visions<\/li>\n<li>Expertises, expertises et \u00e9valuations techniques<\/li>\n<li>D\u00e9montage, d\u00e9montage et \u00e9limination<\/li>\n<\/ul>\n<div>\n<div><span style=\"font-weight: 700;\">INSTALLATIONS TECHNIQUES &#8211; C\u00e2bles, postes d\u2019aiguillage et infrastructure<\/span><\/div>\n<ul>\n<li>Installations de c\u00e2bles et de postes d\u2019aiguillage &#8211; Montage et installation ext\u00e9rieure<\/li>\n<li>Planification et r\u00e9alisation de syst\u00e8mes de courant fort, de courant faible et de communication<\/li>\n<li>Livraison et montage de tous les composants techniques<\/li>\n<li>Infrastructure telle que l\u2019\u00e9clairage, les syst\u00e8mes de s\u00e9curit\u00e9 et de commande<\/li>\n<li>Entretien et maintenance pour une s\u00e9curit\u00e9 de fonctionnement \u00e0 long terme<\/li>\n<li>D\u00e9montage et \u00e9limination durable<\/li>\n<\/ul>\n<div>\n<div><span style=\"font-weight: 700;\">MULTIPROJETS &#8211; L\u2019ensemble de la technique ferroviaire \u00e9lectrique d\u2019un seul tenant Postes d\u2019aiguillage et infrastructure<\/span><\/div>\n<ul>\n<li>Direction de projet globale et coordination de projets complexes<\/li>\n<li>Conseil, d\u00e9veloppement de solutions et \u00e9tudes<\/li>\n<li>Planification de toutes les phases SIA incl. Projet 3D<\/li>\n<li>Coordination des fournisseurs et des partenaires<\/li>\n<li>Livraison de mat\u00e9riel, montage et mise en service en tant que package complet<\/li>\n<\/ul>\n<\/div>\n<\/div>\n<\/div>\n<\/div>\t\t\t\t\t\t\t\t<\/div>\n\t\t\t\t<\/div>\n\t\t\t\t\t<\/div>\n\t\t\t\t<\/div>\n\t\t\t\t<\/div>\n\t\t","protected":false},"excerpt":{"rendered":"<p>BKW Rail AG Technologie ferroviaire \u00e0 360\u00b0 : de la vision \u00e0 la r\u00e9alisation. T\u00e9l\u00e9phone : +41 41 829 00 00 e-mail : info-rail@bkw.ch Site web : www.bkw-rail.ch Aper\u00e7u des prestations Nous proposons un portefeuille complet \u00e0 360 degr\u00e9s pour la technique ferroviaire \u00e9lectrique et couvrons l\u2019ensemble du cycle de vie des installations d\u2019infrastructure. De&#8230;<\/p>\n","protected":false},"author":2,"featured_media":6972,"parent":6940,"menu_order":2,"comment_status":"closed","ping_status":"closed","template":"template-builder.php","meta":{"footnotes":""},"class_list":["post-6973","page","type-page","status-publish","has-post-thumbnail","hentry"],"_links":{"self":[{"href":"https:\/\/vsbtu.possodo.ch\/fr\/wp-json\/wp\/v2\/pages\/6973","targetHints":{"allow":["GET"]}}],"collection":[{"href":"https:\/\/vsbtu.possodo.ch\/fr\/wp-json\/wp\/v2\/pages"}],"about":[{"href":"https:\/\/vsbtu.possodo.ch\/fr\/wp-json\/wp\/v2\/types\/page"}],"author":[{"embeddable":true,"href":"https:\/\/vsbtu.possodo.ch\/fr\/wp-json\/wp\/v2\/users\/2"}],"replies":[{"embeddable":true,"href":"https:\/\/vsbtu.possodo.ch\/fr\/wp-json\/wp\/v2\/comments?post=6973"}],"version-history":[{"count":4,"href":"https:\/\/vsbtu.possodo.ch\/fr\/wp-json\/wp\/v2\/pages\/6973\/revisions"}],"predecessor-version":[{"id":7131,"href":"https:\/\/vsbtu.possodo.ch\/fr\/wp-json\/wp\/v2\/pages\/6973\/revisions\/7131"}],"up":[{"embeddable":true,"href":"https:\/\/vsbtu.possodo.ch\/fr\/wp-json\/wp\/v2\/pages\/6940"}],"wp:featuredmedia":[{"embeddable":true,"href":"https:\/\/vsbtu.possodo.ch\/fr\/wp-json\/wp\/v2\/media\/6972"}],"wp:attachment":[{"href":"https:\/\/vsbtu.possodo.ch\/fr\/wp-json\/wp\/v2\/media?parent=6973"}],"curies":[{"name":"wp","href":"https:\/\/api.w.org\/{rel}","templated":true}]}}