{"id":6983,"date":"2025-12-01T09:23:02","date_gmt":"2025-12-01T09:23:02","guid":{"rendered":"https:\/\/vsbtu.possodo.ch\/membres\/carlo-vanoli-sa\/"},"modified":"2026-01-15T09:09:17","modified_gmt":"2026-01-15T09:09:17","slug":"carlo-vanoli-sa","status":"publish","type":"page","link":"https:\/\/vsbtu.possodo.ch\/fr\/membres\/carlo-vanoli-sa\/","title":{"rendered":"Carlo Vanoli SA"},"content":{"rendered":"\t\t<div data-elementor-type=\"wp-page\" data-elementor-id=\"6983\" class=\"elementor elementor-6983 elementor-5210\">\n\t\t\t\t<div class=\"elementor-element elementor-element-59e31af e-flex e-con-boxed e-con e-parent\" data-id=\"59e31af\" data-element_type=\"container\">\n\t\t\t\t\t<div class=\"e-con-inner\">\n\t\t<div class=\"elementor-element elementor-element-7b634cf e-con-full e-flex e-con e-child\" data-id=\"7b634cf\" data-element_type=\"container\">\n\t\t\t\t<div class=\"elementor-element elementor-element-8bc281b team-details-thumb elementor-widget elementor-widget-image\" data-id=\"8bc281b\" data-element_type=\"widget\" data-widget_type=\"image.default\">\n\t\t\t\t\t\t\t\t\t\t\t\t\t\t\t<img decoding=\"async\" src=\"https:\/\/vsbtu.possodo.ch\/wp-content\/uploads\/2025\/12\/EPS-LOGO-Vanoli-Gleisbau-thalwil-1-scaled.png\" title=\"\" alt=\"\" loading=\"lazy\" \/>\t\t\t\t\t\t\t\t\t\t\t\t\t\t\t<\/div>\n\t\t\t\t<div class=\"elementor-element elementor-element-6ceca66 elementor-widget elementor-widget-image\" data-id=\"6ceca66\" data-element_type=\"widget\" data-widget_type=\"image.default\">\n\t\t\t\t\t\t\t\t\t\t\t\t\t\t\t\t<a href=\"https:\/\/www.vanoli-ag.ch\/\" target=\"_blank\">\n\t\t\t\t\t\t\t<img fetchpriority=\"high\" decoding=\"async\" width=\"300\" height=\"300\" src=\"https:\/\/vsbtu.possodo.ch\/wp-content\/uploads\/2025\/12\/Carlo-Vanoli-Logo2-2-300x300.jpg\" class=\"attachment-medium size-medium wp-image-6961\" alt=\"\" srcset=\"https:\/\/vsbtu.possodo.ch\/wp-content\/uploads\/2025\/12\/Carlo-Vanoli-Logo2-2-300x300.jpg 300w, https:\/\/vsbtu.possodo.ch\/wp-content\/uploads\/2025\/12\/Carlo-Vanoli-Logo2-2-1024x1024.jpg 1024w, https:\/\/vsbtu.possodo.ch\/wp-content\/uploads\/2025\/12\/Carlo-Vanoli-Logo2-2-150x150.jpg 150w, https:\/\/vsbtu.possodo.ch\/wp-content\/uploads\/2025\/12\/Carlo-Vanoli-Logo2-2-768x768.jpg 768w, https:\/\/vsbtu.possodo.ch\/wp-content\/uploads\/2025\/12\/Carlo-Vanoli-Logo2-2-85x85.jpg 85w, https:\/\/vsbtu.possodo.ch\/wp-content\/uploads\/2025\/12\/Carlo-Vanoli-Logo2-2-1536x1536.jpg 1536w, https:\/\/vsbtu.possodo.ch\/wp-content\/uploads\/2025\/12\/Carlo-Vanoli-Logo2-2-2048x2048.jpg 2048w, https:\/\/vsbtu.possodo.ch\/wp-content\/uploads\/2025\/12\/Carlo-Vanoli-Logo2-2-580x580.jpg 580w\" sizes=\"(max-width: 300px) 100vw, 300px\" \/>\t\t\t\t\t\t\t\t<\/a>\n\t\t\t\t\t\t\t\t\t\t\t\t\t\t\t<\/div>\n\t\t\t\t<\/div>\n\t\t<div class=\"elementor-element elementor-element-a17b891 e-con-full e-flex e-con e-child\" data-id=\"a17b891\" data-element_type=\"container\">\n\t\t\t\t<div class=\"elementor-element elementor-element-8715f1e elementor-widget elementor-widget-builda_team_member_info_custom\" data-id=\"8715f1e\" data-element_type=\"widget\" data-widget_type=\"builda_team_member_info_custom.default\">\n\t\t\t\t<div class=\"elementor-widget-container\">\n\t\t\t\t\t        <div class=\"about-page-box\">\n            <h2 class=\"mt-n3 fw-semibold mb-1\">Carlo Vanoli AG<\/h2>\n            <p class=\"box-text\"><\/p>\n        <\/div>\n\n                    <p class=\"mt-30 mb-30\">Carlo Vanoli AG est une entreprise familiale de troisi\u00e8me g\u00e9n\u00e9ration.\n\n\n<\/p>\n        \n                    <ul class=\"team-about-list\">\n                                    <li>\n                        <strong>T\u00e9l\u00e9phone : <\/strong>\n                                                    <a href=\"tel:+41418546060\" target=\"_blank\">\n                                +41 44 787 81 00                            <\/a>\n                                            <\/li>\n                                    <li>\n                        <strong>e-mail : <\/strong>\n                                                    <a href=\"mailto:%20info@vanoli-ag.ch\" target=\"_blank\">\n                                info@vanoli-ag.ch                            <\/a>\n                                            <\/li>\n                                    <li>\n                        <strong>Site web : <\/strong>\n                                                    <a href=\"https:\/\/www.vanoli-ag.ch\/\" target=\"_blank\">\n                                www.vanoli-ag.ch                            <\/a>\n                                            <\/li>\n                            <\/ul>\n        \n        \t\t\t\t<\/div>\n\t\t\t\t<\/div>\n\t\t\t\t<\/div>\n\t\t\t\t\t<\/div>\n\t\t\t\t<\/div>\n\t\t<div class=\"elementor-element elementor-element-413ab48 e-flex e-con-boxed e-con e-parent\" data-id=\"413ab48\" data-element_type=\"container\">\n\t\t\t\t\t<div class=\"e-con-inner\">\n\t\t<div class=\"elementor-element elementor-element-3f8cfe6 e-con-full e-flex e-con e-child\" data-id=\"3f8cfe6\" data-element_type=\"container\">\n\t\t\t\t<\/div>\n\t\t<div class=\"elementor-element elementor-element-bd0e98a e-con-full e-flex e-con e-child\" data-id=\"bd0e98a\" data-element_type=\"container\">\n\t\t\t\t<div class=\"elementor-element elementor-element-5d423b9 elementor-widget elementor-widget-text-editor\" data-id=\"5d423b9\" data-element_type=\"widget\" data-widget_type=\"text-editor.default\">\n\t\t\t\t\t\t\t\t\t<h4 class=\"title h4 fw-semibold mt-n1 mb-20\">Nos services autour de la voie ferr\u00e9e<\/h4><ul><li data-start=\"755\" data-end=\"821\">Travaux de g\u00e9nie civil ferroviaire<\/li><li data-start=\"755\" data-end=\"821\">Transformation de voies ferr\u00e9es<\/li><li data-start=\"755\" data-end=\"821\">Construction de nouvelles voies ferr\u00e9es<\/li><li data-start=\"755\" data-end=\"821\">Maintenance des voies ferr\u00e9es<\/li><li data-start=\"755\" data-end=\"821\">Prestations de service de machines<\/li><li data-start=\"755\" data-end=\"821\">Prestations d\u2019entrepreneur total<\/li><\/ul>\t\t\t\t\t\t\t\t<\/div>\n\t\t\t\t<\/div>\n\t\t\t\t\t<\/div>\n\t\t\t\t<\/div>\n\t\t\t\t<\/div>\n\t\t","protected":false},"excerpt":{"rendered":"<p>Carlo Vanoli AG Carlo Vanoli AG est une entreprise familiale de troisi\u00e8me g\u00e9n\u00e9ration. T\u00e9l\u00e9phone : +41 44 787 81 00 e-mail : info@vanoli-ag.ch Site web : www.vanoli-ag.ch Nos services autour de la voie ferr\u00e9e Travaux de g\u00e9nie civil ferroviaire Transformation de voies ferr\u00e9es Construction de nouvelles voies ferr\u00e9es Maintenance des voies ferr\u00e9es Prestations de service&#8230;<\/p>\n","protected":false},"author":2,"featured_media":6981,"parent":6940,"menu_order":4,"comment_status":"closed","ping_status":"closed","template":"template-builder.php","meta":{"footnotes":""},"class_list":["post-6983","page","type-page","status-publish","has-post-thumbnail","hentry"],"_links":{"self":[{"href":"https:\/\/vsbtu.possodo.ch\/fr\/wp-json\/wp\/v2\/pages\/6983","targetHints":{"allow":["GET"]}}],"collection":[{"href":"https:\/\/vsbtu.possodo.ch\/fr\/wp-json\/wp\/v2\/pages"}],"about":[{"href":"https:\/\/vsbtu.possodo.ch\/fr\/wp-json\/wp\/v2\/types\/page"}],"author":[{"embeddable":true,"href":"https:\/\/vsbtu.possodo.ch\/fr\/wp-json\/wp\/v2\/users\/2"}],"replies":[{"embeddable":true,"href":"https:\/\/vsbtu.possodo.ch\/fr\/wp-json\/wp\/v2\/comments?post=6983"}],"version-history":[{"count":4,"href":"https:\/\/vsbtu.possodo.ch\/fr\/wp-json\/wp\/v2\/pages\/6983\/revisions"}],"predecessor-version":[{"id":7137,"href":"https:\/\/vsbtu.possodo.ch\/fr\/wp-json\/wp\/v2\/pages\/6983\/revisions\/7137"}],"up":[{"embeddable":true,"href":"https:\/\/vsbtu.possodo.ch\/fr\/wp-json\/wp\/v2\/pages\/6940"}],"wp:featuredmedia":[{"embeddable":true,"href":"https:\/\/vsbtu.possodo.ch\/fr\/wp-json\/wp\/v2\/media\/6981"}],"wp:attachment":[{"href":"https:\/\/vsbtu.possodo.ch\/fr\/wp-json\/wp\/v2\/media?parent=6983"}],"curies":[{"name":"wp","href":"https:\/\/api.w.org\/{rel}","templated":true}]}}