{"id":6987,"date":"2025-12-01T10:48:11","date_gmt":"2025-12-01T10:48:11","guid":{"rendered":"https:\/\/vsbtu.possodo.ch\/membres\/efsa-sa\/"},"modified":"2026-01-15T09:09:56","modified_gmt":"2026-01-15T09:09:56","slug":"efsa-sa","status":"publish","type":"page","link":"https:\/\/vsbtu.possodo.ch\/fr\/membres\/efsa-sa\/","title":{"rendered":"EFSA SA"},"content":{"rendered":"\t\t<div data-elementor-type=\"wp-page\" data-elementor-id=\"6987\" class=\"elementor elementor-6987 elementor-5314\">\n\t\t\t\t<div class=\"elementor-element elementor-element-59e31af e-flex e-con-boxed e-con e-parent\" data-id=\"59e31af\" data-element_type=\"container\">\n\t\t\t\t\t<div class=\"e-con-inner\">\n\t\t<div class=\"elementor-element elementor-element-7b634cf e-con-full e-flex e-con e-child\" data-id=\"7b634cf\" data-element_type=\"container\">\n\t\t\t\t<div class=\"elementor-element elementor-element-9cbf3b7 elementor-widget elementor-widget-image\" data-id=\"9cbf3b7\" data-element_type=\"widget\" data-widget_type=\"image.default\">\n\t\t\t\t\t\t\t\t\t\t\t\t\t\t\t\t<a href=\"https:\/\/www.efsa.ch\" target=\"_blank\">\n\t\t\t\t\t\t\t<img fetchpriority=\"high\" decoding=\"async\" width=\"300\" height=\"300\" src=\"https:\/\/vsbtu.possodo.ch\/wp-content\/uploads\/2025\/12\/EFSA-Logo3-300x300.jpg\" class=\"attachment-medium size-medium wp-image-6985\" alt=\"\" srcset=\"https:\/\/vsbtu.possodo.ch\/wp-content\/uploads\/2025\/12\/EFSA-Logo3-300x300.jpg 300w, https:\/\/vsbtu.possodo.ch\/wp-content\/uploads\/2025\/12\/EFSA-Logo3-1024x1024.jpg 1024w, https:\/\/vsbtu.possodo.ch\/wp-content\/uploads\/2025\/12\/EFSA-Logo3-150x150.jpg 150w, https:\/\/vsbtu.possodo.ch\/wp-content\/uploads\/2025\/12\/EFSA-Logo3-768x768.jpg 768w, https:\/\/vsbtu.possodo.ch\/wp-content\/uploads\/2025\/12\/EFSA-Logo3-85x85.jpg 85w, https:\/\/vsbtu.possodo.ch\/wp-content\/uploads\/2025\/12\/EFSA-Logo3-1536x1536.jpg 1536w, https:\/\/vsbtu.possodo.ch\/wp-content\/uploads\/2025\/12\/EFSA-Logo3-2048x2048.jpg 2048w, https:\/\/vsbtu.possodo.ch\/wp-content\/uploads\/2025\/12\/EFSA-Logo3-580x580.jpg 580w\" sizes=\"(max-width: 300px) 100vw, 300px\" \/>\t\t\t\t\t\t\t\t<\/a>\n\t\t\t\t\t\t\t\t\t\t\t\t\t\t\t<\/div>\n\t\t\t\t<\/div>\n\t\t<div class=\"elementor-element elementor-element-a17b891 e-con-full e-flex e-con e-child\" data-id=\"a17b891\" data-element_type=\"container\">\n\t\t\t\t<div class=\"elementor-element elementor-element-8715f1e elementor-widget elementor-widget-builda_team_member_info_custom\" data-id=\"8715f1e\" data-element_type=\"widget\" data-widget_type=\"builda_team_member_info_custom.default\">\n\t\t\t\t<div class=\"elementor-widget-container\">\n\t\t\t\t\t        <div class=\"about-page-box\">\n            <h2 class=\"mt-n3 fw-semibold mb-1\">EFSA SA<\/h2>\n            <p class=\"box-text\"><\/p>\n        <\/div>\n\n                    <p class=\"mt-30 mb-30\">EFSA SA, qui emploie une centaine de personnes, s&#039;engage \u00e0 fournir les meilleures solutions techniques au secteur ferroviaire.\n\nL&#039;innovation et le respect des principes de l&#039;\u00e9conomie circulaire sont ses moteurs.\n\nL&#039;entreprise op\u00e8re sur l&#039;ensemble du territoire suisse et compte parmi ses clients la plupart des compagnies ferroviaires.\n\nOutre TensolRail, elle fait partie du groupe TrackNet.<\/p>\n        \n                    <ul class=\"team-about-list\">\n                                    <li>\n                        <strong>T\u00e9l\u00e9phone : <\/strong>\n                                                    <a href=\"tel:+41418546060\" target=\"_blank\">\n                                +41 21 908 06 60                            <\/a>\n                                            <\/li>\n                                    <li>\n                        <strong>e-mail : <\/strong>\n                                                    <a href=\"mailto:info@efsa.ch\" target=\"_blank\">\n                                info@efsa.ch                            <\/a>\n                                            <\/li>\n                                    <li>\n                        <strong>Site web : <\/strong>\n                                                    <a href=\"https:\/\/www.efsa.ch\" target=\"_blank\">\n                                www.efsa.ch                            <\/a>\n                                            <\/li>\n                            <\/ul>\n        \n        \t\t\t\t<\/div>\n\t\t\t\t<\/div>\n\t\t\t\t<\/div>\n\t\t\t\t\t<\/div>\n\t\t\t\t<\/div>\n\t\t<div class=\"elementor-element elementor-element-413ab48 e-flex e-con-boxed e-con e-parent\" data-id=\"413ab48\" data-element_type=\"container\">\n\t\t\t\t\t<div class=\"e-con-inner\">\n\t\t<div class=\"elementor-element elementor-element-3f8cfe6 e-con-full e-flex e-con e-child\" data-id=\"3f8cfe6\" data-element_type=\"container\">\n\t\t\t\t<\/div>\n\t\t<div class=\"elementor-element elementor-element-bd0e98a e-con-full e-flex e-con e-child\" data-id=\"bd0e98a\" data-element_type=\"container\">\n\t\t\t\t<div class=\"elementor-element elementor-element-5d423b9 elementor-widget elementor-widget-text-editor\" data-id=\"5d423b9\" data-element_type=\"widget\" data-widget_type=\"text-editor.default\">\n\t\t\t\t\t\t\t\t\t<h4 class=\"title h4 fw-semibold mt-n1 mb-20\">Nos produits et services<\/h4><ul><li>Soudure de rails\/Soudure de rechargement<\/li><li>Traverses en acier neuves, d\u2019occasion et r\u00e9g\u00e9n\u00e9r\u00e9es<\/li><li>Mat\u00e9riel de voie (rails, \u00e9clisses, tirants, etc.)<\/li><li>Maintenance des installations ferroviaires<\/li><li>Stockage et logistique<\/li><li>Recyclage<\/li><li>Solutions sur mesure<\/li><\/ul>\t\t\t\t\t\t\t\t<\/div>\n\t\t\t\t<\/div>\n\t\t\t\t\t<\/div>\n\t\t\t\t<\/div>\n\t\t\t\t<\/div>\n\t\t","protected":false},"excerpt":{"rendered":"<p>EFSA SA EFSA SA, qui emploie une centaine de personnes, s&#039;engage \u00e0 fournir les meilleures solutions techniques au secteur ferroviaire. L&#039;innovation et le respect des principes de l&#039;\u00e9conomie circulaire sont ses moteurs. L&#039;entreprise op\u00e8re sur l&#039;ensemble du territoire suisse et compte parmi ses clients la plupart des compagnies ferroviaires. Outre TensolRail, elle fait partie du&#8230;<\/p>\n","protected":false},"author":2,"featured_media":6986,"parent":6940,"menu_order":5,"comment_status":"closed","ping_status":"closed","template":"template-builder.php","meta":{"footnotes":""},"class_list":["post-6987","page","type-page","status-publish","has-post-thumbnail","hentry"],"_links":{"self":[{"href":"https:\/\/vsbtu.possodo.ch\/fr\/wp-json\/wp\/v2\/pages\/6987","targetHints":{"allow":["GET"]}}],"collection":[{"href":"https:\/\/vsbtu.possodo.ch\/fr\/wp-json\/wp\/v2\/pages"}],"about":[{"href":"https:\/\/vsbtu.possodo.ch\/fr\/wp-json\/wp\/v2\/types\/page"}],"author":[{"embeddable":true,"href":"https:\/\/vsbtu.possodo.ch\/fr\/wp-json\/wp\/v2\/users\/2"}],"replies":[{"embeddable":true,"href":"https:\/\/vsbtu.possodo.ch\/fr\/wp-json\/wp\/v2\/comments?post=6987"}],"version-history":[{"count":4,"href":"https:\/\/vsbtu.possodo.ch\/fr\/wp-json\/wp\/v2\/pages\/6987\/revisions"}],"predecessor-version":[{"id":7140,"href":"https:\/\/vsbtu.possodo.ch\/fr\/wp-json\/wp\/v2\/pages\/6987\/revisions\/7140"}],"up":[{"embeddable":true,"href":"https:\/\/vsbtu.possodo.ch\/fr\/wp-json\/wp\/v2\/pages\/6940"}],"wp:featuredmedia":[{"embeddable":true,"href":"https:\/\/vsbtu.possodo.ch\/fr\/wp-json\/wp\/v2\/media\/6986"}],"wp:attachment":[{"href":"https:\/\/vsbtu.possodo.ch\/fr\/wp-json\/wp\/v2\/media?parent=6987"}],"curies":[{"name":"wp","href":"https:\/\/api.w.org\/{rel}","templated":true}]}}