{"id":6999,"date":"2025-12-01T11:34:44","date_gmt":"2025-12-01T11:34:44","guid":{"rendered":"https:\/\/vsbtu.possodo.ch\/membres\/ennio-ferrari-sa\/"},"modified":"2026-01-15T09:10:44","modified_gmt":"2026-01-15T09:10:44","slug":"ennio-ferrari-sa","status":"publish","type":"page","link":"https:\/\/vsbtu.possodo.ch\/fr\/membres\/ennio-ferrari-sa\/","title":{"rendered":"Ennio Ferrari SA"},"content":{"rendered":"\t\t<div data-elementor-type=\"wp-page\" data-elementor-id=\"6999\" class=\"elementor elementor-6999 elementor-5333\">\n\t\t\t\t<div class=\"elementor-element elementor-element-59e31af e-flex e-con-boxed e-con e-parent\" data-id=\"59e31af\" data-element_type=\"container\">\n\t\t\t\t\t<div class=\"e-con-inner\">\n\t\t<div class=\"elementor-element elementor-element-7b634cf e-con-full e-flex e-con e-child\" data-id=\"7b634cf\" data-element_type=\"container\">\n\t\t\t\t<div class=\"elementor-element elementor-element-454472e elementor-widget elementor-widget-image\" data-id=\"454472e\" data-element_type=\"widget\" data-widget_type=\"image.default\">\n\t\t\t\t\t\t\t\t\t\t\t\t\t\t\t\t<a href=\"https:\/\/www.ennio-ferrari.ch\/Wilkommen-61095c00\" target=\"_blank\">\n\t\t\t\t\t\t\t<img decoding=\"async\" src=\"https:\/\/vsbtu.possodo.ch\/wp-content\/uploads\/2025\/12\/Ennio-Ferrari-Logo2-scaled.jpg\" title=\"\" alt=\"\" loading=\"lazy\" \/>\t\t\t\t\t\t\t\t<\/a>\n\t\t\t\t\t\t\t\t\t\t\t\t\t\t\t<\/div>\n\t\t\t\t<\/div>\n\t\t<div class=\"elementor-element elementor-element-a17b891 e-con-full e-flex e-con e-child\" data-id=\"a17b891\" data-element_type=\"container\">\n\t\t\t\t<div class=\"elementor-element elementor-element-8715f1e elementor-widget elementor-widget-builda_team_member_info_custom\" data-id=\"8715f1e\" data-element_type=\"widget\" data-widget_type=\"builda_team_member_info_custom.default\">\n\t\t\t\t<div class=\"elementor-widget-container\">\n\t\t\t\t\t        <div class=\"about-page-box\">\n            <h2 class=\"mt-n3 fw-semibold mb-1\">Ennio Ferrari SA<\/h2>\n            <p class=\"box-text\">Leaders et pionniers depuis le tout d\u00e9but !<\/p>\n        <\/div>\n\n                    <p class=\"mt-30 mb-30\">Acteur du secteur de la construction depuis 1949, Ennio Ferrari SA occupe une place de premier plan dans le canton du Tessin. Forte de plus de cinquante ans d&#039;exp\u00e9rience, elle b\u00e9n\u00e9ficie d&#039;une reconnaissance croissante pour la qualit\u00e9 de ses prestations.\nDas Unternehmen hat sich kontinuierlich weiterentwickelt und sich auf Arbeiten im Eisenbahnbau, im Hochbau, im Tiefbau, in der Erstellung von Ober- und Unterbauten sowie in Forst- und Schutzbauten spezialisiert. Seit den achtziger Jahren \u00fcbernimmt es zudem Arbeiten als Generalunternehmer.\n\n<\/p>\n        \n                    <ul class=\"team-about-list\">\n                                    <li>\n                        <strong>T\u00e9l\u00e9phpne : <\/strong>\n                                                    <a href=\"tel:+41418546060\" target=\"_blank\">\n                                +41 91 863 33 55                            <\/a>\n                                            <\/li>\n                                    <li>\n                        <strong>e-mail : <\/strong>\n                                                    <a href=\"mailto:info@ennio-ferrari.ch\" target=\"_blank\">\n                                info@ennio-ferrari.ch                            <\/a>\n                                            <\/li>\n                                    <li>\n                        <strong>Site web: <\/strong>\n                                                    <a href=\"https:\/\/www.ennio-ferrari.ch\/Wilkommen-61095c00\" target=\"_blank\">\n                                www.ennio-ferrari.ch                            <\/a>\n                                            <\/li>\n                            <\/ul>\n        \n        \t\t\t\t<\/div>\n\t\t\t\t<\/div>\n\t\t\t\t<\/div>\n\t\t\t\t\t<\/div>\n\t\t\t\t<\/div>\n\t\t<div class=\"elementor-element elementor-element-413ab48 e-flex e-con-boxed e-con e-parent\" data-id=\"413ab48\" data-element_type=\"container\">\n\t\t\t\t\t<div class=\"e-con-inner\">\n\t\t<div class=\"elementor-element elementor-element-3f8cfe6 e-con-full e-flex e-con e-child\" data-id=\"3f8cfe6\" data-element_type=\"container\">\n\t\t\t\t<\/div>\n\t\t<div class=\"elementor-element elementor-element-bd0e98a e-con-full e-flex e-con e-child\" data-id=\"bd0e98a\" data-element_type=\"container\">\n\t\t\t\t<\/div>\n\t\t\t\t\t<\/div>\n\t\t\t\t<\/div>\n\t\t\t\t<\/div>\n\t\t","protected":false},"excerpt":{"rendered":"<p>Ennio Ferrari SA Leaders et pionniers depuis le tout d\u00e9but ! Acteur du secteur de la construction depuis 1949, Ennio Ferrari SA occupe une place de premier plan dans le canton du Tessin. Forte de plus de cinquante ans d&#039;exp\u00e9rience, elle b\u00e9n\u00e9ficie d&#039;une reconnaissance croissante pour la qualit\u00e9 de ses prestations. Das Unternehmen hat sich&#8230;<\/p>\n","protected":false},"author":2,"featured_media":6988,"parent":6940,"menu_order":6,"comment_status":"closed","ping_status":"closed","template":"template-builder.php","meta":{"footnotes":""},"class_list":["post-6999","page","type-page","status-publish","has-post-thumbnail","hentry"],"_links":{"self":[{"href":"https:\/\/vsbtu.possodo.ch\/fr\/wp-json\/wp\/v2\/pages\/6999","targetHints":{"allow":["GET"]}}],"collection":[{"href":"https:\/\/vsbtu.possodo.ch\/fr\/wp-json\/wp\/v2\/pages"}],"about":[{"href":"https:\/\/vsbtu.possodo.ch\/fr\/wp-json\/wp\/v2\/types\/page"}],"author":[{"embeddable":true,"href":"https:\/\/vsbtu.possodo.ch\/fr\/wp-json\/wp\/v2\/users\/2"}],"replies":[{"embeddable":true,"href":"https:\/\/vsbtu.possodo.ch\/fr\/wp-json\/wp\/v2\/comments?post=6999"}],"version-history":[{"count":4,"href":"https:\/\/vsbtu.possodo.ch\/fr\/wp-json\/wp\/v2\/pages\/6999\/revisions"}],"predecessor-version":[{"id":7143,"href":"https:\/\/vsbtu.possodo.ch\/fr\/wp-json\/wp\/v2\/pages\/6999\/revisions\/7143"}],"up":[{"embeddable":true,"href":"https:\/\/vsbtu.possodo.ch\/fr\/wp-json\/wp\/v2\/pages\/6940"}],"wp:featuredmedia":[{"embeddable":true,"href":"https:\/\/vsbtu.possodo.ch\/fr\/wp-json\/wp\/v2\/media\/6988"}],"wp:attachment":[{"href":"https:\/\/vsbtu.possodo.ch\/fr\/wp-json\/wp\/v2\/media?parent=6999"}],"curies":[{"name":"wp","href":"https:\/\/api.w.org\/{rel}","templated":true}]}}