{"id":7007,"date":"2025-12-01T11:54:34","date_gmt":"2025-12-01T11:54:34","guid":{"rendered":"https:\/\/vsbtu.possodo.ch\/membres\/fratelli-censi-sa\/"},"modified":"2026-01-15T09:11:07","modified_gmt":"2026-01-15T09:11:07","slug":"fratelli-censi-sa","status":"publish","type":"page","link":"https:\/\/vsbtu.possodo.ch\/fr\/membres\/fratelli-censi-sa\/","title":{"rendered":"Fratelli Censi SA"},"content":{"rendered":"\t\t<div data-elementor-type=\"wp-page\" data-elementor-id=\"7007\" class=\"elementor elementor-7007 elementor-5361\">\n\t\t\t\t<div class=\"elementor-element elementor-element-59e31af e-flex e-con-boxed e-con e-parent\" data-id=\"59e31af\" data-element_type=\"container\">\n\t\t\t\t\t<div class=\"e-con-inner\">\n\t\t<div class=\"elementor-element elementor-element-7b634cf e-con-full e-flex e-con e-child\" data-id=\"7b634cf\" data-element_type=\"container\">\n\t\t\t\t<div class=\"elementor-element elementor-element-69edb3f elementor-widget elementor-widget-image\" data-id=\"69edb3f\" data-element_type=\"widget\" data-widget_type=\"image.default\">\n\t\t\t\t\t\t\t\t\t\t\t\t\t\t\t\t<a href=\"https:\/\/censigroup.ch\/de\/home-de\/\" target=\"_blank\">\n\t\t\t\t\t\t\t<img decoding=\"async\" src=\"https:\/\/vsbtu.possodo.ch\/wp-content\/uploads\/2025\/11\/Logo_FC_VSBTU.jpg\" title=\"\" alt=\"\" loading=\"lazy\" \/>\t\t\t\t\t\t\t\t<\/a>\n\t\t\t\t\t\t\t\t\t\t\t\t\t\t\t<\/div>\n\t\t\t\t<\/div>\n\t\t<div class=\"elementor-element elementor-element-a17b891 e-con-full e-flex e-con e-child\" data-id=\"a17b891\" data-element_type=\"container\">\n\t\t\t\t<div class=\"elementor-element elementor-element-8715f1e elementor-widget elementor-widget-builda_team_member_info_custom\" data-id=\"8715f1e\" data-element_type=\"widget\" data-widget_type=\"builda_team_member_info_custom.default\">\n\t\t\t\t<div class=\"elementor-widget-container\">\n\t\t\t\t\t        <div class=\"about-page-box\">\n            <h2 class=\"mt-n3 fw-semibold mb-1\">Fratelli Censi SA<\/h2>\n            <p class=\"box-text\"><\/p>\n        <\/div>\n\n        \n                    <ul class=\"team-about-list\">\n                                    <li>\n                        <strong>T\u00e9l\u00e9phone : <\/strong>\n                                                    <a href=\"tel:+41418546060\" target=\"_blank\">\n                                +41 91 827 27 39                            <\/a>\n                                            <\/li>\n                                    <li>\n                        <strong>e-mail : <\/strong>\n                                                    <a href=\"http:\/\/info@censigroup.ch\" target=\"_blank\">\n                                 info@censigroup.ch                            <\/a>\n                                            <\/li>\n                                    <li>\n                        <strong>Site web: <\/strong>\n                                                    <a href=\"https:\/\/censigroup.ch\/de\/home-de\/\" target=\"_blank\">\n                                www.censigroup.ch                            <\/a>\n                                            <\/li>\n                            <\/ul>\n        \n        \t\t\t\t<\/div>\n\t\t\t\t<\/div>\n\t\t\t\t<\/div>\n\t\t\t\t\t<\/div>\n\t\t\t\t<\/div>\n\t\t<div class=\"elementor-element elementor-element-413ab48 e-flex e-con-boxed e-con e-parent\" data-id=\"413ab48\" data-element_type=\"container\">\n\t\t\t\t\t<div class=\"e-con-inner\">\n\t\t<div class=\"elementor-element elementor-element-3f8cfe6 e-con-full e-flex e-con e-child\" data-id=\"3f8cfe6\" data-element_type=\"container\">\n\t\t\t\t<\/div>\n\t\t<div class=\"elementor-element elementor-element-bd0e98a e-con-full e-flex e-con e-child\" data-id=\"bd0e98a\" data-element_type=\"container\">\n\t\t\t\t<div class=\"elementor-element elementor-element-5d423b9 elementor-widget elementor-widget-text-editor\" data-id=\"5d423b9\" data-element_type=\"widget\" data-widget_type=\"text-editor.default\">\n\t\t\t\t\t\t\t\t\t<h4>Nos services<\/h4>\n<div>\n<p style=\"margin: 0cm 0cm 0cm 14.2pt; color: #000000; line-height: normal; text-indent: -14.2pt;\"><span style=\"font-family: Arial, Helvetica, sans-serif;\"><b>Construction de voies&nbsp;: \u00e9cartement normal et m\u00e9trique<\/b><\/span><\/p>\n<ul>\n<li>Construction et entretien<\/li>\n<li>Renouvellement de la superstructure et de la sous-structure<\/li>\n<li>Plateforme fixe<\/li>\n<li>Syst\u00e8mes de chemins de fer \u00e0 cr\u00e9maill\u00e8re et de funiculaires<\/li>\n<li>Voies industrielles<\/li>\n<\/ul>\n<p style=\"margin: 0cm 0cm 0cm 14.2pt; font-family: Arial, Helvetica, sans-serif; color: #000000; line-height: normal; text-indent: -14.2pt;\"><span style=\"font-weight: bold; text-indent: -18.9333px;\">Construction et entretien<\/span><\/p>\n<ul>\n<li>Renouvellement de la superstructure et de la sous-structure<\/li>\n<li>Plateforme fixe<\/li>\n<li>Syst\u00e8mes de chemins de fer \u00e0 cr\u00e9maill\u00e8re et de funiculaires<\/li>\n<li>Voies industrielles<\/li>\n<\/ul>\n<p style=\"margin: 0cm 0cm 0cm 14.2pt; font-family: Arial, Helvetica, sans-serif; color: #000000; line-height: normal; text-indent: -14.2pt;\"><span style=\"font-size: 10pt; font-family: Arial, sans-serif;\">&nbsp;<\/span><span style=\"font-weight: bold; text-indent: -18.9333px;\">Fondations pour le chemin de fer<\/span><\/p>\n<ul>\n<li>Fondations pour les cat\u00e9naires et les m\u00e2ts de signalisation<\/li>\n<li>Construction et r\u00e9novation de quais et de talus<\/li>\n<li>Conduites de drainage<\/li>\n<li>Goulottes de c\u00e2bles<\/li>\n<\/ul>\n<p style=\"margin: 0cm 0cm 0cm 14.2pt; font-family: Arial, Helvetica, sans-serif; color: #000000; line-height: normal; text-indent: -14.2pt;\"><span style=\"font-weight: bold; text-indent: -18.9333px;\">Location de personnel ferroviaire<\/span><\/p>\n<ul>\n<li>Agent de s\u00e9curit\u00e9<\/li>\n<li>Chef de la s\u00e9curit\u00e9<\/li>\n<li>Conducteur de locomotive cat\u00e9gorie B100, cat. A et personnel d\u2019accompagnement<\/li>\n<li>Renforcement des \u00e9quipes pour les CFF et autres chemins de fer suisses<\/li>\n<\/ul>\n<p style=\"margin: 0cm 0cm 0cm 14.2pt; font-family: Arial, Helvetica, sans-serif; color: #000000; line-height: normal; text-indent: -14.2pt;\"><span style=\"font-weight: bold; text-indent: -18.9333px;\">Logistique<\/span><\/p>\n<ul>\n<li>Wagons et locomotives<\/li>\n<li>Pelles et dumpers rail-route<\/li>\n<li>Plateforme \u00e9l\u00e9vatrice rail-route<\/li>\n<li>Camion rail-route<\/li>\n<\/ul>\n<\/div>\t\t\t\t\t\t\t\t<\/div>\n\t\t\t\t<\/div>\n\t\t\t\t\t<\/div>\n\t\t\t\t<\/div>\n\t\t\t\t<\/div>\n\t\t","protected":false},"excerpt":{"rendered":"<p>Fratelli Censi SA T\u00e9l\u00e9phone : +41 91 827 27 39 e-mail : info@censigroup.ch Site web: www.censigroup.ch Nos services Construction de voies&nbsp;: \u00e9cartement normal et m\u00e9trique Construction et entretien Renouvellement de la superstructure et de la sous-structure Plateforme fixe Syst\u00e8mes de chemins de fer \u00e0 cr\u00e9maill\u00e8re et de funiculaires Voies industrielles Construction et entretien Renouvellement de&#8230;<\/p>\n","protected":false},"author":2,"featured_media":7005,"parent":6940,"menu_order":7,"comment_status":"closed","ping_status":"closed","template":"template-builder.php","meta":{"footnotes":""},"class_list":["post-7007","page","type-page","status-publish","has-post-thumbnail","hentry"],"_links":{"self":[{"href":"https:\/\/vsbtu.possodo.ch\/fr\/wp-json\/wp\/v2\/pages\/7007","targetHints":{"allow":["GET"]}}],"collection":[{"href":"https:\/\/vsbtu.possodo.ch\/fr\/wp-json\/wp\/v2\/pages"}],"about":[{"href":"https:\/\/vsbtu.possodo.ch\/fr\/wp-json\/wp\/v2\/types\/page"}],"author":[{"embeddable":true,"href":"https:\/\/vsbtu.possodo.ch\/fr\/wp-json\/wp\/v2\/users\/2"}],"replies":[{"embeddable":true,"href":"https:\/\/vsbtu.possodo.ch\/fr\/wp-json\/wp\/v2\/comments?post=7007"}],"version-history":[{"count":4,"href":"https:\/\/vsbtu.possodo.ch\/fr\/wp-json\/wp\/v2\/pages\/7007\/revisions"}],"predecessor-version":[{"id":7146,"href":"https:\/\/vsbtu.possodo.ch\/fr\/wp-json\/wp\/v2\/pages\/7007\/revisions\/7146"}],"up":[{"embeddable":true,"href":"https:\/\/vsbtu.possodo.ch\/fr\/wp-json\/wp\/v2\/pages\/6940"}],"wp:featuredmedia":[{"embeddable":true,"href":"https:\/\/vsbtu.possodo.ch\/fr\/wp-json\/wp\/v2\/media\/7005"}],"wp:attachment":[{"href":"https:\/\/vsbtu.possodo.ch\/fr\/wp-json\/wp\/v2\/media?parent=7007"}],"curies":[{"name":"wp","href":"https:\/\/api.w.org\/{rel}","templated":true}]}}