{"id":7013,"date":"2025-12-01T13:23:35","date_gmt":"2025-12-01T13:23:35","guid":{"rendered":"https:\/\/vsbtu.possodo.ch\/membres\/krebs-gleisbau-ag\/"},"modified":"2026-01-15T09:13:02","modified_gmt":"2026-01-15T09:13:02","slug":"krebs-gleisbau-ag","status":"publish","type":"page","link":"https:\/\/vsbtu.possodo.ch\/fr\/membres\/krebs-gleisbau-ag\/","title":{"rendered":"Krebs Gleisbau AG"},"content":{"rendered":"\t\t<div data-elementor-type=\"wp-page\" data-elementor-id=\"7013\" class=\"elementor elementor-7013 elementor-5407\">\n\t\t\t\t<div class=\"elementor-element elementor-element-59e31af e-flex e-con-boxed e-con e-parent\" data-id=\"59e31af\" data-element_type=\"container\">\n\t\t\t\t\t<div class=\"e-con-inner\">\n\t\t<div class=\"elementor-element elementor-element-7b634cf e-con-full e-flex e-con e-child\" data-id=\"7b634cf\" data-element_type=\"container\">\n\t\t\t\t<div class=\"elementor-element elementor-element-8bc281b team-details-thumb elementor-widget elementor-widget-image\" data-id=\"8bc281b\" data-element_type=\"widget\" data-widget_type=\"image.default\">\n\t\t\t\t\t\t\t\t\t\t\t\t\t\t\t\t<a href=\"https:\/\/www.krebs-gleisbau.com\/\">\n\t\t\t\t\t\t\t<img decoding=\"async\" width=\"300\" height=\"158\" src=\"https:\/\/vsbtu.possodo.ch\/wp-content\/uploads\/2025\/11\/krebs-logo-4c-300x158.jpg\" class=\"attachment-medium size-medium wp-image-6947\" alt=\"\" srcset=\"https:\/\/vsbtu.possodo.ch\/wp-content\/uploads\/2025\/11\/krebs-logo-4c-300x158.jpg 300w, https:\/\/vsbtu.possodo.ch\/wp-content\/uploads\/2025\/11\/krebs-logo-4c-1024x539.jpg 1024w, https:\/\/vsbtu.possodo.ch\/wp-content\/uploads\/2025\/11\/krebs-logo-4c-768x404.jpg 768w, https:\/\/vsbtu.possodo.ch\/wp-content\/uploads\/2025\/11\/krebs-logo-4c-1536x809.jpg 1536w, https:\/\/vsbtu.possodo.ch\/wp-content\/uploads\/2025\/11\/krebs-logo-4c.jpg 1795w\" sizes=\"(max-width: 300px) 100vw, 300px\" \/>\t\t\t\t\t\t\t\t<\/a>\n\t\t\t\t\t\t\t\t\t\t\t\t\t\t\t<\/div>\n\t\t\t\t<\/div>\n\t\t<div class=\"elementor-element elementor-element-a17b891 e-con-full e-flex e-con e-child\" data-id=\"a17b891\" data-element_type=\"container\">\n\t\t\t\t<div class=\"elementor-element elementor-element-8715f1e elementor-widget elementor-widget-builda_team_member_info_custom\" data-id=\"8715f1e\" data-element_type=\"widget\" data-widget_type=\"builda_team_member_info_custom.default\">\n\t\t\t\t<div class=\"elementor-widget-container\">\n\t\t\t\t\t        <div class=\"about-page-box\">\n            <h2 class=\"mt-n3 fw-semibold mb-1\">Krebs Gleisbau AG<\/h2>\n            <p class=\"box-text\">Construction ferroviaire. Objectif. S\u00e9cure.<\/p>\n        <\/div>\n\n                    <p class=\"mt-30 mb-30\">\n\n<\/p>\n        \n                    <ul class=\"team-about-list\">\n                                    <li>\n                        <strong>T\u00e9l\u00e9phone : <\/strong>\n                                                    <a href=\"tel:+41418546060\" target=\"_blank\">\n                                +41 31 381 07 77                            <\/a>\n                                            <\/li>\n                                    <li>\n                        <strong>e-mail : <\/strong>\n                                                    <a href=\"mailto:%20%20info@krebs-gleisbau.ch\" target=\"_blank\">\n                                 info@krebs-gleisbau.ch                            <\/a>\n                                            <\/li>\n                                    <li>\n                        <strong>Site web: <\/strong>\n                                                    <a href=\"https:\/\/www.krebs-gleisbau.com\/\" target=\"_blank\">\n                                www.krebs-gleisbau.com                            <\/a>\n                                            <\/li>\n                            <\/ul>\n        \n        \t\t\t\t<\/div>\n\t\t\t\t<\/div>\n\t\t\t\t<\/div>\n\t\t\t\t\t<\/div>\n\t\t\t\t<\/div>\n\t\t<div class=\"elementor-element elementor-element-413ab48 e-flex e-con-boxed e-con e-parent\" data-id=\"413ab48\" data-element_type=\"container\">\n\t\t\t\t\t<div class=\"e-con-inner\">\n\t\t<div class=\"elementor-element elementor-element-3f8cfe6 e-con-full e-flex e-con e-child\" data-id=\"3f8cfe6\" data-element_type=\"container\">\n\t\t\t\t<\/div>\n\t\t<div class=\"elementor-element elementor-element-bd0e98a e-con-full e-flex e-con e-child\" data-id=\"bd0e98a\" data-element_type=\"container\">\n\t\t\t\t<div class=\"elementor-element elementor-element-5d423b9 elementor-widget elementor-widget-text-editor\" data-id=\"5d423b9\" data-element_type=\"widget\" data-widget_type=\"text-editor.default\">\n\t\t\t\t\t\t\t\t\t<div><h4>Nos prestations<\/h4><div><ul><li data-start=\"755\" data-end=\"821\">Dressage et bourrage de voies et d\u2019aiguillages lors de transformations et de remaniements<br>avec une technologie de bourrage ultramoderne<\/li><li data-start=\"755\" data-end=\"821\">Mesure \u00e9lectronique de la voie<\/li><li data-start=\"755\" data-end=\"821\">Planification et assainissement d\u2019installations ferroviaires<\/li><li data-start=\"755\" data-end=\"821\">Planification et assainissement d\u2019installations ferroviaires<\/li><li data-start=\"755\" data-end=\"821\">Construction neuve, extension et entretien d\u2019installations ferroviaires de tous types<\/li><li data-start=\"755\" data-end=\"821\">Pose de grues ferroviaires de 20 \u00e0 130 tonnes de charge utile<\/li><li data-start=\"755\" data-end=\"821\">Meulage des rails<\/li><li data-start=\"755\" data-end=\"821\">Transport \u2013 Logistique \u2013 Gestion de projet<\/li><\/ul><\/div><\/div>\t\t\t\t\t\t\t\t<\/div>\n\t\t\t\t<\/div>\n\t\t\t\t\t<\/div>\n\t\t\t\t<\/div>\n\t\t\t\t<\/div>\n\t\t","protected":false},"excerpt":{"rendered":"<p>Krebs Gleisbau AG Construction ferroviaire. Objectif. S\u00e9cure. T\u00e9l\u00e9phone : +41 31 381 07 77 e-mail : info@krebs-gleisbau.ch Site web: www.krebs-gleisbau.com Nos prestations Dressage et bourrage de voies et d\u2019aiguillages lors de transformations et de remaniementsavec une technologie de bourrage ultramoderne Mesure \u00e9lectronique de la voie Planification et assainissement d\u2019installations ferroviaires Planification et assainissement d\u2019installations ferroviaires&#8230;<\/p>\n","protected":false},"author":2,"featured_media":7012,"parent":6940,"menu_order":10,"comment_status":"closed","ping_status":"closed","template":"template-builder.php","meta":{"footnotes":""},"class_list":["post-7013","page","type-page","status-publish","has-post-thumbnail","hentry"],"_links":{"self":[{"href":"https:\/\/vsbtu.possodo.ch\/fr\/wp-json\/wp\/v2\/pages\/7013","targetHints":{"allow":["GET"]}}],"collection":[{"href":"https:\/\/vsbtu.possodo.ch\/fr\/wp-json\/wp\/v2\/pages"}],"about":[{"href":"https:\/\/vsbtu.possodo.ch\/fr\/wp-json\/wp\/v2\/types\/page"}],"author":[{"embeddable":true,"href":"https:\/\/vsbtu.possodo.ch\/fr\/wp-json\/wp\/v2\/users\/2"}],"replies":[{"embeddable":true,"href":"https:\/\/vsbtu.possodo.ch\/fr\/wp-json\/wp\/v2\/comments?post=7013"}],"version-history":[{"count":4,"href":"https:\/\/vsbtu.possodo.ch\/fr\/wp-json\/wp\/v2\/pages\/7013\/revisions"}],"predecessor-version":[{"id":7155,"href":"https:\/\/vsbtu.possodo.ch\/fr\/wp-json\/wp\/v2\/pages\/7013\/revisions\/7155"}],"up":[{"embeddable":true,"href":"https:\/\/vsbtu.possodo.ch\/fr\/wp-json\/wp\/v2\/pages\/6940"}],"wp:featuredmedia":[{"embeddable":true,"href":"https:\/\/vsbtu.possodo.ch\/fr\/wp-json\/wp\/v2\/media\/7012"}],"wp:attachment":[{"href":"https:\/\/vsbtu.possodo.ch\/fr\/wp-json\/wp\/v2\/media?parent=7013"}],"curies":[{"name":"wp","href":"https:\/\/api.w.org\/{rel}","templated":true}]}}