{"id":7020,"date":"2025-12-01T13:58:23","date_gmt":"2025-12-01T13:58:23","guid":{"rendered":"https:\/\/vsbtu.possodo.ch\/membres\/max-mueller-schweisstechnik-ag\/"},"modified":"2026-01-15T09:16:42","modified_gmt":"2026-01-15T09:16:42","slug":"max-mueller-schweisstechnik-ag","status":"publish","type":"page","link":"https:\/\/vsbtu.possodo.ch\/fr\/membres\/max-mueller-schweisstechnik-ag\/","title":{"rendered":"Max M\u00fcller Schweisstechnik AG"},"content":{"rendered":"\t\t<div data-elementor-type=\"wp-page\" data-elementor-id=\"7020\" class=\"elementor elementor-7020 elementor-5461\">\n\t\t\t\t<div class=\"elementor-element elementor-element-59e31af e-flex e-con-boxed e-con e-parent\" data-id=\"59e31af\" data-element_type=\"container\">\n\t\t\t\t\t<div class=\"e-con-inner\">\n\t\t<div class=\"elementor-element elementor-element-7b634cf e-con-full e-flex e-con e-child\" data-id=\"7b634cf\" data-element_type=\"container\">\n\t\t\t\t<div class=\"elementor-element elementor-element-f5e7576 elementor-widget elementor-widget-image\" data-id=\"f5e7576\" data-element_type=\"widget\" data-widget_type=\"image.default\">\n\t\t\t\t\t\t\t\t\t\t\t\t\t\t\t\t<a href=\"https:\/\/www.max-mueller-horgen.ch\/\" target=\"_blank\">\n\t\t\t\t\t\t\t<img decoding=\"async\" src=\"https:\/\/vsbtu.possodo.ch\/wp-content\/uploads\/2025\/12\/MaxMueller-Logo3-scaled.jpg\" title=\"\" alt=\"\" loading=\"lazy\" \/>\t\t\t\t\t\t\t\t<\/a>\n\t\t\t\t\t\t\t\t\t\t\t\t\t\t\t<\/div>\n\t\t\t\t<\/div>\n\t\t<div class=\"elementor-element elementor-element-a17b891 e-con-full e-flex e-con e-child\" data-id=\"a17b891\" data-element_type=\"container\">\n\t\t\t\t<div class=\"elementor-element elementor-element-8715f1e elementor-widget elementor-widget-builda_team_member_info_custom\" data-id=\"8715f1e\" data-element_type=\"widget\" data-widget_type=\"builda_team_member_info_custom.default\">\n\t\t\t\t<div class=\"elementor-widget-container\">\n\t\t\t\t\t        <div class=\"about-page-box\">\n            <h2 class=\"mt-n3 fw-semibold mb-1\">Max M\u00fcller Schweisstechnik AG<\/h2>\n            <p class=\"box-text\"><\/p>\n        <\/div>\n\n                    <p class=\"mt-30 mb-30\">\n\n<\/p>\n        \n                    <ul class=\"team-about-list\">\n                                    <li>\n                        <strong>T\u00e9l\u00e9phone : <\/strong>\n                                                    <a href=\"tel:+41418546060\" target=\"_blank\">\n                                +41 55 417 40 00                             <\/a>\n                                            <\/li>\n                                    <li>\n                        <strong>e-mail : <\/strong>\n                                                    <a href=\"mailto:%20info@max-mueller-horgen.ch\" target=\"_blank\">\n                                info@max-mueller-horgen.ch                            <\/a>\n                                            <\/li>\n                                    <li>\n                        <strong>Site web : <\/strong>\n                                                    <a href=\"https:\/\/www.max-mueller-horgen.ch\/\" target=\"_blank\">\n                                www.max-mueller-horgen.ch                            <\/a>\n                                            <\/li>\n                            <\/ul>\n        \n        \t\t\t\t<\/div>\n\t\t\t\t<\/div>\n\t\t\t\t<\/div>\n\t\t\t\t\t<\/div>\n\t\t\t\t<\/div>\n\t\t<div class=\"elementor-element elementor-element-413ab48 e-flex e-con-boxed e-con e-parent\" data-id=\"413ab48\" data-element_type=\"container\">\n\t\t\t\t\t<div class=\"e-con-inner\">\n\t\t<div class=\"elementor-element elementor-element-3f8cfe6 e-con-full e-flex e-con e-child\" data-id=\"3f8cfe6\" data-element_type=\"container\">\n\t\t\t\t<\/div>\n\t\t<div class=\"elementor-element elementor-element-bd0e98a e-con-full e-flex e-con e-child\" data-id=\"bd0e98a\" data-element_type=\"container\">\n\t\t\t\t<div class=\"elementor-element elementor-element-5d423b9 elementor-widget elementor-widget-text-editor\" data-id=\"5d423b9\" data-element_type=\"widget\" data-widget_type=\"text-editor.default\">\n\t\t\t\t\t\t\t\t\t<h4>Gamme de prestations<\/h4><p>L&#8217;entreprise est sp\u00e9cialis\u00e9e dans le soudage de rails et la distribution d&#8217;appareils de chauffage pour rails.<\/p>\t\t\t\t\t\t\t\t<\/div>\n\t\t\t\t<\/div>\n\t\t\t\t\t<\/div>\n\t\t\t\t<\/div>\n\t\t\t\t<\/div>\n\t\t","protected":false},"excerpt":{"rendered":"<p>Max M\u00fcller Schweisstechnik AG T\u00e9l\u00e9phone : +41 55 417 40 00 e-mail : info@max-mueller-horgen.ch Site web : www.max-mueller-horgen.ch Gamme de prestations L&#8217;entreprise est sp\u00e9cialis\u00e9e dans le soudage de rails et la distribution d&#8217;appareils de chauffage pour rails.<\/p>\n","protected":false},"author":2,"featured_media":7019,"parent":6940,"menu_order":12,"comment_status":"closed","ping_status":"closed","template":"template-builder.php","meta":{"footnotes":""},"class_list":["post-7020","page","type-page","status-publish","has-post-thumbnail","hentry"],"_links":{"self":[{"href":"https:\/\/vsbtu.possodo.ch\/fr\/wp-json\/wp\/v2\/pages\/7020","targetHints":{"allow":["GET"]}}],"collection":[{"href":"https:\/\/vsbtu.possodo.ch\/fr\/wp-json\/wp\/v2\/pages"}],"about":[{"href":"https:\/\/vsbtu.possodo.ch\/fr\/wp-json\/wp\/v2\/types\/page"}],"author":[{"embeddable":true,"href":"https:\/\/vsbtu.possodo.ch\/fr\/wp-json\/wp\/v2\/users\/2"}],"replies":[{"embeddable":true,"href":"https:\/\/vsbtu.possodo.ch\/fr\/wp-json\/wp\/v2\/comments?post=7020"}],"version-history":[{"count":4,"href":"https:\/\/vsbtu.possodo.ch\/fr\/wp-json\/wp\/v2\/pages\/7020\/revisions"}],"predecessor-version":[{"id":7161,"href":"https:\/\/vsbtu.possodo.ch\/fr\/wp-json\/wp\/v2\/pages\/7020\/revisions\/7161"}],"up":[{"embeddable":true,"href":"https:\/\/vsbtu.possodo.ch\/fr\/wp-json\/wp\/v2\/pages\/6940"}],"wp:featuredmedia":[{"embeddable":true,"href":"https:\/\/vsbtu.possodo.ch\/fr\/wp-json\/wp\/v2\/media\/7019"}],"wp:attachment":[{"href":"https:\/\/vsbtu.possodo.ch\/fr\/wp-json\/wp\/v2\/media?parent=7020"}],"curies":[{"name":"wp","href":"https:\/\/api.w.org\/{rel}","templated":true}]}}