{"id":7023,"date":"2025-12-01T13:32:47","date_gmt":"2025-12-01T13:32:47","guid":{"rendered":"https:\/\/vsbtu.possodo.ch\/membres\/laurent-membrez-sa\/"},"modified":"2026-01-15T09:16:19","modified_gmt":"2026-01-15T09:16:19","slug":"laurent-membrez-sa","status":"publish","type":"page","link":"https:\/\/vsbtu.possodo.ch\/fr\/membres\/laurent-membrez-sa\/","title":{"rendered":"Laurent Membrez SA"},"content":{"rendered":"\t\t<div data-elementor-type=\"wp-page\" data-elementor-id=\"7023\" class=\"elementor elementor-7023 elementor-5419\">\n\t\t\t\t<div class=\"elementor-element elementor-element-59e31af e-flex e-con-boxed e-con e-parent\" data-id=\"59e31af\" data-element_type=\"container\">\n\t\t\t\t\t<div class=\"e-con-inner\">\n\t\t<div class=\"elementor-element elementor-element-7b634cf e-con-full e-flex e-con e-child\" data-id=\"7b634cf\" data-element_type=\"container\">\n\t\t\t\t<div class=\"elementor-element elementor-element-b7eafcf elementor-widget elementor-widget-image\" data-id=\"b7eafcf\" data-element_type=\"widget\" data-widget_type=\"image.default\">\n\t\t\t\t\t\t\t\t\t\t\t\t\t\t\t\t<a href=\"https:\/\/www.membrez.ch\/\" target=\"_blank\">\n\t\t\t\t\t\t\t<img decoding=\"async\" src=\"https:\/\/vsbtu.possodo.ch\/wp-content\/uploads\/2025\/12\/logo500x500.jpg\" title=\"\" alt=\"\" loading=\"lazy\" \/>\t\t\t\t\t\t\t\t<\/a>\n\t\t\t\t\t\t\t\t\t\t\t\t\t\t\t<\/div>\n\t\t\t\t<\/div>\n\t\t<div class=\"elementor-element elementor-element-a17b891 e-con-full e-flex e-con e-child\" data-id=\"a17b891\" data-element_type=\"container\">\n\t\t\t\t<div class=\"elementor-element elementor-element-8715f1e elementor-widget elementor-widget-builda_team_member_info_custom\" data-id=\"8715f1e\" data-element_type=\"widget\" data-widget_type=\"builda_team_member_info_custom.default\">\n\t\t\t\t<div class=\"elementor-widget-container\">\n\t\t\t\t\t        <div class=\"about-page-box\">\n            <h2 class=\"mt-n3 fw-semibold mb-1\">Laurent Membrez SA<\/h2>\n            <p class=\"box-text\"> <\/p>\n        <\/div>\n\n                    <p class=\"mt-30 mb-30\">\n\n<\/p>\n        \n                    <ul class=\"team-about-list\">\n                                    <li>\n                        <strong>T\u00e9l\u00e9phone : <\/strong>\n                                                    <a href=\"tel:+41418546060\" target=\"_blank\">\n                                +41 21 869 01 69                            <\/a>\n                                            <\/li>\n                                    <li>\n                        <strong>e-mail : <\/strong>\n                                                    <a href=\"mailto:%20info@max-mueller-horgen.ch\" target=\"_blank\">\n                                membrez@membrez.ch                            <\/a>\n                                            <\/li>\n                                    <li>\n                        <strong>Site web : <\/strong>\n                                                    <a href=\"https:\/\/www.membrez.ch\/\" target=\"_blank\">\n                                www.membrez.ch                            <\/a>\n                                            <\/li>\n                            <\/ul>\n        \n        \t\t\t\t<\/div>\n\t\t\t\t<\/div>\n\t\t\t\t<\/div>\n\t\t\t\t\t<\/div>\n\t\t\t\t<\/div>\n\t\t<div class=\"elementor-element elementor-element-413ab48 e-flex e-con-boxed e-con e-parent\" data-id=\"413ab48\" data-element_type=\"container\">\n\t\t\t\t\t<div class=\"e-con-inner\">\n\t\t<div class=\"elementor-element elementor-element-3f8cfe6 e-con-full e-flex e-con e-child\" data-id=\"3f8cfe6\" data-element_type=\"container\">\n\t\t\t\t<\/div>\n\t\t<div class=\"elementor-element elementor-element-bd0e98a e-con-full e-flex e-con e-child\" data-id=\"bd0e98a\" data-element_type=\"container\">\n\t\t\t\t<div class=\"elementor-element elementor-element-5d423b9 elementor-widget elementor-widget-text-editor\" data-id=\"5d423b9\" data-element_type=\"widget\" data-widget_type=\"text-editor.default\">\n\t\t\t\t\t\t\t\t\t<h4>Domaines d\u2019activit\u00e9, client\u00e8le principale et politique de qualit\u00e9<\/h4>\n<p>Prestations d\u2019ing\u00e9nierie et ex\u00e9cution de tous travaux de construction et d\u2019entretien d\u2019installations ferroviaires. Travaux de g\u00e9nie civil, notamment la construction et la r\u00e9novation de quais, routes, ponts, tunnels, ouvrages de couverture, chemins ruraux, r\u00e9seaux collecteurs d\u2019eaux us\u00e9es et installations d\u2019\u00e9puration des eaux us\u00e9es.<\/p>\n<p>Construction, entretien et r\u00e9novation, entre autres, d\u2019ouvrages d\u2019art, de b\u00e2timents scolaires, d\u2019installations d\u2019\u00e9puration des eaux us\u00e9es, ainsi que l\u2019entretien de b\u00e2timents industriels et de maisons individuelles.<\/p>\n<p>La principale force r\u00e9side dans la pr\u00e9sence de 260 collaborateurs. De plus, un parc important et parfaitement entretenu de machines, d\u2019appareils et de v\u00e9hicules est \u00e0 disposition.<\/p>\n<p>Les principaux clients sont notamment les CFF, plus de vingt soci\u00e9t\u00e9s ferroviaires priv\u00e9es, les cantons de Vaud et du Jura, plus de cinquante communes, des collectivit\u00e9s de droit public ou des organisations institutionnelles, des entreprises priv\u00e9es ainsi que des particuliers.<\/p>\n<p>Le conseil d\u2019administration et la direction ont clairement exprim\u00e9 leur volont\u00e9 de mettre en place un syst\u00e8me de management ax\u00e9 sur la satisfaction des clients et des collaborateurs, tout en renfor\u00e7ant leur propre comp\u00e9titivit\u00e9. Ce syst\u00e8me de management permet de diriger l\u2019entreprise, l\u2019aspect \u00ab&nbsp;QUALIT\u00c9&nbsp;\u00bb \u00e9tant particuli\u00e8rement mis en avant \u00e0 tous les niveaux.<\/p>\t\t\t\t\t\t\t\t<\/div>\n\t\t\t\t<\/div>\n\t\t\t\t\t<\/div>\n\t\t\t\t<\/div>\n\t\t\t\t<\/div>\n\t\t","protected":false},"excerpt":{"rendered":"<p>Laurent Membrez SA T\u00e9l\u00e9phone : +41 21 869 01 69 e-mail : membrez@membrez.ch Site web : www.membrez.ch Domaines d\u2019activit\u00e9, client\u00e8le principale et politique de qualit\u00e9 Prestations d\u2019ing\u00e9nierie et ex\u00e9cution de tous travaux de construction et d\u2019entretien d\u2019installations ferroviaires. Travaux de g\u00e9nie civil, notamment la construction et la r\u00e9novation de quais, routes, ponts, tunnels, ouvrages de&#8230;<\/p>\n","protected":false},"author":2,"featured_media":7014,"parent":6940,"menu_order":11,"comment_status":"closed","ping_status":"closed","template":"template-builder.php","meta":{"footnotes":""},"class_list":["post-7023","page","type-page","status-publish","has-post-thumbnail","hentry"],"_links":{"self":[{"href":"https:\/\/vsbtu.possodo.ch\/fr\/wp-json\/wp\/v2\/pages\/7023","targetHints":{"allow":["GET"]}}],"collection":[{"href":"https:\/\/vsbtu.possodo.ch\/fr\/wp-json\/wp\/v2\/pages"}],"about":[{"href":"https:\/\/vsbtu.possodo.ch\/fr\/wp-json\/wp\/v2\/types\/page"}],"author":[{"embeddable":true,"href":"https:\/\/vsbtu.possodo.ch\/fr\/wp-json\/wp\/v2\/users\/2"}],"replies":[{"embeddable":true,"href":"https:\/\/vsbtu.possodo.ch\/fr\/wp-json\/wp\/v2\/comments?post=7023"}],"version-history":[{"count":4,"href":"https:\/\/vsbtu.possodo.ch\/fr\/wp-json\/wp\/v2\/pages\/7023\/revisions"}],"predecessor-version":[{"id":7158,"href":"https:\/\/vsbtu.possodo.ch\/fr\/wp-json\/wp\/v2\/pages\/7023\/revisions\/7158"}],"up":[{"embeddable":true,"href":"https:\/\/vsbtu.possodo.ch\/fr\/wp-json\/wp\/v2\/pages\/6940"}],"wp:featuredmedia":[{"embeddable":true,"href":"https:\/\/vsbtu.possodo.ch\/fr\/wp-json\/wp\/v2\/media\/7014"}],"wp:attachment":[{"href":"https:\/\/vsbtu.possodo.ch\/fr\/wp-json\/wp\/v2\/media?parent=7023"}],"curies":[{"name":"wp","href":"https:\/\/api.w.org\/{rel}","templated":true}]}}