{"id":7030,"date":"2025-12-01T14:09:18","date_gmt":"2025-12-01T14:09:18","guid":{"rendered":"https:\/\/vsbtu.possodo.ch\/membres\/meierjaeggi-ag\/"},"modified":"2026-01-15T09:16:59","modified_gmt":"2026-01-15T09:16:59","slug":"meierjaeggi-ag","status":"publish","type":"page","link":"https:\/\/vsbtu.possodo.ch\/fr\/membres\/meierjaeggi-ag\/","title":{"rendered":"Meier+J\u00e4ggi AG"},"content":{"rendered":"\t\t<div data-elementor-type=\"wp-page\" data-elementor-id=\"7030\" class=\"elementor elementor-7030 elementor-5472\">\n\t\t\t\t<div class=\"elementor-element elementor-element-59e31af e-flex e-con-boxed e-con e-parent\" data-id=\"59e31af\" data-element_type=\"container\">\n\t\t\t\t\t<div class=\"e-con-inner\">\n\t\t<div class=\"elementor-element elementor-element-7b634cf e-con-full e-flex e-con e-child\" data-id=\"7b634cf\" data-element_type=\"container\">\n\t\t\t\t<div class=\"elementor-element elementor-element-93522f1 elementor-widget elementor-widget-image\" data-id=\"93522f1\" data-element_type=\"widget\" data-widget_type=\"image.default\">\n\t\t\t\t\t\t\t\t\t\t\t\t\t\t\t\t<a href=\"https:\/\/www.m-j.ch\/\" target=\"_blank\">\n\t\t\t\t\t\t\t<img decoding=\"async\" src=\"https:\/\/vsbtu.possodo.ch\/wp-content\/uploads\/2025\/12\/MJ-Logo-1.jpg\" title=\"\" alt=\"\" loading=\"lazy\" \/>\t\t\t\t\t\t\t\t<\/a>\n\t\t\t\t\t\t\t\t\t\t\t\t\t\t\t<\/div>\n\t\t\t\t<\/div>\n\t\t<div class=\"elementor-element elementor-element-a17b891 e-con-full e-flex e-con e-child\" data-id=\"a17b891\" data-element_type=\"container\">\n\t\t\t\t<div class=\"elementor-element elementor-element-8715f1e elementor-widget elementor-widget-builda_team_member_info_custom\" data-id=\"8715f1e\" data-element_type=\"widget\" data-widget_type=\"builda_team_member_info_custom.default\">\n\t\t\t\t<div class=\"elementor-widget-container\">\n\t\t\t\t\t        <div class=\"about-page-box\">\n            <h2 class=\"mt-n3 fw-semibold mb-1\">Meier+J\u00e4ggi AG<\/h2>\n            <p class=\"box-text\"><\/p>\n        <\/div>\n\n                    <p class=\"mt-30 mb-30\">\n\n<\/p>\n        \n                    <ul class=\"team-about-list\">\n                                    <li>\n                        <strong>T\u00e9l\u00e9phone : <\/strong>\n                                                    <a href=\"tel:+41418546060\" target=\"_blank\">\n                                +41 62 746 08 08                            <\/a>\n                                            <\/li>\n                                    <li>\n                        <strong>e-mail : <\/strong>\n                                                    <a href=\"mailto:%20info@m-j.ch\" target=\"_blank\">\n                                info@m-j.ch                            <\/a>\n                                            <\/li>\n                                    <li>\n                        <strong>Site web : <\/strong>\n                                                    <a href=\"https:\/\/www.m-j.ch\/\" target=\"_blank\">\n                                www.m-j.ch                            <\/a>\n                                            <\/li>\n                            <\/ul>\n        \n        \t\t\t\t<\/div>\n\t\t\t\t<\/div>\n\t\t\t\t<\/div>\n\t\t\t\t\t<\/div>\n\t\t\t\t<\/div>\n\t\t<div class=\"elementor-element elementor-element-413ab48 e-flex e-con-boxed e-con e-parent\" data-id=\"413ab48\" data-element_type=\"container\">\n\t\t\t\t\t<div class=\"e-con-inner\">\n\t\t<div class=\"elementor-element elementor-element-3f8cfe6 e-con-full e-flex e-con e-child\" data-id=\"3f8cfe6\" data-element_type=\"container\">\n\t\t\t\t<\/div>\n\t\t<div class=\"elementor-element elementor-element-bd0e98a e-con-full e-flex e-con e-child\" data-id=\"bd0e98a\" data-element_type=\"container\">\n\t\t\t\t<div class=\"elementor-element elementor-element-5d423b9 elementor-widget elementor-widget-text-editor\" data-id=\"5d423b9\" data-element_type=\"widget\" data-widget_type=\"text-editor.default\">\n\t\t\t\t\t\t\t\t\t<h4>Nos prestations<\/h4><div><ul><li data-start=\"755\" data-end=\"821\">Transformations de gares<\/li><li data-start=\"755\" data-end=\"821\">Dalle voie fixe<\/li><li data-start=\"755\" data-end=\"821\">Drainage des voies \/ Installations de c\u00e2bles<\/li><li data-start=\"755\" data-end=\"821\">Travaux de g\u00e9nie civil ferroviaire<\/li><li data-start=\"755\" data-end=\"821\">Maintenance des voies ferr\u00e9es<\/li><li data-start=\"755\" data-end=\"821\">Infundo<\/li><li data-start=\"755\" data-end=\"821\">\u00c9crans antibruit<\/li><li data-start=\"755\" data-end=\"821\">Location de personnel et de machines<\/li><li data-start=\"755\" data-end=\"821\">Assainissement de tunnels<\/li><li data-start=\"755\" data-end=\"821\">Transformation d\u2019aiguillages<\/li><li data-start=\"755\" data-end=\"821\">Voies industrielles \/ Aiguillages<\/li><li data-start=\"755\" data-end=\"821\">Collage de ballast<\/li><\/ul><\/div>\t\t\t\t\t\t\t\t<\/div>\n\t\t\t\t<\/div>\n\t\t\t\t\t<\/div>\n\t\t\t\t<\/div>\n\t\t\t\t<\/div>\n\t\t","protected":false},"excerpt":{"rendered":"<p>Meier+J\u00e4ggi AG T\u00e9l\u00e9phone : +41 62 746 08 08 e-mail : info@m-j.ch Site web : www.m-j.ch Nos prestations Transformations de gares Dalle voie fixe Drainage des voies \/ Installations de c\u00e2bles Travaux de g\u00e9nie civil ferroviaire Maintenance des voies ferr\u00e9es Infundo \u00c9crans antibruit Location de personnel et de machines Assainissement de tunnels Transformation d\u2019aiguillages Voies&#8230;<\/p>\n","protected":false},"author":2,"featured_media":7021,"parent":6940,"menu_order":13,"comment_status":"closed","ping_status":"closed","template":"template-builder.php","meta":{"footnotes":""},"class_list":["post-7030","page","type-page","status-publish","has-post-thumbnail","hentry"],"_links":{"self":[{"href":"https:\/\/vsbtu.possodo.ch\/fr\/wp-json\/wp\/v2\/pages\/7030","targetHints":{"allow":["GET"]}}],"collection":[{"href":"https:\/\/vsbtu.possodo.ch\/fr\/wp-json\/wp\/v2\/pages"}],"about":[{"href":"https:\/\/vsbtu.possodo.ch\/fr\/wp-json\/wp\/v2\/types\/page"}],"author":[{"embeddable":true,"href":"https:\/\/vsbtu.possodo.ch\/fr\/wp-json\/wp\/v2\/users\/2"}],"replies":[{"embeddable":true,"href":"https:\/\/vsbtu.possodo.ch\/fr\/wp-json\/wp\/v2\/comments?post=7030"}],"version-history":[{"count":4,"href":"https:\/\/vsbtu.possodo.ch\/fr\/wp-json\/wp\/v2\/pages\/7030\/revisions"}],"predecessor-version":[{"id":7164,"href":"https:\/\/vsbtu.possodo.ch\/fr\/wp-json\/wp\/v2\/pages\/7030\/revisions\/7164"}],"up":[{"embeddable":true,"href":"https:\/\/vsbtu.possodo.ch\/fr\/wp-json\/wp\/v2\/pages\/6940"}],"wp:featuredmedia":[{"embeddable":true,"href":"https:\/\/vsbtu.possodo.ch\/fr\/wp-json\/wp\/v2\/media\/7021"}],"wp:attachment":[{"href":"https:\/\/vsbtu.possodo.ch\/fr\/wp-json\/wp\/v2\/media?parent=7030"}],"curies":[{"name":"wp","href":"https:\/\/api.w.org\/{rel}","templated":true}]}}