{"id":7034,"date":"2025-12-01T15:01:44","date_gmt":"2025-12-01T15:01:44","guid":{"rendered":"https:\/\/vsbtu.possodo.ch\/membres\/rhomberg-sersa-rail-ag\/"},"modified":"2026-01-15T09:18:18","modified_gmt":"2026-01-15T09:18:18","slug":"rhomberg-sersa-rail-ag","status":"publish","type":"page","link":"https:\/\/vsbtu.possodo.ch\/fr\/membres\/rhomberg-sersa-rail-ag\/","title":{"rendered":"Rhomberg Sersa Rail AG"},"content":{"rendered":"\t\t<div data-elementor-type=\"wp-page\" data-elementor-id=\"7034\" class=\"elementor elementor-7034 elementor-5538\">\n\t\t\t\t<div class=\"elementor-element elementor-element-59e31af e-flex e-con-boxed e-con e-parent\" data-id=\"59e31af\" data-element_type=\"container\">\n\t\t\t\t\t<div class=\"e-con-inner\">\n\t\t<div class=\"elementor-element elementor-element-7b634cf e-con-full e-flex e-con e-child\" data-id=\"7b634cf\" data-element_type=\"container\">\n\t\t\t\t<div class=\"elementor-element elementor-element-f9f2629 elementor-widget elementor-widget-image\" data-id=\"f9f2629\" data-element_type=\"widget\" data-widget_type=\"image.default\">\n\t\t\t\t\t\t\t\t\t\t\t\t\t\t\t\t<a href=\"http:\/\/www.rhomberg-sersa.com\" target=\"_blank\">\n\t\t\t\t\t\t\t<img decoding=\"async\" src=\"https:\/\/vsbtu.possodo.ch\/wp-content\/uploads\/2025\/12\/logo-rhomberg-sersa-cmyk-5_1000-1.png\" title=\"\" alt=\"\" loading=\"lazy\" \/>\t\t\t\t\t\t\t\t<\/a>\n\t\t\t\t\t\t\t\t\t\t\t\t\t\t\t<\/div>\n\t\t\t\t<\/div>\n\t\t<div class=\"elementor-element elementor-element-a17b891 e-con-full e-flex e-con e-child\" data-id=\"a17b891\" data-element_type=\"container\">\n\t\t\t\t<div class=\"elementor-element elementor-element-8715f1e elementor-widget elementor-widget-builda_team_member_info_custom\" data-id=\"8715f1e\" data-element_type=\"widget\" data-widget_type=\"builda_team_member_info_custom.default\">\n\t\t\t\t<div class=\"elementor-widget-container\">\n\t\t\t\t\t        <div class=\"about-page-box\">\n            <h2 class=\"mt-n3 fw-semibold mb-1\">Rhomberg Sersa Rail AG<\/h2>\n            <p class=\"box-text\"><\/p>\n        <\/div>\n\n                    <p class=\"mt-30 mb-30\">Le rail \u00e0 l&#039;honneur, la Suisse au c\u0153ur\n<\/p>\n        \n                    <ul class=\"team-about-list\">\n                                    <li>\n                        <strong>T\u00e9l\u00e9phone : <\/strong>\n                                                    <a href=\"tel:+41418546060\" target=\"_blank\">\n                                +41 43 322 23 23                            <\/a>\n                                            <\/li>\n                                    <li>\n                        <strong>e-mail : <\/strong>\n                                                    <a href=\"mailto:%20info.sgs@rsrg.com\" target=\"_blank\">\n                                info.sgs@rsrg.com                            <\/a>\n                                            <\/li>\n                                    <li>\n                        <strong>site web : <\/strong>\n                                                    <a href=\"https:\/\/switzerland.rhomberg-sersa.com\/de\" target=\"_blank\">\n                                www.rhomberg-sersa.com                            <\/a>\n                                            <\/li>\n                            <\/ul>\n        \n        \t\t\t\t<\/div>\n\t\t\t\t<\/div>\n\t\t\t\t<\/div>\n\t\t\t\t\t<\/div>\n\t\t\t\t<\/div>\n\t\t<div class=\"elementor-element elementor-element-413ab48 e-flex e-con-boxed e-con e-parent\" data-id=\"413ab48\" data-element_type=\"container\">\n\t\t\t\t\t<div class=\"e-con-inner\">\n\t\t<div class=\"elementor-element elementor-element-3f8cfe6 e-con-full e-flex e-con e-child\" data-id=\"3f8cfe6\" data-element_type=\"container\">\n\t\t\t\t<\/div>\n\t\t<div class=\"elementor-element elementor-element-bd0e98a e-con-full e-flex e-con e-child\" data-id=\"bd0e98a\" data-element_type=\"container\">\n\t\t\t\t<div class=\"elementor-element elementor-element-5d423b9 elementor-widget elementor-widget-text-editor\" data-id=\"5d423b9\" data-element_type=\"widget\" data-widget_type=\"text-editor.default\">\n\t\t\t\t\t\t\t\t\t<h4>Comp\u00e9tences cl\u00e9s<\/h4><div><ul><li data-start=\"755\" data-end=\"821\">Construction de voies ferr\u00e9es et g\u00e9nie civil ferroviaire directement li\u00e9 dans de nombreux projets<br>dans tous les types de voies<\/li><li data-start=\"755\" data-end=\"821\">Longue exp\u00e9rience dans la construction de raccordements ferroviaires, jusqu\u2019aux projets complexes de renouvellement de la superstructure et de l\u2019infrastructure<\/li><li data-start=\"755\" data-end=\"821\">Travaux sp\u00e9ciaux de g\u00e9nie civil ferroviaire qui ne sont possibles qu\u2019\u00e0 partir de trains de chantier<\/li><li data-start=\"755\" data-end=\"821\">Dalle voie fixe<\/li><li data-start=\"755\" data-end=\"821\">Canalisations de c\u00e2bles et tirage de c\u00e2bles<\/li><li data-start=\"755\" data-end=\"821\">Fondations de courant de traction et SA<\/li><li data-start=\"755\" data-end=\"821\">Construction de canalisations sans tranch\u00e9e<\/li><li data-start=\"755\" data-end=\"821\">Assainissement de tunnels ferroviaires<\/li><li data-start=\"755\" data-end=\"821\">Solutions individuelles pour les chemins de fer de montagne, les chemins de fer \u00e0 cr\u00e9maill\u00e8re, les funiculaires<\/li><li data-start=\"755\" data-end=\"821\">Assainissement des trous de boulons SLS<span style=\"font-family: Arial, sans-serif; font-size: 13.3333px;\">\u00ae<\/span> <\/li><li data-start=\"755\" data-end=\"821\">Gestion de projet<\/li><li data-start=\"755\" data-end=\"821\">Logistique pour les grands projets, y compris Location de machines et de personnel sp\u00e9cialis\u00e9<\/li><li data-start=\"755\" data-end=\"821\">Location de personnel et de moyens de traction<\/li><li data-start=\"755\" data-end=\"821\">Prestations de s\u00e9curit\u00e9<\/li><li data-start=\"755\" data-end=\"821\">Transformations de voies et d\u2019aiguillages<\/li><\/ul><\/div>\t\t\t\t\t\t\t\t<\/div>\n\t\t\t\t<\/div>\n\t\t\t\t\t<\/div>\n\t\t\t\t<\/div>\n\t\t\t\t<\/div>\n\t\t","protected":false},"excerpt":{"rendered":"<p>Rhomberg Sersa Rail AG Le rail \u00e0 l&#039;honneur, la Suisse au c\u0153ur T\u00e9l\u00e9phone : +41 43 322 23 23 e-mail : info.sgs@rsrg.com site web : www.rhomberg-sersa.com Comp\u00e9tences cl\u00e9s Construction de voies ferr\u00e9es et g\u00e9nie civil ferroviaire directement li\u00e9 dans de nombreux projetsdans tous les types de voies Longue exp\u00e9rience dans la construction de raccordements ferroviaires,&#8230;<\/p>\n","protected":false},"author":2,"featured_media":7033,"parent":6940,"menu_order":15,"comment_status":"closed","ping_status":"closed","template":"template-builder.php","meta":{"footnotes":""},"class_list":["post-7034","page","type-page","status-publish","has-post-thumbnail","hentry"],"_links":{"self":[{"href":"https:\/\/vsbtu.possodo.ch\/fr\/wp-json\/wp\/v2\/pages\/7034","targetHints":{"allow":["GET"]}}],"collection":[{"href":"https:\/\/vsbtu.possodo.ch\/fr\/wp-json\/wp\/v2\/pages"}],"about":[{"href":"https:\/\/vsbtu.possodo.ch\/fr\/wp-json\/wp\/v2\/types\/page"}],"author":[{"embeddable":true,"href":"https:\/\/vsbtu.possodo.ch\/fr\/wp-json\/wp\/v2\/users\/2"}],"replies":[{"embeddable":true,"href":"https:\/\/vsbtu.possodo.ch\/fr\/wp-json\/wp\/v2\/comments?post=7034"}],"version-history":[{"count":4,"href":"https:\/\/vsbtu.possodo.ch\/fr\/wp-json\/wp\/v2\/pages\/7034\/revisions"}],"predecessor-version":[{"id":7170,"href":"https:\/\/vsbtu.possodo.ch\/fr\/wp-json\/wp\/v2\/pages\/7034\/revisions\/7170"}],"up":[{"embeddable":true,"href":"https:\/\/vsbtu.possodo.ch\/fr\/wp-json\/wp\/v2\/pages\/6940"}],"wp:featuredmedia":[{"embeddable":true,"href":"https:\/\/vsbtu.possodo.ch\/fr\/wp-json\/wp\/v2\/media\/7033"}],"wp:attachment":[{"href":"https:\/\/vsbtu.possodo.ch\/fr\/wp-json\/wp\/v2\/media?parent=7034"}],"curies":[{"name":"wp","href":"https:\/\/api.w.org\/{rel}","templated":true}]}}