{"id":7049,"date":"2025-12-01T15:33:03","date_gmt":"2025-12-01T15:33:03","guid":{"rendered":"https:\/\/vsbtu.possodo.ch\/membres\/vanoli-sa\/"},"modified":"2026-01-15T09:20:56","modified_gmt":"2026-01-15T09:20:56","slug":"vanoli-sa","status":"publish","type":"page","link":"https:\/\/vsbtu.possodo.ch\/fr\/membres\/vanoli-sa\/","title":{"rendered":"Vanoli SA"},"content":{"rendered":"\t\t<div data-elementor-type=\"wp-page\" data-elementor-id=\"7049\" class=\"elementor elementor-7049 elementor-5582\">\n\t\t\t\t<div class=\"elementor-element elementor-element-59e31af e-flex e-con-boxed e-con e-parent\" data-id=\"59e31af\" data-element_type=\"container\">\n\t\t\t\t\t<div class=\"e-con-inner\">\n\t\t<div class=\"elementor-element elementor-element-7b634cf e-con-full e-flex e-con e-child\" data-id=\"7b634cf\" data-element_type=\"container\">\n\t\t\t\t<div class=\"elementor-element elementor-element-60d18c3 elementor-widget elementor-widget-image\" data-id=\"60d18c3\" data-element_type=\"widget\" data-widget_type=\"image.default\">\n\t\t\t\t\t\t\t\t\t\t\t\t\t\t\t\t<a href=\"https:\/\/www.vanoli.ch\/de\/\" target=\"_blank\">\n\t\t\t\t\t\t\t<img decoding=\"async\" src=\"https:\/\/vsbtu.possodo.ch\/wp-content\/uploads\/2025\/12\/Vanoli_m_Claim_4c_dt_neg_1000.png\" title=\"\" alt=\"\" loading=\"lazy\" \/>\t\t\t\t\t\t\t\t<\/a>\n\t\t\t\t\t\t\t\t\t\t\t\t\t\t\t<\/div>\n\t\t\t\t<\/div>\n\t\t<div class=\"elementor-element elementor-element-a17b891 e-con-full e-flex e-con e-child\" data-id=\"a17b891\" data-element_type=\"container\">\n\t\t\t\t<div class=\"elementor-element elementor-element-8715f1e elementor-widget elementor-widget-builda_team_member_info_custom\" data-id=\"8715f1e\" data-element_type=\"widget\" data-widget_type=\"builda_team_member_info_custom.default\">\n\t\t\t\t<div class=\"elementor-widget-container\">\n\t\t\t\t\t        <div class=\"about-page-box\">\n            <h2 class=\"mt-n3 fw-semibold mb-1\">Vanoli AG<\/h2>\n            <p class=\"box-text\"><\/p>\n        <\/div>\n\n                    <p class=\"mt-30 mb-30\">Vanoli AG, dont le si\u00e8ge social est situ\u00e9 \u00e0 Zofingue et \u00e0 Lucerne, et qui d\u00e9tient 100 % des parts de Vanoli SA, bas\u00e9e \u00e0 Valeyres-sous-Montagny, emploie plus de 250 personnes. Ses activit\u00e9s couvrent l&#039;ensemble du territoire suisse. Elle propose des services sp\u00e9cialis\u00e9s, tels que la construction de funiculaires, \u00e0 l&#039;international.\n\n<\/p>\n        \n                    <ul class=\"team-about-list\">\n                                    <li>\n                        <strong>T\u00e9l\u00e9phone : <\/strong>\n                                                    <a href=\"tel:+41418546060\" target=\"_blank\">\n                                +41 62 745 80 60                            <\/a>\n                                            <\/li>\n                                    <li>\n                        <strong>e-mail : <\/strong>\n                                                    <a href=\"mailto:%20info@vanoli.ch\" target=\"_blank\">\n                                info@vanoli.ch                            <\/a>\n                                            <\/li>\n                                    <li>\n                        <strong>Site web : <\/strong>\n                                                    <a href=\"https:\/\/www.vanoli.ch\/de\/\" target=\"_blank\">\n                                www.vanoli.ch                            <\/a>\n                                            <\/li>\n                            <\/ul>\n        \n        \t\t\t\t<\/div>\n\t\t\t\t<\/div>\n\t\t\t\t<\/div>\n\t\t\t\t\t<\/div>\n\t\t\t\t<\/div>\n\t\t<div class=\"elementor-element elementor-element-413ab48 e-flex e-con-boxed e-con e-parent\" data-id=\"413ab48\" data-element_type=\"container\">\n\t\t\t\t\t<div class=\"e-con-inner\">\n\t\t<div class=\"elementor-element elementor-element-3f8cfe6 e-con-full e-flex e-con e-child\" data-id=\"3f8cfe6\" data-element_type=\"container\">\n\t\t\t\t<\/div>\n\t\t<div class=\"elementor-element elementor-element-bd0e98a e-con-full e-flex e-con e-child\" data-id=\"bd0e98a\" data-element_type=\"container\">\n\t\t\t\t<div class=\"elementor-element elementor-element-5d423b9 elementor-widget elementor-widget-text-editor\" data-id=\"5d423b9\" data-element_type=\"widget\" data-widget_type=\"text-editor.default\">\n\t\t\t\t\t\t\t\t\t<h4>Domaines d\u2019activit\u00e9<\/h4><div><ul><li data-start=\"755\" data-end=\"821\">Construction de voies<\/li><li data-start=\"755\" data-end=\"821\">Renforcement de blindage<\/li><li data-start=\"755\" data-end=\"821\">Location d\u2019agents de s\u00e9curit\u00e9 et d\u2019accompagnateurs<\/li><li data-start=\"755\" data-end=\"821\">Construction de routes et g\u00e9nie civil<\/li><li data-start=\"755\" data-end=\"821\">G\u00e9nie civil<\/li><li data-start=\"755\" data-end=\"821\">Fon\u00e7age de tuyaux<\/li><li data-start=\"755\" data-end=\"821\">Conseil et gestion de projet<\/li><\/ul><\/div>\t\t\t\t\t\t\t\t<\/div>\n\t\t\t\t<\/div>\n\t\t\t\t\t<\/div>\n\t\t\t\t<\/div>\n\t\t\t\t<\/div>\n\t\t","protected":false},"excerpt":{"rendered":"<p>Vanoli AG Vanoli AG, dont le si\u00e8ge social est situ\u00e9 \u00e0 Zofingue et \u00e0 Lucerne, et qui d\u00e9tient 100 % des parts de Vanoli SA, bas\u00e9e \u00e0 Valeyres-sous-Montagny, emploie plus de 250 personnes. Ses activit\u00e9s couvrent l&#039;ensemble du territoire suisse. Elle propose des services sp\u00e9cialis\u00e9s, tels que la construction de funiculaires, \u00e0 l&#039;international. T\u00e9l\u00e9phone :&#8230;<\/p>\n","protected":false},"author":2,"featured_media":7048,"parent":6940,"menu_order":20,"comment_status":"closed","ping_status":"closed","template":"template-builder.php","meta":{"footnotes":""},"class_list":["post-7049","page","type-page","status-publish","has-post-thumbnail","hentry"],"_links":{"self":[{"href":"https:\/\/vsbtu.possodo.ch\/fr\/wp-json\/wp\/v2\/pages\/7049","targetHints":{"allow":["GET"]}}],"collection":[{"href":"https:\/\/vsbtu.possodo.ch\/fr\/wp-json\/wp\/v2\/pages"}],"about":[{"href":"https:\/\/vsbtu.possodo.ch\/fr\/wp-json\/wp\/v2\/types\/page"}],"author":[{"embeddable":true,"href":"https:\/\/vsbtu.possodo.ch\/fr\/wp-json\/wp\/v2\/users\/2"}],"replies":[{"embeddable":true,"href":"https:\/\/vsbtu.possodo.ch\/fr\/wp-json\/wp\/v2\/comments?post=7049"}],"version-history":[{"count":4,"href":"https:\/\/vsbtu.possodo.ch\/fr\/wp-json\/wp\/v2\/pages\/7049\/revisions"}],"predecessor-version":[{"id":7185,"href":"https:\/\/vsbtu.possodo.ch\/fr\/wp-json\/wp\/v2\/pages\/7049\/revisions\/7185"}],"up":[{"embeddable":true,"href":"https:\/\/vsbtu.possodo.ch\/fr\/wp-json\/wp\/v2\/pages\/6940"}],"wp:featuredmedia":[{"embeddable":true,"href":"https:\/\/vsbtu.possodo.ch\/fr\/wp-json\/wp\/v2\/media\/7048"}],"wp:attachment":[{"href":"https:\/\/vsbtu.possodo.ch\/fr\/wp-json\/wp\/v2\/media?parent=7049"}],"curies":[{"name":"wp","href":"https:\/\/api.w.org\/{rel}","templated":true}]}}