{"id":7054,"date":"2025-12-01T15:43:55","date_gmt":"2025-12-01T15:43:55","guid":{"rendered":"https:\/\/vsbtu.possodo.ch\/membres\/vt-sa\/"},"modified":"2026-01-15T09:21:26","modified_gmt":"2026-01-15T09:21:26","slug":"vt-sa","status":"publish","type":"page","link":"https:\/\/vsbtu.possodo.ch\/fr\/membres\/vt-sa\/","title":{"rendered":"VT SA"},"content":{"rendered":"\t\t<div data-elementor-type=\"wp-page\" data-elementor-id=\"7054\" class=\"elementor elementor-7054 elementor-5597\">\n\t\t\t\t<div class=\"elementor-element elementor-element-59e31af e-flex e-con-boxed e-con e-parent\" data-id=\"59e31af\" data-element_type=\"container\">\n\t\t\t\t\t<div class=\"e-con-inner\">\n\t\t<div class=\"elementor-element elementor-element-7b634cf e-con-full e-flex e-con e-child\" data-id=\"7b634cf\" data-element_type=\"container\">\n\t\t\t\t<div class=\"elementor-element elementor-element-3eefcc9 elementor-widget elementor-widget-image\" data-id=\"3eefcc9\" data-element_type=\"widget\" data-widget_type=\"image.default\">\n\t\t\t\t\t\t\t\t\t\t\t\t\t\t\t\t<a href=\"https:\/\/vtag.ch\" target=\"_blank\">\n\t\t\t\t\t\t\t<img decoding=\"async\" src=\"https:\/\/vsbtu.possodo.ch\/wp-content\/uploads\/2025\/12\/VT-Logo-2.jpg\" title=\"\" alt=\"\" loading=\"lazy\" \/>\t\t\t\t\t\t\t\t<\/a>\n\t\t\t\t\t\t\t\t\t\t\t\t\t\t\t<\/div>\n\t\t\t\t<\/div>\n\t\t<div class=\"elementor-element elementor-element-a17b891 e-con-full e-flex e-con e-child\" data-id=\"a17b891\" data-element_type=\"container\">\n\t\t\t\t<div class=\"elementor-element elementor-element-8715f1e elementor-widget elementor-widget-builda_team_member_info_custom\" data-id=\"8715f1e\" data-element_type=\"widget\" data-widget_type=\"builda_team_member_info_custom.default\">\n\t\t\t\t<div class=\"elementor-widget-container\">\n\t\t\t\t\t        <div class=\"about-page-box\">\n            <h2 class=\"mt-n3 fw-semibold mb-1\">VT Verkehrs- und Industrietechnik AG<\/h2>\n            <p class=\"box-text\"><\/p>\n        <\/div>\n\n                    <p class=\"mt-30 mb-30\">\nNous proposons \u00e0 nos clients une vaste gamme de produits et de services associ\u00e9s dans les domaines des superstructures de voies, des syst\u00e8mes de s\u00e9curit\u00e9 et des d\u00e9p\u00f4ts. Pour l&#039;ensemble des infrastructures ferroviaires, de transport local et industrielles.\n\n<\/p>\n        \n                    <ul class=\"team-about-list\">\n                                    <li>\n                        <strong>T\u00e9l\u00e9phone : <\/strong>\n                                                    <a href=\"tel:+41418546060\" target=\"_blank\">\n                                +41 56 416 34 34                            <\/a>\n                                            <\/li>\n                                    <li>\n                        <strong>e-mail : <\/strong>\n                                                    <a href=\"mailto:%20info@vtag.ch\" target=\"_blank\">\n                                info@vtag.ch                            <\/a>\n                                            <\/li>\n                                    <li>\n                        <strong>Site web : <\/strong>\n                                                    <a href=\"https:\/\/vtag.ch\" target=\"_blank\">\n                                www.vtag.ch                            <\/a>\n                                            <\/li>\n                            <\/ul>\n        \n        \t\t\t\t<\/div>\n\t\t\t\t<\/div>\n\t\t\t\t<\/div>\n\t\t\t\t\t<\/div>\n\t\t\t\t<\/div>\n\t\t<div class=\"elementor-element elementor-element-413ab48 e-flex e-con-boxed e-con e-parent\" data-id=\"413ab48\" data-element_type=\"container\">\n\t\t\t\t\t<div class=\"e-con-inner\">\n\t\t<div class=\"elementor-element elementor-element-3f8cfe6 e-con-full e-flex e-con e-child\" data-id=\"3f8cfe6\" data-element_type=\"container\">\n\t\t\t\t<\/div>\n\t\t<div class=\"elementor-element elementor-element-bd0e98a e-con-full e-flex e-con e-child\" data-id=\"bd0e98a\" data-element_type=\"container\">\n\t\t\t\t<div class=\"elementor-element elementor-element-5d423b9 elementor-widget elementor-widget-text-editor\" data-id=\"5d423b9\" data-element_type=\"widget\" data-widget_type=\"text-editor.default\">\n\t\t\t\t\t\t\t\t\t<h4>Aper\u00e7u des produits<\/h4><div><div><b>Mat\u00e9riel de superstructure<\/b><\/div><div><ul><li>Rails, traverses, mat\u00e9riel de fixation, aiguillages, croisements, commandes d\u2019aiguillage, syst\u00e8mes de graissage des rails, dispositifs de roulement des lames, butoirs, inspections d\u2019aiguillages, examens roue-rail<\/li><\/ul><\/div><div><b>Mat\u00e9riel de s\u00e9curit\u00e9<\/b><\/div><div><ul><li>Installations de passage \u00e0 niveau, installations de r\u00e9gulation du trafic, syst\u00e8mes de comptage d\u2019essieux, aiguillages \u00e9lectriques \u00e0 commande locale, postes d\u2019enclenchement de man\u0153uvre<\/li><\/ul><\/div><div><b>Mat\u00e9riel de d\u00e9p\u00f4t<\/b><\/div><ul><li>Plaques tournantes transbordeurs, installations de levage, v\u00e9hicules sp\u00e9ciaux, \u00e9quipements rapport\u00e9s, syst\u00e8mes de caillebotis en plastique, installations de treuils \u00e0 c\u00e2ble, dispositifs de rotation et de remplacement de bogies<\/li><\/ul><div> <span style=\"font-weight: bold;\">Service<\/span><\/div><div><ul><li>Examens de voie, montages de dispositifs et de fermetures d\u2019aiguillage, installations de passage \u00e0 niveau<\/li><\/ul><\/div><\/div>\t\t\t\t\t\t\t\t<\/div>\n\t\t\t\t<\/div>\n\t\t\t\t\t<\/div>\n\t\t\t\t<\/div>\n\t\t\t\t<\/div>\n\t\t","protected":false},"excerpt":{"rendered":"<p>VT Verkehrs- und Industrietechnik AG Nous proposons \u00e0 nos clients une vaste gamme de produits et de services associ\u00e9s dans les domaines des superstructures de voies, des syst\u00e8mes de s\u00e9curit\u00e9 et des d\u00e9p\u00f4ts. Pour l&#039;ensemble des infrastructures ferroviaires, de transport local et industrielles. T\u00e9l\u00e9phone : +41 56 416 34 34 e-mail : info@vtag.ch Site web&#8230;<\/p>\n","protected":false},"author":2,"featured_media":7053,"parent":6940,"menu_order":21,"comment_status":"closed","ping_status":"closed","template":"template-builder.php","meta":{"footnotes":""},"class_list":["post-7054","page","type-page","status-publish","has-post-thumbnail","hentry"],"_links":{"self":[{"href":"https:\/\/vsbtu.possodo.ch\/fr\/wp-json\/wp\/v2\/pages\/7054","targetHints":{"allow":["GET"]}}],"collection":[{"href":"https:\/\/vsbtu.possodo.ch\/fr\/wp-json\/wp\/v2\/pages"}],"about":[{"href":"https:\/\/vsbtu.possodo.ch\/fr\/wp-json\/wp\/v2\/types\/page"}],"author":[{"embeddable":true,"href":"https:\/\/vsbtu.possodo.ch\/fr\/wp-json\/wp\/v2\/users\/2"}],"replies":[{"embeddable":true,"href":"https:\/\/vsbtu.possodo.ch\/fr\/wp-json\/wp\/v2\/comments?post=7054"}],"version-history":[{"count":4,"href":"https:\/\/vsbtu.possodo.ch\/fr\/wp-json\/wp\/v2\/pages\/7054\/revisions"}],"predecessor-version":[{"id":7188,"href":"https:\/\/vsbtu.possodo.ch\/fr\/wp-json\/wp\/v2\/pages\/7054\/revisions\/7188"}],"up":[{"embeddable":true,"href":"https:\/\/vsbtu.possodo.ch\/fr\/wp-json\/wp\/v2\/pages\/6940"}],"wp:featuredmedia":[{"embeddable":true,"href":"https:\/\/vsbtu.possodo.ch\/fr\/wp-json\/wp\/v2\/media\/7053"}],"wp:attachment":[{"href":"https:\/\/vsbtu.possodo.ch\/fr\/wp-json\/wp\/v2\/media?parent=7054"}],"curies":[{"name":"wp","href":"https:\/\/api.w.org\/{rel}","templated":true}]}}