{"id":7058,"date":"2025-12-01T16:52:48","date_gmt":"2025-12-01T16:52:48","guid":{"rendered":"https:\/\/vsbtu.possodo.ch\/membres\/walo-bertschinger-ag\/"},"modified":"2026-01-15T09:21:59","modified_gmt":"2026-01-15T09:21:59","slug":"walo-bertschinger-ag","status":"publish","type":"page","link":"https:\/\/vsbtu.possodo.ch\/fr\/membres\/walo-bertschinger-ag\/","title":{"rendered":"Walo Bertschinger AG"},"content":{"rendered":"\t\t<div data-elementor-type=\"wp-page\" data-elementor-id=\"7058\" class=\"elementor elementor-7058 elementor-5647\">\n\t\t\t\t<div class=\"elementor-element elementor-element-59e31af e-flex e-con-boxed e-con e-parent\" data-id=\"59e31af\" data-element_type=\"container\">\n\t\t\t\t\t<div class=\"e-con-inner\">\n\t\t<div class=\"elementor-element elementor-element-7b634cf e-con-full e-flex e-con e-child\" data-id=\"7b634cf\" data-element_type=\"container\">\n\t\t\t\t<div class=\"elementor-element elementor-element-ed69a5d elementor-widget elementor-widget-image\" data-id=\"ed69a5d\" data-element_type=\"widget\" data-widget_type=\"image.default\">\n\t\t\t\t\t\t\t\t\t\t\t\t\t\t\t\t<a href=\"https:\/\/www.walo.ch\/de-ch\/\" target=\"_blank\">\n\t\t\t\t\t\t\t<img decoding=\"async\" src=\"https:\/\/vsbtu.possodo.ch\/wp-content\/uploads\/2025\/11\/WALO_logo_R255_G223_B0-1-scaled.png\" title=\"\" alt=\"\" loading=\"lazy\" \/>\t\t\t\t\t\t\t\t<\/a>\n\t\t\t\t\t\t\t\t\t\t\t\t\t\t\t<\/div>\n\t\t\t\t<\/div>\n\t\t<div class=\"elementor-element elementor-element-a17b891 e-con-full e-flex e-con e-child\" data-id=\"a17b891\" data-element_type=\"container\">\n\t\t\t\t<div class=\"elementor-element elementor-element-8715f1e elementor-widget elementor-widget-builda_team_member_info_custom\" data-id=\"8715f1e\" data-element_type=\"widget\" data-widget_type=\"builda_team_member_info_custom.default\">\n\t\t\t\t<div class=\"elementor-widget-container\">\n\t\t\t\t\t        <div class=\"about-page-box\">\n            <h2 class=\"mt-n3 fw-semibold mb-1\">Walo Bertschinger AG<\/h2>\n            <p class=\"box-text\"><\/p>\n        <\/div>\n\n                    <p class=\"mt-30 mb-30\">\nDepuis plus de 100 ans, WALO est un acteur majeur de la construction de voies ferr\u00e9es et des technologies ferroviaires en Suisse. Que ce soit pour les Chemins de fer f\u00e9d\u00e9raux suisses (CFF), les compagnies ferroviaires priv\u00e9es, les tramways, les syst\u00e8mes de voies industrielles ou les voies sp\u00e9ciales comme les voies pour ponts roulants ou transformateurs, nous vous proposons une gamme compl\u00e8te de services li\u00e9s \u00e0 la construction de voies.\n\n<\/p>\n        \n                    <ul class=\"team-about-list\">\n                                    <li>\n                        <strong>T\u00e9l\u00e9phone : <\/strong>\n                                                    <a href=\"tel:+41418546060\" target=\"_blank\">\n                                +41 44 745 23 11                            <\/a>\n                                            <\/li>\n                                    <li>\n                        <strong>e-mail : <\/strong>\n                                                    <a href=\"mailto:%20walo@walo.ch\" target=\"_blank\">\n                                walo@walo.ch                            <\/a>\n                                            <\/li>\n                                    <li>\n                        <strong>Site web : <\/strong>\n                                                    <a href=\"https:\/\/www.walo.ch\/de-ch\/\" target=\"_blank\">\n                                www.walo.ch                            <\/a>\n                                            <\/li>\n                            <\/ul>\n        \n        \t\t\t\t<\/div>\n\t\t\t\t<\/div>\n\t\t\t\t<\/div>\n\t\t\t\t\t<\/div>\n\t\t\t\t<\/div>\n\t\t<div class=\"elementor-element elementor-element-413ab48 e-flex e-con-boxed e-con e-parent\" data-id=\"413ab48\" data-element_type=\"container\">\n\t\t\t\t\t<div class=\"e-con-inner\">\n\t\t<div class=\"elementor-element elementor-element-3f8cfe6 e-con-full e-flex e-con e-child\" data-id=\"3f8cfe6\" data-element_type=\"container\">\n\t\t\t\t<\/div>\n\t\t<div class=\"elementor-element elementor-element-bd0e98a e-con-full e-flex e-con e-child\" data-id=\"bd0e98a\" data-element_type=\"container\">\n\t\t\t\t<div class=\"elementor-element elementor-element-5d423b9 elementor-widget elementor-widget-text-editor\" data-id=\"5d423b9\" data-element_type=\"widget\" data-widget_type=\"text-editor.default\">\n\t\t\t\t\t\t\t\t\t<h4 style=\"font-family: Arial, Helvetica, sans-serif; color: #000000;\">Offre de prestations<\/h4>\n<div>\n<div><span style=\"font-weight: bold;\">Construction de voies<\/span><\/div>\n<div>\n<ul>\n<li>Construction neuve, transformation et assainissement d\u2019installations de voies et d\u2019aiguillages \u00e0 voie normale et m\u00e9trique<br><\/li>\n<li>Voie ballast\u00e9e&nbsp;: remplacement ou nettoyage du ballast<\/li>\n<li>Voie fixe&nbsp;: tous les syst\u00e8mes tels que LVT, Rheda City, etc.<\/li>\n<li>Voies \u00e0 cr\u00e9maill\u00e8re<\/li>\n<li>Voies sp\u00e9ciales telles qu\u2019installations de voies de transformateurs, voies de ponts roulants et voies de mesure<\/li>\n<\/ul>\n<div>\n<div><span style=\"font-weight: bold;\">Travaux de g\u00e9nie civil ferroviaire<\/span><\/div>\n<div>\n<ul>\n<li>Infrastructure de voie<\/li>\n<li>Drainages de voies<\/li>\n<li>Fondations pour cat\u00e9naire<\/li>\n<li>Signaux et autres<\/li>\n<li>Installations ferroviaires<\/li>\n<li>Travaux de berme<\/li>\n<li>Logistique des mat\u00e9riaux<\/li>\n<\/ul>\n<div>\n<div><span style=\"font-weight: bold;\">Contr\u00f4le et entretien des voies<\/span><\/div>\n<div>\n<ul>\n<li>Raccordements&nbsp;: contrats modulaires pour la surveillance et l\u2019entretien<\/li>\n<li>Surveillance et entretien<\/li>\n<li>Surveillance<\/li>\n<li>Entretien<\/li>\n<li>Interventions d\u2019urgence<\/li>\n<\/ul>\n<div>\n<div><span style=\"font-weight: bold;\">Assainissement des traverses en bois HSS<\/span><\/div>\n<div><span style=\"font-weight: bold;\">&nbsp;<\/span><\/div>\n<div>\n<div>\n<div><span style=\"font-weight: bold;\">Construction de lignes et de c\u00e2bles<\/span><\/div>\n<div><span style=\"font-weight: bold;\">&nbsp;<\/span><\/div>\n<div>\n<div><span style=\"font-weight: bold;\">Logistique ferroviaire<\/span><\/div>\n<div><span style=\"font-weight: bold;\">&nbsp;<\/span><\/div>\n<div><span style=\"font-weight: bold;\">Travaux de soudure et de meulage<\/span><\/div>\n<\/div>\n<\/div>\n<\/div>\n<\/div>\n<\/div>\n<\/div>\n<\/div>\n<\/div>\n<\/div>\n<\/div>\n<div>\n<div>\n<ul>\n<li>Soudures aluminothermiques de rails Vignol et \u00e0 gorge<\/li>\n<li>Soudures \u00e9lectriques&nbsp;: soudure de raccordement et de rechargement<\/li>\n<li>Joints isolants<\/li>\n<li>V\u00e9hicule de meulage de rails bi-mode<\/li>\n<\/ul>\n<div>\n<div><span style=\"font-weight: bold;\">Location de personnel et d\u2019appareils<\/span><\/div>\n<\/div>\n<\/div>\n<\/div>\t\t\t\t\t\t\t\t<\/div>\n\t\t\t\t<\/div>\n\t\t\t\t\t<\/div>\n\t\t\t\t<\/div>\n\t\t\t\t<\/div>\n\t\t","protected":false},"excerpt":{"rendered":"<p>Walo Bertschinger AG Depuis plus de 100 ans, WALO est un acteur majeur de la construction de voies ferr\u00e9es et des technologies ferroviaires en Suisse. Que ce soit pour les Chemins de fer f\u00e9d\u00e9raux suisses (CFF), les compagnies ferroviaires priv\u00e9es, les tramways, les syst\u00e8mes de voies industrielles ou les voies sp\u00e9ciales comme les voies pour&#8230;<\/p>\n","protected":false},"author":2,"featured_media":7055,"parent":6940,"menu_order":22,"comment_status":"closed","ping_status":"closed","template":"template-builder.php","meta":{"footnotes":""},"class_list":["post-7058","page","type-page","status-publish","has-post-thumbnail","hentry"],"_links":{"self":[{"href":"https:\/\/vsbtu.possodo.ch\/fr\/wp-json\/wp\/v2\/pages\/7058","targetHints":{"allow":["GET"]}}],"collection":[{"href":"https:\/\/vsbtu.possodo.ch\/fr\/wp-json\/wp\/v2\/pages"}],"about":[{"href":"https:\/\/vsbtu.possodo.ch\/fr\/wp-json\/wp\/v2\/types\/page"}],"author":[{"embeddable":true,"href":"https:\/\/vsbtu.possodo.ch\/fr\/wp-json\/wp\/v2\/users\/2"}],"replies":[{"embeddable":true,"href":"https:\/\/vsbtu.possodo.ch\/fr\/wp-json\/wp\/v2\/comments?post=7058"}],"version-history":[{"count":4,"href":"https:\/\/vsbtu.possodo.ch\/fr\/wp-json\/wp\/v2\/pages\/7058\/revisions"}],"predecessor-version":[{"id":7191,"href":"https:\/\/vsbtu.possodo.ch\/fr\/wp-json\/wp\/v2\/pages\/7058\/revisions\/7191"}],"up":[{"embeddable":true,"href":"https:\/\/vsbtu.possodo.ch\/fr\/wp-json\/wp\/v2\/pages\/6940"}],"wp:featuredmedia":[{"embeddable":true,"href":"https:\/\/vsbtu.possodo.ch\/fr\/wp-json\/wp\/v2\/media\/7055"}],"wp:attachment":[{"href":"https:\/\/vsbtu.possodo.ch\/fr\/wp-json\/wp\/v2\/media?parent=7058"}],"curies":[{"name":"wp","href":"https:\/\/api.w.org\/{rel}","templated":true}]}}