{"id":7067,"date":"2025-12-01T16:21:20","date_gmt":"2025-12-01T16:21:20","guid":{"rendered":"https:\/\/vsbtu.possodo.ch\/membres\/zehnder-ag\/"},"modified":"2026-01-15T09:23:19","modified_gmt":"2026-01-15T09:23:19","slug":"zehnder-ag","status":"publish","type":"page","link":"https:\/\/vsbtu.possodo.ch\/fr\/membres\/zehnder-ag\/","title":{"rendered":"Zehnder AG"},"content":{"rendered":"\t\t<div data-elementor-type=\"wp-page\" data-elementor-id=\"7067\" class=\"elementor elementor-7067 elementor-5616\">\n\t\t\t\t<div class=\"elementor-element elementor-element-59e31af e-flex e-con-boxed e-con e-parent\" data-id=\"59e31af\" data-element_type=\"container\">\n\t\t\t\t\t<div class=\"e-con-inner\">\n\t\t<div class=\"elementor-element elementor-element-7b634cf e-con-full e-flex e-con e-child\" data-id=\"7b634cf\" data-element_type=\"container\">\n\t\t\t\t<div class=\"elementor-element elementor-element-e52de55 elementor-widget elementor-widget-image\" data-id=\"e52de55\" data-element_type=\"widget\" data-widget_type=\"image.default\">\n\t\t\t\t\t\t\t\t\t\t\t\t\t\t\t\t<a href=\"https:\/\/zehnderzuerich.ch\/\" target=\"_blank\">\n\t\t\t\t\t\t\t<img fetchpriority=\"high\" decoding=\"async\" width=\"300\" height=\"300\" src=\"https:\/\/vsbtu.possodo.ch\/wp-content\/uploads\/2025\/12\/Zehnder-Logo2-300x300.jpg\" class=\"attachment-medium size-medium wp-image-6963\" alt=\"\" srcset=\"https:\/\/vsbtu.possodo.ch\/wp-content\/uploads\/2025\/12\/Zehnder-Logo2-300x300.jpg 300w, https:\/\/vsbtu.possodo.ch\/wp-content\/uploads\/2025\/12\/Zehnder-Logo2-1024x1024.jpg 1024w, https:\/\/vsbtu.possodo.ch\/wp-content\/uploads\/2025\/12\/Zehnder-Logo2-150x150.jpg 150w, https:\/\/vsbtu.possodo.ch\/wp-content\/uploads\/2025\/12\/Zehnder-Logo2-768x768.jpg 768w, https:\/\/vsbtu.possodo.ch\/wp-content\/uploads\/2025\/12\/Zehnder-Logo2-85x85.jpg 85w, https:\/\/vsbtu.possodo.ch\/wp-content\/uploads\/2025\/12\/Zehnder-Logo2-1536x1536.jpg 1536w, https:\/\/vsbtu.possodo.ch\/wp-content\/uploads\/2025\/12\/Zehnder-Logo2-2048x2048.jpg 2048w, https:\/\/vsbtu.possodo.ch\/wp-content\/uploads\/2025\/12\/Zehnder-Logo2-580x580.jpg 580w\" sizes=\"(max-width: 300px) 100vw, 300px\" \/>\t\t\t\t\t\t\t\t<\/a>\n\t\t\t\t\t\t\t\t\t\t\t\t\t\t\t<\/div>\n\t\t\t\t<\/div>\n\t\t<div class=\"elementor-element elementor-element-a17b891 e-con-full e-flex e-con e-child\" data-id=\"a17b891\" data-element_type=\"container\">\n\t\t\t\t<div class=\"elementor-element elementor-element-8715f1e elementor-widget elementor-widget-builda_team_member_info_custom\" data-id=\"8715f1e\" data-element_type=\"widget\" data-widget_type=\"builda_team_member_info_custom.default\">\n\t\t\t\t<div class=\"elementor-widget-container\">\n\t\t\t\t\t        <div class=\"about-page-box\">\n            <h2 class=\"mt-n3 fw-semibold mb-1\">Zehnder AG, Z\u00fcrich<\/h2>\n            <p class=\"box-text\"><\/p>\n        <\/div>\n\n                    <p class=\"mt-30 mb-30\">\n\n\n<\/p>\n        \n                    <ul class=\"team-about-list\">\n                                    <li>\n                        <strong>T\u00e9l\u00e9phone <\/strong>\n                                                    <a href=\"tel:+41418546060\" target=\"_blank\">\n                                +41  44 482 10 76                            <\/a>\n                                            <\/li>\n                                    <li>\n                        <strong>e-mail : <\/strong>\n                                                    <a href=\"mailto:%20info@zehnderzuerich.ch\" target=\"_blank\">\n                                info@zehnderzuerich.ch                            <\/a>\n                                            <\/li>\n                                    <li>\n                        <strong>Site web: <\/strong>\n                                                    <a href=\"https:\/\/zehnderzuerich.ch\/\" target=\"_blank\">\n                                www.zehnderzuerich.ch                            <\/a>\n                                            <\/li>\n                            <\/ul>\n        \n        \t\t\t\t<\/div>\n\t\t\t\t<\/div>\n\t\t\t\t<\/div>\n\t\t\t\t\t<\/div>\n\t\t\t\t<\/div>\n\t\t<div class=\"elementor-element elementor-element-413ab48 e-flex e-con-boxed e-con e-parent\" data-id=\"413ab48\" data-element_type=\"container\">\n\t\t\t\t\t<div class=\"e-con-inner\">\n\t\t<div class=\"elementor-element elementor-element-3f8cfe6 e-con-full e-flex e-con e-child\" data-id=\"3f8cfe6\" data-element_type=\"container\">\n\t\t\t\t<\/div>\n\t\t<div class=\"elementor-element elementor-element-bd0e98a e-con-full e-flex e-con e-child\" data-id=\"bd0e98a\" data-element_type=\"container\">\n\t\t\t\t<div class=\"elementor-element elementor-element-c975649 elementor-widget elementor-widget-text-editor\" data-id=\"c975649\" data-element_type=\"widget\" data-widget_type=\"text-editor.default\">\n\t\t\t\t\t\t\t\t\t<h4>\u00c9ventail de prestations<\/h4><div><p><b>Technique de meulage<\/b><br>Le traitement par technique de meulage permet de reprofiler les rails conform\u00e9ment au profil cible ou de les entretenir de mani\u00e8re pr\u00e9ventive.<\/p><p><b>Technique de fraisage<\/b><br>Le traitement par technique de fraisage permet une intervention corrective profonde dans le profil du rail.<\/p><p><b>Technique de soudage<\/b><br>Gr\u00e2ce \u00e0 diff\u00e9rents proc\u00e9d\u00e9s de soudage, le cycle de vie des voies, des installations et des aiguillages est consid\u00e9rablement prolong\u00e9.<\/p><p><b>Technique de mesure<\/b><br>Nous proposons un large \u00e9ventail de m\u00e9thodes de mesure pour l\u2019acquisition et la repr\u00e9sentation de l\u2019\u00e9tat actuel de vos voies.<\/p><\/div>\t\t\t\t\t\t\t\t<\/div>\n\t\t\t\t<\/div>\n\t\t\t\t\t<\/div>\n\t\t\t\t<\/div>\n\t\t\t\t<\/div>\n\t\t","protected":false},"excerpt":{"rendered":"<p>Zehnder AG, Z\u00fcrich T\u00e9l\u00e9phone +41 44 482 10 76 e-mail : info@zehnderzuerich.ch Site web: www.zehnderzuerich.ch \u00c9ventail de prestations Technique de meulageLe traitement par technique de meulage permet de reprofiler les rails conform\u00e9ment au profil cible ou de les entretenir de mani\u00e8re pr\u00e9ventive. Technique de fraisageLe traitement par technique de fraisage permet une intervention corrective profonde&#8230;<\/p>\n","protected":false},"author":2,"featured_media":7066,"parent":6940,"menu_order":25,"comment_status":"closed","ping_status":"closed","template":"template-builder.php","meta":{"footnotes":""},"class_list":["post-7067","page","type-page","status-publish","has-post-thumbnail","hentry"],"_links":{"self":[{"href":"https:\/\/vsbtu.possodo.ch\/fr\/wp-json\/wp\/v2\/pages\/7067","targetHints":{"allow":["GET"]}}],"collection":[{"href":"https:\/\/vsbtu.possodo.ch\/fr\/wp-json\/wp\/v2\/pages"}],"about":[{"href":"https:\/\/vsbtu.possodo.ch\/fr\/wp-json\/wp\/v2\/types\/page"}],"author":[{"embeddable":true,"href":"https:\/\/vsbtu.possodo.ch\/fr\/wp-json\/wp\/v2\/users\/2"}],"replies":[{"embeddable":true,"href":"https:\/\/vsbtu.possodo.ch\/fr\/wp-json\/wp\/v2\/comments?post=7067"}],"version-history":[{"count":4,"href":"https:\/\/vsbtu.possodo.ch\/fr\/wp-json\/wp\/v2\/pages\/7067\/revisions"}],"predecessor-version":[{"id":7200,"href":"https:\/\/vsbtu.possodo.ch\/fr\/wp-json\/wp\/v2\/pages\/7067\/revisions\/7200"}],"up":[{"embeddable":true,"href":"https:\/\/vsbtu.possodo.ch\/fr\/wp-json\/wp\/v2\/pages\/6940"}],"wp:featuredmedia":[{"embeddable":true,"href":"https:\/\/vsbtu.possodo.ch\/fr\/wp-json\/wp\/v2\/media\/7066"}],"wp:attachment":[{"href":"https:\/\/vsbtu.possodo.ch\/fr\/wp-json\/wp\/v2\/media?parent=7067"}],"curies":[{"name":"wp","href":"https:\/\/api.w.org\/{rel}","templated":true}]}}