{"id":7078,"date":"2025-12-02T18:04:04","date_gmt":"2025-12-02T18:04:04","guid":{"rendered":"https:\/\/vsbtu.possodo.ch\/notre-mission\/"},"modified":"2026-01-14T23:09:20","modified_gmt":"2026-01-14T23:09:20","slug":"notre-mission","status":"publish","type":"page","link":"https:\/\/vsbtu.possodo.ch\/fr\/a-propos-de-nous\/notre-mission\/","title":{"rendered":"Notre mission"},"content":{"rendered":"\t\t<div data-elementor-type=\"wp-page\" data-elementor-id=\"7078\" class=\"elementor elementor-7078 elementor-6137\">\n\t\t\t\t<div class=\"elementor-element elementor-element-668e59c e-con-full e-flex e-con e-parent\" data-id=\"668e59c\" data-element_type=\"container\" data-settings=\"{&quot;background_background&quot;:&quot;classic&quot;}\">\n\t\t<div class=\"elementor-element elementor-element-c439785 e-flex e-con-boxed e-con e-child\" data-id=\"c439785\" data-element_type=\"container\" data-settings=\"{&quot;background_background&quot;:&quot;classic&quot;}\">\n\t\t\t\t\t<div class=\"e-con-inner\">\n\t\t<div class=\"elementor-element elementor-element-19872b7 e-con-full e-flex e-con e-child\" data-id=\"19872b7\" data-element_type=\"container\">\n\t\t\t\t<div class=\"elementor-element elementor-element-5a63810 elementor-widget elementor-widget-realarsectiontitle\" data-id=\"5a63810\" data-element_type=\"widget\" data-widget_type=\"realarsectiontitle.default\">\n\t\t\t\t<div class=\"elementor-widget-container\">\n\t\t\t\t\t\t\t<div class=\"title-area text-left \">\r\n\t\t\t<span class=\"shadow-title common-title \">Principes directeurs<\/span><h2 class=\"sec-title \">Leitbild<\/h2><p class=\"sec-text\">Les entreprises membres de la VSBTU sont des entreprises ind\u00e9pendantes et g\u00e9n\u00e9ralement concurrentes.<\/p>\t\t<\/div>\r\n\r\n\t\t\t\t\t<\/div>\n\t\t\t\t<\/div>\n\t\t\t\t<\/div>\n\t\t\t\t\t<\/div>\n\t\t\t\t<\/div>\n\t\t<div class=\"elementor-element elementor-element-9913a85 e-flex e-con-boxed e-con e-child\" data-id=\"9913a85\" data-element_type=\"container\" data-settings=\"{&quot;background_background&quot;:&quot;classic&quot;}\">\n\t\t\t\t\t<div class=\"e-con-inner\">\n\t\t<div class=\"elementor-element elementor-element-ce7cdcb e-con-full e-flex e-con e-child\" data-id=\"ce7cdcb\" data-element_type=\"container\">\n\t\t\t\t<div class=\"elementor-element elementor-element-9a84705 elementor-widget elementor-widget-realarsectiontitle\" data-id=\"9a84705\" data-element_type=\"widget\" data-widget_type=\"realarsectiontitle.default\">\n\t\t\t\t<div class=\"elementor-widget-container\">\n\t\t\t\t\t\t\t<div class=\"title-area text-left \">\r\n\t\t\t<span class=\"shadow-title common-title \">Die VSBTU...<\/span><h2 class=\"sec-title \">Le VSBTU...<\/h2>\t\t<\/div>\r\n\r\n\t\t\t\t\t<\/div>\n\t\t\t\t<\/div>\n\t\t\t\t<div class=\"elementor-element elementor-element-11771a8 elementor-widget elementor-widget-realarservice\" data-id=\"11771a8\" data-element_type=\"widget\" data-widget_type=\"realarservice.default\">\n\t\t\t\t<div class=\"elementor-widget-container\">\n\t\t\t\t\t<div class=\"custom-service1\"><div class=\"row gy-40\"><div class=\"col-lg-4 col-md-6\"><div class=\"service-card\"><div class=\"box-content\"><h3 class=\"box-title title\"><a href=\"\">... est l&#039;organisation industrielle suisse regroupant les entreprises de technologies ferroviaires.<\/a><\/h3><\/div><\/div><\/div><div class=\"col-lg-4 col-md-6\"><div class=\"service-card\"><div class=\"box-content\"><h3 class=\"box-title title\"><a href=\"\">... est constamment en phase avec les besoins de ses membres.<\/a><\/h3><\/div><\/div><\/div><div class=\"col-lg-4 col-md-6\"><div class=\"service-card\"><div class=\"box-content\"><h3 class=\"box-title title\"><a href=\"\">...s&#039;engage \u00e0 promouvoir une concurrence transparente, efficace et \u00e9quitable.<\/a><\/h3><\/div><\/div><\/div><div class=\"col-lg-4 col-md-6\"><div class=\"service-card\"><div class=\"box-content\"><h3 class=\"box-title title\"><a href=\"\">... fournit \u00e0 ses membres des informations pertinentes sur l&#039;\u00e9volution du march\u00e9, les tendances et les innovations.<\/a><\/h3><\/div><\/div><\/div><div class=\"col-lg-4 col-md-6\"><div class=\"service-card\"><div class=\"box-content\"><h3 class=\"box-title title\"><a href=\"#\">... fournit \u00e0 ses membres des informations pertinentes sur l&#039;\u00e9volution du march\u00e9, les tendances et les innovations.<\/a><\/h3><\/div><\/div><\/div><\/div><\/div>\t\t\t\t<\/div>\n\t\t\t\t<\/div>\n\t\t\t\t<\/div>\n\t\t\t\t\t<\/div>\n\t\t\t\t<\/div>\n\t\t<div class=\"elementor-element elementor-element-3c207cc e-flex e-con-boxed e-con e-child\" data-id=\"3c207cc\" data-element_type=\"container\" data-settings=\"{&quot;background_background&quot;:&quot;classic&quot;}\">\n\t\t\t\t\t<div class=\"e-con-inner\">\n\t\t<div class=\"elementor-element elementor-element-82eac0c e-con-full e-flex e-con e-child\" data-id=\"82eac0c\" data-element_type=\"container\">\n\t\t\t\t<div class=\"elementor-element elementor-element-a2b74e3 elementor-widget elementor-widget-realarimage\" data-id=\"a2b74e3\" data-element_type=\"widget\" data-widget_type=\"realarimage.default\">\n\t\t\t\t<div class=\"elementor-widget-container\">\n\t\t\t\t\t<div class=\"img-box1\"><div class=\"img1 img-shine\" data-mask-src=\"https:\/\/vsbtu.possodo.ch\/wp-content\/plugins\/builda-core\/assets\/img\/about-1-mask.png\"><img decoding=\"async\" src=\"https:\/\/vsbtu.possodo.ch\/wp-content\/uploads\/2025\/10\/about_1.png\" alt=\"about_1\"  \/><\/div><\/div>\t\t\t\t<\/div>\n\t\t\t\t<\/div>\n\t\t\t\t<\/div>\n\t\t<div class=\"elementor-element elementor-element-6f35789 e-con-full e-flex e-con e-child\" data-id=\"6f35789\" data-element_type=\"container\">\n\t\t\t\t<div class=\"elementor-element elementor-element-6c36ab4 elementor-widget elementor-widget-realarimage\" data-id=\"6c36ab4\" data-element_type=\"widget\" data-widget_type=\"realarimage.default\">\n\t\t\t\t<div class=\"elementor-widget-container\">\n\t\t\t\t\t<div class=\"img-box1\"><div class=\"img1 img-shine\" data-mask-src=\"https:\/\/vsbtu.possodo.ch\/wp-content\/plugins\/builda-core\/assets\/img\/about-1-mask.png\"><img decoding=\"async\" src=\"https:\/\/vsbtu.possodo.ch\/wp-content\/uploads\/2025\/10\/about_2.png\" alt=\"about_2\"  \/><\/div><\/div>\t\t\t\t<\/div>\n\t\t\t\t<\/div>\n\t\t\t\t<\/div>\n\t\t\t\t\t<\/div>\n\t\t\t\t<\/div>\n\t\t\t\t<\/div>\n\t\t\t\t<\/div>\n\t\t","protected":false},"excerpt":{"rendered":"<p>Principes directeurs Leitbild Les entreprises membres de la VSBTU sont des entreprises ind\u00e9pendantes et g\u00e9n\u00e9ralement concurrentes. Die VSBTU&#8230; Le VSBTU&#8230; &#8230; est l&#039;organisation industrielle suisse regroupant les entreprises de technologies ferroviaires. &#8230; est constamment en phase avec les besoins de ses membres. &#8230;s&#039;engage \u00e0 promouvoir une concurrence transparente, efficace et \u00e9quitable. &#8230; fournit \u00e0 ses&#8230;<\/p>\n","protected":false},"author":1,"featured_media":0,"parent":7080,"menu_order":0,"comment_status":"closed","ping_status":"closed","template":"template-builder.php","meta":{"footnotes":""},"class_list":["post-7078","page","type-page","status-publish","hentry"],"_links":{"self":[{"href":"https:\/\/vsbtu.possodo.ch\/fr\/wp-json\/wp\/v2\/pages\/7078","targetHints":{"allow":["GET"]}}],"collection":[{"href":"https:\/\/vsbtu.possodo.ch\/fr\/wp-json\/wp\/v2\/pages"}],"about":[{"href":"https:\/\/vsbtu.possodo.ch\/fr\/wp-json\/wp\/v2\/types\/page"}],"author":[{"embeddable":true,"href":"https:\/\/vsbtu.possodo.ch\/fr\/wp-json\/wp\/v2\/users\/1"}],"replies":[{"embeddable":true,"href":"https:\/\/vsbtu.possodo.ch\/fr\/wp-json\/wp\/v2\/comments?post=7078"}],"version-history":[{"count":4,"href":"https:\/\/vsbtu.possodo.ch\/fr\/wp-json\/wp\/v2\/pages\/7078\/revisions"}],"predecessor-version":[{"id":7110,"href":"https:\/\/vsbtu.possodo.ch\/fr\/wp-json\/wp\/v2\/pages\/7078\/revisions\/7110"}],"up":[{"embeddable":true,"href":"https:\/\/vsbtu.possodo.ch\/fr\/wp-json\/wp\/v2\/pages\/7080"}],"wp:attachment":[{"href":"https:\/\/vsbtu.possodo.ch\/fr\/wp-json\/wp\/v2\/media?parent=7078"}],"curies":[{"name":"wp","href":"https:\/\/api.w.org\/{rel}","templated":true}]}}