{"id":7080,"date":"2025-10-04T16:36:03","date_gmt":"2025-10-04T16:36:03","guid":{"rendered":"https:\/\/vsbtu.possodo.ch\/a-propos-de-nous\/"},"modified":"2026-01-14T22:59:27","modified_gmt":"2026-01-14T22:59:27","slug":"a-propos-de-nous","status":"publish","type":"page","link":"https:\/\/vsbtu.possodo.ch\/fr\/a-propos-de-nous\/","title":{"rendered":"\u00c0 propos de nous"},"content":{"rendered":"\t\t<div data-elementor-type=\"wp-page\" data-elementor-id=\"7080\" class=\"elementor elementor-7080 elementor-4531\">\n\t\t\t\t<div class=\"elementor-element elementor-element-668e59c e-con-full e-flex e-con e-parent\" data-id=\"668e59c\" data-element_type=\"container\" data-settings=\"{&quot;background_background&quot;:&quot;classic&quot;}\">\n\t\t<div class=\"elementor-element elementor-element-c439785 e-flex e-con-boxed e-con e-child\" data-id=\"c439785\" data-element_type=\"container\" data-settings=\"{&quot;background_background&quot;:&quot;classic&quot;}\">\n\t\t\t\t\t<div class=\"e-con-inner\">\n\t\t<div class=\"elementor-element elementor-element-19872b7 e-con-full e-flex e-con e-child\" data-id=\"19872b7\" data-element_type=\"container\">\n\t\t\t\t<div class=\"elementor-element elementor-element-5a63810 elementor-widget elementor-widget-realarsectiontitle\" data-id=\"5a63810\" data-element_type=\"widget\" data-widget_type=\"realarsectiontitle.default\">\n\t\t\t\t<div class=\"elementor-widget-container\">\n\t\t\t\t\t\t\t<div class=\"title-area text-left \">\r\n\t\t\t<h2 class=\"sec-title \">\u00c0 propos de nous<\/h2><p class=\"sec-text\">L\u2019Association suisse des entreprises ferroviaires (VSBTU) est la voix de la technologie ferroviaire suisse. Elle repr\u00e9sente 25 entreprises membres r\u00e9parties sur l\u2019ensemble du territoire suisse, toutes reconnues pour leur expertise dans la planification, la construction, la r\u00e9novation et la maintenance des infrastructures ferroviaires. En tant que partenaires de confiance, nous fa\u00e7onnons le secteur de la technologie ferroviaire en collaboration avec les principaux acteurs du secteur en Suisse.<\/p>\t\t<\/div>\r\n\r\n\t\t\t\t\t<\/div>\n\t\t\t\t<\/div>\n\t\t\t\t<\/div>\n\t\t<div class=\"elementor-element elementor-element-8790fb8 e-con-full e-flex e-con e-child\" data-id=\"8790fb8\" data-element_type=\"container\">\n\t\t\t\t<div class=\"elementor-element elementor-element-dacc500 elementor-widget elementor-widget-realarbutton\" data-id=\"dacc500\" data-element_type=\"widget\" data-widget_type=\"realarbutton.default\">\n\t\t\t\t<div class=\"elementor-widget-container\">\n\t\t\t\t\t<div class=\"btn-wrapper\"><a class=\"th-btn th_btn btn-mask th-btn-icon \" href=\"\/ueber-uns\/vorstand\" target=\"_blank\">Notre conseil d&#039;administration<\/a><\/div>\t\t\t\t<\/div>\n\t\t\t\t<\/div>\n\t\t\t\t<\/div>\n\t\t\t\t\t<\/div>\n\t\t\t\t<\/div>\n\t\t<div class=\"elementor-element elementor-element-3c207cc e-flex e-con-boxed e-con e-child\" data-id=\"3c207cc\" data-element_type=\"container\" data-settings=\"{&quot;background_background&quot;:&quot;classic&quot;}\">\n\t\t\t\t\t<div class=\"e-con-inner\">\n\t\t<div class=\"elementor-element elementor-element-82eac0c e-con-full e-flex e-con e-child\" data-id=\"82eac0c\" data-element_type=\"container\">\n\t\t\t\t<div class=\"elementor-element elementor-element-a2b74e3 elementor-widget elementor-widget-realarimage\" data-id=\"a2b74e3\" data-element_type=\"widget\" data-widget_type=\"realarimage.default\">\n\t\t\t\t<div class=\"elementor-widget-container\">\n\t\t\t\t\t<div class=\"img-box1\"><div class=\"img1 img-shine\" data-mask-src=\"https:\/\/vsbtu.possodo.ch\/wp-content\/plugins\/builda-core\/assets\/img\/about-1-mask.png\"><img decoding=\"async\" src=\"https:\/\/vsbtu.possodo.ch\/wp-content\/uploads\/2025\/10\/about_1.png\" alt=\"about_1\"  \/><\/div><\/div>\t\t\t\t<\/div>\n\t\t\t\t<\/div>\n\t\t\t\t<\/div>\n\t\t<div class=\"elementor-element elementor-element-6f35789 e-con-full e-flex e-con e-child\" data-id=\"6f35789\" data-element_type=\"container\">\n\t\t\t\t<div class=\"elementor-element elementor-element-6c36ab4 elementor-widget elementor-widget-realarimage\" data-id=\"6c36ab4\" data-element_type=\"widget\" data-widget_type=\"realarimage.default\">\n\t\t\t\t<div class=\"elementor-widget-container\">\n\t\t\t\t\t<div class=\"img-box1\"><div class=\"img1 img-shine\" data-mask-src=\"https:\/\/vsbtu.possodo.ch\/wp-content\/plugins\/builda-core\/assets\/img\/about-1-mask.png\"><img decoding=\"async\" src=\"https:\/\/vsbtu.possodo.ch\/wp-content\/uploads\/2025\/10\/about_2.png\" alt=\"about_2\"  \/><\/div><\/div>\t\t\t\t<\/div>\n\t\t\t\t<\/div>\n\t\t\t\t<\/div>\n\t\t\t\t\t<\/div>\n\t\t\t\t<\/div>\n\t\t<div class=\"elementor-element elementor-element-9913a85 e-flex e-con-boxed e-con e-child\" data-id=\"9913a85\" data-element_type=\"container\" data-settings=\"{&quot;background_background&quot;:&quot;classic&quot;}\">\n\t\t\t\t\t<div class=\"e-con-inner\">\n\t\t<div class=\"elementor-element elementor-element-ce7cdcb e-con-full e-flex e-con e-child\" data-id=\"ce7cdcb\" data-element_type=\"container\">\n\t\t\t\t<div class=\"elementor-element elementor-element-11771a8 elementor-widget elementor-widget-realarservice\" data-id=\"11771a8\" data-element_type=\"widget\" data-widget_type=\"realarservice.default\">\n\t\t\t\t<div class=\"elementor-widget-container\">\n\t\t\t\t\t<div class=\"custom-service1\"><div class=\"row gy-40\"><div class=\"col-lg-4 col-md-6\"><div class=\"service-card\"><div class=\"box-content\"><h3 class=\"box-title title\"><a href=\"\">Plaidoyer<\/a><\/h3><p class=\"box-text desc\">L\u2019Association suisse des entreprises technologiques ferroviaires (VSBTU) repr\u00e9sente les int\u00e9r\u00eats de ses entreprises membres et contribue activement \u00e0 fa\u00e7onner le cadre de l\u2019industrie suisse des technologies ferroviaires. Elle met \u00e0 profit l\u2019expertise collective de ses membres d\u00e8s les premi\u00e8res \u00e9tapes des processus l\u00e9gislatifs, d\u2019approvisionnement et de normalisation et participe \u00e0 leur d\u00e9veloppement ult\u00e9rieur.<\/p><\/div><\/div><\/div><div class=\"col-lg-4 col-md-6\"><div class=\"service-card\"><div class=\"box-content\"><h3 class=\"box-title title\"><a href=\"\">La s\u00e9curit\u00e9 est notre priorit\u00e9 absolue.<\/a><\/h3><p class=\"box-text desc\">La s\u00e9curit\u00e9 est notre priorit\u00e9 absolue. Cela concerne aussi bien l&#039;exploitation ferroviaire que notre personnel. Les employ\u00e9s de nos entreprises membres b\u00e9n\u00e9ficient de formations et d&#039;\u00e9valuations r\u00e9guli\u00e8res. Notre objectif\u00a0: des proc\u00e9dures de travail s\u00fbres, un fonctionnement fiable et la protection de tous.<\/p><\/div><\/div><\/div><div class=\"col-lg-4 col-md-6\"><div class=\"service-card\"><div class=\"box-content\"><h3 class=\"box-title title\"><a href=\"\">Qualit\u00e9 et normes<\/a><\/h3><p class=\"box-text desc\">Qualit\u00e9, fiabilit\u00e9 et expertise caract\u00e9risent notre travail en Suisse. Nos sp\u00e9cialistes s&#039;engagent \u00e0 assurer la s\u00e9curit\u00e9 et la ponctualit\u00e9 des op\u00e9rations ferroviaires, tant sur les chantiers qu&#039;au sein des organismes de normalisation et de r\u00e9glementation comp\u00e9tents, aux niveaux national et international.<\/p><\/div><\/div><\/div><div class=\"col-lg-4 col-md-6\"><div class=\"service-card\"><div class=\"box-content\"><h3 class=\"box-title title\"><a href=\"\">Concours<\/a><\/h3><p class=\"box-text desc\">Conform\u00e9ment \u00e0 sa mission, la VSBTU s&#039;engage \u00e0 promouvoir une concurrence loyale et durable de qualit\u00e9. Notre objectif est de cr\u00e9er un cadre pratique permettant une concurrence \u00e9quitable et efficace entre les prestataires.<\/p><\/div><\/div><\/div><\/div><\/div>\t\t\t\t<\/div>\n\t\t\t\t<\/div>\n\t\t\t\t<\/div>\n\t\t\t\t\t<\/div>\n\t\t\t\t<\/div>\n\t\t\t\t<\/div>\n\t\t<div class=\"elementor-element elementor-element-0335957 e-flex e-con-boxed e-con e-parent\" data-id=\"0335957\" data-element_type=\"container\">\n\t\t\t\t\t<div class=\"e-con-inner\">\n\t\t\t\t<div class=\"elementor-element elementor-element-359adbd elementor-widget elementor-widget-realarcounterup\" data-id=\"359adbd\" data-element_type=\"widget\" data-widget_type=\"realarcounterup.default\">\n\t\t\t\t<div class=\"elementor-widget-container\">\n\t\t\t\t\t<div class=\"counter-card-wrap space\"><div class=\"counter-card\"><div class=\"media-body\"><h2 class=\"box-number\"><span class=\"counter-number num\">600<\/span>+<\/h2><p class=\"box-text desc\">Des millions de revenus annuels<\/p><\/div><\/div><div class=\"counter-card\"><div class=\"media-body\"><h2 class=\"box-number\"><span class=\"counter-number num\">5000<\/span>+<\/h2><p class=\"box-text desc\">Employ\u00e9es<\/p><\/div><\/div><div class=\"counter-card\"><div class=\"media-body\"><h2 class=\"box-number\"><span class=\"counter-number num\">300<\/span>+<\/h2><p class=\"box-text desc\">Projets par an<\/p><\/div><\/div><div class=\"counter-card\"><div class=\"media-body\"><h2 class=\"box-number\"><span class=\"counter-number num\">25<\/span><\/h2><p class=\"box-text desc\">Membres<\/p><\/div><\/div><\/div>\t\t\t\t<\/div>\n\t\t\t\t<\/div>\n\t\t\t\t\t<\/div>\n\t\t\t\t<\/div>\n\t\t\t\t<\/div>\n\t\t","protected":false},"excerpt":{"rendered":"<p>\u00c0 propos de nous L\u2019Association suisse des entreprises ferroviaires (VSBTU) est la voix de la technologie ferroviaire suisse. Elle repr\u00e9sente 25 entreprises membres r\u00e9parties sur l\u2019ensemble du territoire suisse, toutes reconnues pour leur expertise dans la planification, la construction, la r\u00e9novation et la maintenance des infrastructures ferroviaires. En tant que partenaires de confiance, nous fa\u00e7onnons&#8230;<\/p>\n","protected":false},"author":1,"featured_media":0,"parent":0,"menu_order":0,"comment_status":"closed","ping_status":"closed","template":"template-builder.php","meta":{"footnotes":""},"class_list":["post-7080","page","type-page","status-publish","hentry"],"_links":{"self":[{"href":"https:\/\/vsbtu.possodo.ch\/fr\/wp-json\/wp\/v2\/pages\/7080","targetHints":{"allow":["GET"]}}],"collection":[{"href":"https:\/\/vsbtu.possodo.ch\/fr\/wp-json\/wp\/v2\/pages"}],"about":[{"href":"https:\/\/vsbtu.possodo.ch\/fr\/wp-json\/wp\/v2\/types\/page"}],"author":[{"embeddable":true,"href":"https:\/\/vsbtu.possodo.ch\/fr\/wp-json\/wp\/v2\/users\/1"}],"replies":[{"embeddable":true,"href":"https:\/\/vsbtu.possodo.ch\/fr\/wp-json\/wp\/v2\/comments?post=7080"}],"version-history":[{"count":4,"href":"https:\/\/vsbtu.possodo.ch\/fr\/wp-json\/wp\/v2\/pages\/7080\/revisions"}],"predecessor-version":[{"id":7107,"href":"https:\/\/vsbtu.possodo.ch\/fr\/wp-json\/wp\/v2\/pages\/7080\/revisions\/7107"}],"wp:attachment":[{"href":"https:\/\/vsbtu.possodo.ch\/fr\/wp-json\/wp\/v2\/media?parent=7080"}],"curies":[{"name":"wp","href":"https:\/\/api.w.org\/{rel}","templated":true}]}}