{"id":7082,"date":"2025-12-02T21:52:38","date_gmt":"2025-12-02T21:52:38","guid":{"rendered":"https:\/\/vsbtu.possodo.ch\/a-propos-de-nous\/reseaux\/"},"modified":"2026-01-14T23:42:49","modified_gmt":"2026-01-14T23:42:49","slug":"reseaux","status":"publish","type":"page","link":"https:\/\/vsbtu.possodo.ch\/fr\/a-propos-de-nous\/reseaux\/","title":{"rendered":"R\u00e9seaux"},"content":{"rendered":"\t\t<div data-elementor-type=\"wp-page\" data-elementor-id=\"7082\" class=\"elementor elementor-7082 elementor-6140\">\n\t\t\t\t<div class=\"elementor-element elementor-element-668e59c e-con-full e-flex e-con e-parent\" data-id=\"668e59c\" data-element_type=\"container\" data-settings=\"{&quot;background_background&quot;:&quot;classic&quot;}\">\n\t\t<div class=\"elementor-element elementor-element-c439785 e-flex e-con-boxed e-con e-child\" data-id=\"c439785\" data-element_type=\"container\" data-settings=\"{&quot;background_background&quot;:&quot;classic&quot;}\">\n\t\t\t\t\t<div class=\"e-con-inner\">\n\t\t<div class=\"elementor-element elementor-element-19872b7 e-con-full e-flex e-con e-child\" data-id=\"19872b7\" data-element_type=\"container\">\n\t\t\t\t<div class=\"elementor-element elementor-element-5a63810 elementor-widget elementor-widget-realarsectiontitle\" data-id=\"5a63810\" data-element_type=\"widget\" data-widget_type=\"realarsectiontitle.default\">\n\t\t\t\t<div class=\"elementor-widget-container\">\n\t\t\t\t\t\t\t<div class=\"title-area text-left \">\r\n\t\t\t<h2 class=\"sec-title \">R\u00e9seaux<\/h2><p class=\"sec-text\">En tant qu'association d'entreprises suisses de technologies ferroviaires, nous sommes \u00e9troitement li\u00e9s aux principales associations des secteurs de la construction, du ferroviaire, des transports publics et de la normalisation. Ces affiliations nous mettent en relation avec les acteurs cl\u00e9s de l'ensemble de la cha\u00eene de valeur, de la planification et la construction \u00e0 la mise en \u0153uvre des technologies ferroviaires, jusqu'\u00e0 la mobilit\u00e9 des voyageurs.\n\nGr\u00e2ce \u00e0 ces partenariats, nous avons acc\u00e8s aux donn\u00e9es de march\u00e9 et de trafic, aux normes techniques, aux principes de politique sociale et aux d\u00e9bats sur les politiques de transport et de construction \u00e0 Berne. Ainsi, les pr\u00e9occupations de notre secteur sont prises en compte d\u00e8s le d\u00e9but et la voix des entreprises de technologies ferroviaires est entendue aupr\u00e8s des instances comp\u00e9tentes.<br \/>\nDurch diese Partnerschaften haben wir Zugang zu Markt- und Verkehrsdaten, technischen Normen, arbeitspolitischen Grundlagen sowie zu verkehrs- und baupolitischen Diskussionen in Bern. So stellen wir sicher, dass die Anliegen unserer Branche fr\u00fchzeitig geh\u00f6rt werden und die Stimme der Bahntechnikunternehmen in den relevanten Gremien Gewicht hat.<\/p>\t\t<\/div>\r\n\r\n\t\t\t\t\t<\/div>\n\t\t\t\t<\/div>\n\t\t\t\t<\/div>\n\t\t\t\t\t<\/div>\n\t\t\t\t<\/div>\n\t\t<div class=\"elementor-element elementor-element-9913a85 e-flex e-con-boxed e-con e-child\" data-id=\"9913a85\" data-element_type=\"container\" data-settings=\"{&quot;background_background&quot;:&quot;classic&quot;}\">\n\t\t\t\t\t<div class=\"e-con-inner\">\n\t\t<div class=\"elementor-element elementor-element-0e37f29 e-con-full e-flex e-con e-child\" data-id=\"0e37f29\" data-element_type=\"container\">\n\t\t<div class=\"elementor-element elementor-element-51b3aba e-con-full e-flex e-con e-child\" data-id=\"51b3aba\" data-element_type=\"container\">\n\t\t\t\t<div class=\"elementor-element elementor-element-591ae4e elementor-widget elementor-widget-image\" data-id=\"591ae4e\" data-element_type=\"widget\" data-widget_type=\"image.default\">\n\t\t\t\t\t\t\t\t\t\t\t\t\t\t\t\t<a href=\"https:\/\/litra.ch\/de\/\" target=\"_blank\">\n\t\t\t\t\t\t\t<img fetchpriority=\"high\" decoding=\"async\" width=\"300\" height=\"300\" src=\"https:\/\/vsbtu.possodo.ch\/wp-content\/uploads\/2025\/12\/Litra-Logo1-300x300.jpg\" class=\"attachment-medium size-medium wp-image-7073\" alt=\"\" srcset=\"https:\/\/vsbtu.possodo.ch\/wp-content\/uploads\/2025\/12\/Litra-Logo1-300x300.jpg 300w, https:\/\/vsbtu.possodo.ch\/wp-content\/uploads\/2025\/12\/Litra-Logo1-1024x1024.jpg 1024w, https:\/\/vsbtu.possodo.ch\/wp-content\/uploads\/2025\/12\/Litra-Logo1-150x150.jpg 150w, https:\/\/vsbtu.possodo.ch\/wp-content\/uploads\/2025\/12\/Litra-Logo1-768x768.jpg 768w, https:\/\/vsbtu.possodo.ch\/wp-content\/uploads\/2025\/12\/Litra-Logo1-85x85.jpg 85w, https:\/\/vsbtu.possodo.ch\/wp-content\/uploads\/2025\/12\/Litra-Logo1-1536x1536.jpg 1536w, https:\/\/vsbtu.possodo.ch\/wp-content\/uploads\/2025\/12\/Litra-Logo1-2048x2048.jpg 2048w, https:\/\/vsbtu.possodo.ch\/wp-content\/uploads\/2025\/12\/Litra-Logo1-580x580.jpg 580w\" sizes=\"(max-width: 300px) 100vw, 300px\" \/>\t\t\t\t\t\t\t\t<\/a>\n\t\t\t\t\t\t\t\t\t\t\t\t\t\t\t<\/div>\n\t\t\t\t<\/div>\n\t\t<div class=\"elementor-element elementor-element-46fe90f e-con-full e-flex e-con e-child\" data-id=\"46fe90f\" data-element_type=\"container\">\n\t\t\t\t<div class=\"elementor-element elementor-element-7e25aab elementor-widget elementor-widget-image\" data-id=\"7e25aab\" data-element_type=\"widget\" data-widget_type=\"image.default\">\n\t\t\t\t\t\t\t\t\t\t\t\t\t\t\t\t<a href=\"https:\/\/baumeister.swiss\/\" target=\"_blank\">\n\t\t\t\t\t\t\t<img decoding=\"async\" width=\"300\" height=\"300\" src=\"https:\/\/vsbtu.possodo.ch\/wp-content\/uploads\/2025\/12\/SBV-Logo3-300x300.jpg\" class=\"attachment-medium size-medium wp-image-7074\" alt=\"\" srcset=\"https:\/\/vsbtu.possodo.ch\/wp-content\/uploads\/2025\/12\/SBV-Logo3-300x300.jpg 300w, https:\/\/vsbtu.possodo.ch\/wp-content\/uploads\/2025\/12\/SBV-Logo3-1024x1024.jpg 1024w, https:\/\/vsbtu.possodo.ch\/wp-content\/uploads\/2025\/12\/SBV-Logo3-150x150.jpg 150w, https:\/\/vsbtu.possodo.ch\/wp-content\/uploads\/2025\/12\/SBV-Logo3-768x768.jpg 768w, https:\/\/vsbtu.possodo.ch\/wp-content\/uploads\/2025\/12\/SBV-Logo3-85x85.jpg 85w, https:\/\/vsbtu.possodo.ch\/wp-content\/uploads\/2025\/12\/SBV-Logo3-1536x1536.jpg 1536w, https:\/\/vsbtu.possodo.ch\/wp-content\/uploads\/2025\/12\/SBV-Logo3-2048x2048.jpg 2048w, https:\/\/vsbtu.possodo.ch\/wp-content\/uploads\/2025\/12\/SBV-Logo3-580x580.jpg 580w\" sizes=\"(max-width: 300px) 100vw, 300px\" \/>\t\t\t\t\t\t\t\t<\/a>\n\t\t\t\t\t\t\t\t\t\t\t\t\t\t\t<\/div>\n\t\t\t\t<\/div>\n\t\t<div class=\"elementor-element elementor-element-78391ec e-con-full e-flex e-con e-child\" data-id=\"78391ec\" data-element_type=\"container\">\n\t\t\t\t<div class=\"elementor-element elementor-element-fa46460 elementor-widget elementor-widget-image\" data-id=\"fa46460\" data-element_type=\"widget\" data-widget_type=\"image.default\">\n\t\t\t\t\t\t\t\t\t\t\t\t\t\t\t\t<a href=\"https:\/\/www.snv.ch\/de\/\" target=\"_blank\">\n\t\t\t\t\t\t\t<img decoding=\"async\" width=\"300\" height=\"300\" src=\"https:\/\/vsbtu.possodo.ch\/wp-content\/uploads\/2025\/12\/SNV-Logo2-300x300.jpg\" class=\"attachment-medium size-medium wp-image-7075\" alt=\"\" srcset=\"https:\/\/vsbtu.possodo.ch\/wp-content\/uploads\/2025\/12\/SNV-Logo2-300x300.jpg 300w, https:\/\/vsbtu.possodo.ch\/wp-content\/uploads\/2025\/12\/SNV-Logo2-1024x1024.jpg 1024w, https:\/\/vsbtu.possodo.ch\/wp-content\/uploads\/2025\/12\/SNV-Logo2-150x150.jpg 150w, https:\/\/vsbtu.possodo.ch\/wp-content\/uploads\/2025\/12\/SNV-Logo2-768x768.jpg 768w, https:\/\/vsbtu.possodo.ch\/wp-content\/uploads\/2025\/12\/SNV-Logo2-85x85.jpg 85w, https:\/\/vsbtu.possodo.ch\/wp-content\/uploads\/2025\/12\/SNV-Logo2-1536x1536.jpg 1536w, https:\/\/vsbtu.possodo.ch\/wp-content\/uploads\/2025\/12\/SNV-Logo2-2048x2048.jpg 2048w, https:\/\/vsbtu.possodo.ch\/wp-content\/uploads\/2025\/12\/SNV-Logo2-580x580.jpg 580w\" sizes=\"(max-width: 300px) 100vw, 300px\" \/>\t\t\t\t\t\t\t\t<\/a>\n\t\t\t\t\t\t\t\t\t\t\t\t\t\t\t<\/div>\n\t\t\t\t<\/div>\n\t\t<div class=\"elementor-element elementor-element-865a7f0 e-con-full e-flex e-con e-child\" data-id=\"865a7f0\" data-element_type=\"container\">\n\t\t\t\t<div class=\"elementor-element elementor-element-0660520 elementor-widget elementor-widget-image\" data-id=\"0660520\" data-element_type=\"widget\" data-widget_type=\"image.default\">\n\t\t\t\t\t\t\t\t\t\t\t\t\t\t\t\t<a href=\"https:\/\/www.voev.ch\/de\/\" target=\"_blank\">\n\t\t\t\t\t\t\t<img loading=\"lazy\" decoding=\"async\" width=\"300\" height=\"300\" src=\"https:\/\/vsbtu.possodo.ch\/wp-content\/uploads\/2025\/12\/VoeVLogo3-300x300.jpg\" class=\"attachment-medium size-medium wp-image-7076\" alt=\"\" srcset=\"https:\/\/vsbtu.possodo.ch\/wp-content\/uploads\/2025\/12\/VoeVLogo3-300x300.jpg 300w, https:\/\/vsbtu.possodo.ch\/wp-content\/uploads\/2025\/12\/VoeVLogo3-1024x1024.jpg 1024w, https:\/\/vsbtu.possodo.ch\/wp-content\/uploads\/2025\/12\/VoeVLogo3-150x150.jpg 150w, https:\/\/vsbtu.possodo.ch\/wp-content\/uploads\/2025\/12\/VoeVLogo3-768x768.jpg 768w, https:\/\/vsbtu.possodo.ch\/wp-content\/uploads\/2025\/12\/VoeVLogo3-85x85.jpg 85w, https:\/\/vsbtu.possodo.ch\/wp-content\/uploads\/2025\/12\/VoeVLogo3-1536x1536.jpg 1536w, https:\/\/vsbtu.possodo.ch\/wp-content\/uploads\/2025\/12\/VoeVLogo3-2048x2048.jpg 2048w, https:\/\/vsbtu.possodo.ch\/wp-content\/uploads\/2025\/12\/VoeVLogo3-580x580.jpg 580w\" sizes=\"(max-width: 300px) 100vw, 300px\" \/>\t\t\t\t\t\t\t\t<\/a>\n\t\t\t\t\t\t\t\t\t\t\t\t\t\t\t<\/div>\n\t\t\t\t<\/div>\n\t\t<div class=\"elementor-element elementor-element-e9c9652 e-con-full e-flex e-con e-child\" data-id=\"e9c9652\" data-element_type=\"container\">\n\t\t\t\t<div class=\"elementor-element elementor-element-44b8e9b elementor-widget elementor-widget-image\" data-id=\"44b8e9b\" data-element_type=\"widget\" data-widget_type=\"image.default\">\n\t\t\t\t\t\t\t\t\t\t\t\t\t\t\t\t<a href=\"https:\/\/vsgleisbau.ch\/\" target=\"_blank\">\n\t\t\t\t\t\t\t<img loading=\"lazy\" decoding=\"async\" width=\"300\" height=\"300\" src=\"https:\/\/vsbtu.possodo.ch\/wp-content\/uploads\/2025\/12\/VSG-Logo2-300x300.jpg\" class=\"attachment-medium size-medium wp-image-7077\" alt=\"\" srcset=\"https:\/\/vsbtu.possodo.ch\/wp-content\/uploads\/2025\/12\/VSG-Logo2-300x300.jpg 300w, https:\/\/vsbtu.possodo.ch\/wp-content\/uploads\/2025\/12\/VSG-Logo2-1024x1024.jpg 1024w, https:\/\/vsbtu.possodo.ch\/wp-content\/uploads\/2025\/12\/VSG-Logo2-150x150.jpg 150w, https:\/\/vsbtu.possodo.ch\/wp-content\/uploads\/2025\/12\/VSG-Logo2-768x768.jpg 768w, https:\/\/vsbtu.possodo.ch\/wp-content\/uploads\/2025\/12\/VSG-Logo2-85x85.jpg 85w, https:\/\/vsbtu.possodo.ch\/wp-content\/uploads\/2025\/12\/VSG-Logo2-1536x1536.jpg 1536w, https:\/\/vsbtu.possodo.ch\/wp-content\/uploads\/2025\/12\/VSG-Logo2-2048x2048.jpg 2048w, https:\/\/vsbtu.possodo.ch\/wp-content\/uploads\/2025\/12\/VSG-Logo2-580x580.jpg 580w\" sizes=\"(max-width: 300px) 100vw, 300px\" \/>\t\t\t\t\t\t\t\t<\/a>\n\t\t\t\t\t\t\t\t\t\t\t\t\t\t\t<\/div>\n\t\t\t\t<\/div>\n\t\t<div class=\"elementor-element elementor-element-e63bc16 e-con-full e-flex e-con e-child\" data-id=\"e63bc16\" data-element_type=\"container\">\n\t\t\t\t<\/div>\n\t\t\t\t<\/div>\n\t\t\t\t\t<\/div>\n\t\t\t\t<\/div>\n\t\t\t\t<\/div>\n\t\t\t\t<\/div>\n\t\t","protected":false},"excerpt":{"rendered":"<p>R\u00e9seaux En tant qu&#8217;association d&#8217;entreprises suisses de technologies ferroviaires, nous sommes \u00e9troitement li\u00e9s aux principales associations des secteurs de la construction, du ferroviaire, des transports publics et de la normalisation. Ces affiliations nous mettent en relation avec les acteurs cl\u00e9s de l&#8217;ensemble de la cha\u00eene de valeur, de la planification et la construction \u00e0 la&#8230;<\/p>\n","protected":false},"author":1,"featured_media":0,"parent":7080,"menu_order":0,"comment_status":"closed","ping_status":"closed","template":"template-builder.php","meta":{"footnotes":""},"class_list":["post-7082","page","type-page","status-publish","hentry"],"_links":{"self":[{"href":"https:\/\/vsbtu.possodo.ch\/fr\/wp-json\/wp\/v2\/pages\/7082","targetHints":{"allow":["GET"]}}],"collection":[{"href":"https:\/\/vsbtu.possodo.ch\/fr\/wp-json\/wp\/v2\/pages"}],"about":[{"href":"https:\/\/vsbtu.possodo.ch\/fr\/wp-json\/wp\/v2\/types\/page"}],"author":[{"embeddable":true,"href":"https:\/\/vsbtu.possodo.ch\/fr\/wp-json\/wp\/v2\/users\/1"}],"replies":[{"embeddable":true,"href":"https:\/\/vsbtu.possodo.ch\/fr\/wp-json\/wp\/v2\/comments?post=7082"}],"version-history":[{"count":4,"href":"https:\/\/vsbtu.possodo.ch\/fr\/wp-json\/wp\/v2\/pages\/7082\/revisions"}],"predecessor-version":[{"id":7122,"href":"https:\/\/vsbtu.possodo.ch\/fr\/wp-json\/wp\/v2\/pages\/7082\/revisions\/7122"}],"up":[{"embeddable":true,"href":"https:\/\/vsbtu.possodo.ch\/fr\/wp-json\/wp\/v2\/pages\/7080"}],"wp:attachment":[{"href":"https:\/\/vsbtu.possodo.ch\/fr\/wp-json\/wp\/v2\/media?parent=7082"}],"curies":[{"name":"wp","href":"https:\/\/api.w.org\/{rel}","templated":true}]}}